{"id":1189,"date":"2025-07-28T13:47:24","date_gmt":"2025-07-28T11:47:24","guid":{"rendered":"https:\/\/spelmarium.com\/?page_id=1189"},"modified":"2025-07-28T18:14:57","modified_gmt":"2025-07-28T16:14:57","slug":"politica-de-cookies","status":"publish","type":"page","link":"https:\/\/spelmarium.com\/es\/politica-de-cookies\/","title":{"rendered":"Pol\u00edtica de cookies"},"content":{"rendered":"<h2>Pol\u00edtica de cookies<\/h2>\n<h4>1. \u00bfQu\u00e9 son las Cookies?<\/h4>\n<p>Una cookie es un archivo que se descarga en su ordenador al acceder a determinadas p\u00e1ginas web.\nLas cookies permiten a una p\u00e1gina web, entre otras cosas, almacenar y recuperar informaci\u00f3n sobre los h\u00e1bitos de navegaci\u00f3n de un usuario o de su equipo y, dependiendo de la informaci\u00f3n que contengan y de la forma en que utilice su equipo, pueden utilizarse para reconocer al usuario.<\/p>\n<h4>2. Tipos de Cookies Utilizadas en www.spelmarium.com<\/h4>\n<p>Este sitio web utiliza los siguientes tipos de cookies:<\/p>\n<ul>\n<li>\n<p><b>Cookies t\u00e9cnicas:<\/b> Son aquellas que permiten al usuario la navegaci\u00f3n a trav\u00e9s de una p\u00e1gina web, plataforma o aplicaci\u00f3n y la utilizaci\u00f3n de las diferentes opciones o servicios que en ella existan, como por ejemplo, controlar el tr\u00e1fico y la comunicaci\u00f3n de datos, identificar la sesi\u00f3n, acceder a partes de acceso restringido, recordar los elementos que integran un pedido, realizar el proceso de compra de un pedido, realizar la solicitud de inscripci\u00f3n o participaci\u00f3n en un evento, utilizar elementos de seguridad durante la navegaci\u00f3n, almacenar contenidos para la difusi\u00f3n de v\u00eddeos o sonido o compartir contenidos a trav\u00e9s de redes sociales.<\/p>\n<\/li>\n<li>\n<p><b>Cookies de personalizaci\u00f3n:<\/b> Son aquellas que permiten al usuario acceder al servicio con algunas caracter\u00edsticas de car\u00e1cter general predefinidas en funci\u00f3n de una serie de criterios en el terminal del usuario, como ser\u00edan el idioma, el tipo de navegador a trav\u00e9s del cual accede al servicio, la configuraci\u00f3n regional desde donde accede al servicio, etc.<\/p>\n<\/li>\n<li>\n<p><b>Cookies de an\u00e1lisis:<\/b> Son aquellas que, bien tratadas por nosotros o por terceros, nos permiten cuantificar el n\u00famero de usuarios y as\u00ed realizar la medici\u00f3n y an\u00e1lisis estad\u00edstico de la utilizaci\u00f3n que hacen los usuarios del servicio ofertado.\nPara ello se analiza su navegaci\u00f3n en nuestra p\u00e1gina web con el fin de mejorar la oferta de productos o servicios que le ofrecemos.<\/p>\n<ul>\n<li>\n<p><b>Google Analytics:<\/b> Este sitio web utiliza Google Analytics, un servicio de anal\u00edtica web prestado por Google, Inc. Google Analytics utiliza \u201ccookies\u201d para ayudar al sitio web a analizar el uso que hacen los usuarios del mismo. La informaci\u00f3n generada por la cookie sobre su uso del sitio web (incluyendo su direcci\u00f3n IP) ser\u00e1 directamente transmitida y archivada por Google en los servidores de Estados Unidos.<\/p>\n<\/li>\n<\/ul>\n<\/li>\n<li>\n<p><b>Cookies de publicidad comportamental:<\/b> Son aquellas que permiten la gesti\u00f3n, de la forma m\u00e1s eficaz posible, de los espacios publicitarios que, en su caso, el editor haya incluido en una p\u00e1gina web, aplicaci\u00f3n o plataforma desde la que se presta el servicio solicitado.\nEstas cookies almacenan informaci\u00f3n sobre el comportamiento de los usuarios obtenida a trav\u00e9s de la observaci\u00f3n continuada de sus h\u00e1bitos de navegaci\u00f3n, lo que permite desarrollar un perfil espec\u00edfico para mostrar publicidad en funci\u00f3n del mismo.<\/p>\n<\/li>\n<\/ul>\n<h4>3. Gesti\u00f3n de las Cookies<\/h4>\n<p>Usted puede permitir, bloquear o eliminar las cookies instaladas en su equipo mediante la configuraci\u00f3n de las opciones del navegador instalado en su ordenador.\nEn caso de bloquear el uso de cookies en su navegador, es posible que algunos servicios o funcionalidades del sitio web no est\u00e9n disponibles.<\/p>\n<ul>\n<li>\n<p><b>Chrome:<\/b> <a href=\"https:\/\/support.google.com\/chrome\/answer\/95647?hl=es\" target=\"_blank\" rel=\"noopener\">https:\/\/support.google.com\/chrome\/answer\/95647?hl=es<\/a><\/p>\n<\/li>\n<li>\n<p><b>Firefox:<\/b> <a href=\"https:\/\/support.mozilla.org\/es\/kb\/habilitar-y-deshabilitar-cookies-que-los-sitios-we\" target=\"_blank\" rel=\"noopener\">https:\/\/support.mozilla.org\/es\/kb\/habilitar-y-deshabilitar-cookies-que-los-sitios-we<\/a><\/p>\n<\/li>\n<li>\n<p><b>Safari:<\/b> <a href=\"https:\/\/www.google.com\/search?q=https:\/\/support.apple.com\/es-es\/guide\/safari\/sfri11471\/mac\" target=\"_blank\" rel=\"noopener\">https:\/\/support.apple.com\/es-es\/guide\/safari\/sfri11471\/mac<\/a><\/p>\n<\/li>\n<li>\n<p><b>Edge:<\/b> <a href=\"https:\/\/support.microsoft.com\/es-es\/windows\/eliminar-y-administrar-cookies-168dab11-0753-043d-7c16-ede5947fc64d\" target=\"_blank\" rel=\"noopener\">https:\/\/support.microsoft.com\/es-es\/windows\/eliminar-y-administrar-cookies-168dab11-0753-043d-7c16-ede5947fc64d<\/a><\/p>\n<\/li>\n<\/ul>\n<p>Si no desea ser rastreado por Google Analytics en todas las p\u00e1ginas web, visite: <a href=\"https:\/\/tools.google.com\/dlpage\/gaoptout?hl=es\" target=\"_blank\" rel=\"noopener\">https:\/\/tools.google.com\/dlpage\/gaoptout?hl=es<\/a><\/p>\n<h4>4. Consentimiento de Cookies<\/h4>\n<p>Al navegar y continuar en nuestro sitio web, estar\u00e1 consintiendo el uso de las cookies anteriormente mencionadas y en las condiciones contenidas en la presente Pol\u00edtica de Cookies.<\/p>\n<p>Spelmarium utiliza un banner de cookies (Consent Mode) que permite al usuario gestionar sus preferencias de cookies en el primer acceso.<\/p>\n<h4>5. Actualizaci\u00f3n de la Pol\u00edtica de Cookies<\/h4>\n<p>Spelmarium se reserva el derecho de modificar esta Pol\u00edtica de Cookies en cualquier momento, por lo que se recomienda revisarla peri\u00f3dicamente para estar debidamente informado sobre el uso de las cookies.<\/p>","protected":false},"excerpt":{"rendered":"<p>Pol\u00edtica de cookies 1. Qu\u00e8 s\u00f3n les Cookies? Una cookie \u00e9s un fitxer que es descarrega al seu ordinador en accedir a determinades p\u00e0gines web. Les cookies permeten a una p\u00e0gina web, entre d&#8217;altres coses, emmagatzemar i recuperar informaci\u00f3 sobre els h\u00e0bits de navegaci\u00f3 d&#8217;un usuari o del seu equip i, depenent de la informaci\u00f3 [&#8230;]\n","protected":false},"author":1,"featured_media":0,"parent":0,"menu_order":0,"comment_status":"closed","ping_status":"closed","template":"","meta":{"footnotes":""},"class_list":["post-1189","page","type-page","status-publish","hentry"],"yoast_head":"<!-- This site is optimized with the Yoast SEO plugin v27.2 - https:\/\/yoast.com\/product\/yoast-seo-wordpress\/ -->\n<title>Pol\u00edtica de cookies - Spelmarium<\/title>\n<meta name=\"robots\" content=\"index, follow, max-snippet:-1, max-image-preview:large, max-video-preview:-1\" \/>\n<link rel=\"canonical\" href=\"https:\/\/spelmarium.com\/es\/politica-de-cookies\/\" \/>\n<meta property=\"og:locale\" content=\"es_ES\" \/>\n<meta property=\"og:type\" content=\"article\" \/>\n<meta property=\"og:title\" content=\"Pol\u00edtica de cookies - Spelmarium\" \/>\n<meta property=\"og:description\" content=\"Pol\u00edtica de cookies 1. Qu\u00e8 s\u00f3n les Cookies? Una cookie \u00e9s un fitxer que es descarrega al seu ordinador en accedir a determinades p\u00e0gines web. Les cookies permeten a una p\u00e0gina web, entre d&#8217;altres coses, emmagatzemar i recuperar informaci\u00f3 sobre els h\u00e0bits de navegaci\u00f3 d&#8217;un usuari o del seu equip i, depenent de la informaci\u00f3 [...]\" \/>\n<meta property=\"og:url\" content=\"https:\/\/spelmarium.com\/es\/politica-de-cookies\/\" \/>\n<meta property=\"og:site_name\" content=\"Spelmarium\" \/>\n<meta property=\"article:modified_time\" content=\"2025-07-28T16:14:57+00:00\" \/>\n<meta name=\"twitter:card\" content=\"summary_large_image\" \/>\n<meta name=\"twitter:label1\" content=\"Tiempo de lectura\" \/>\n\t<meta name=\"twitter:data1\" content=\"3 minutos\" \/>\n<script type=\"application\/ld+json\" class=\"yoast-schema-graph\">{\"@context\":\"https:\/\/schema.org\",\"@graph\":[{\"@type\":\"WebPage\",\"@id\":\"https:\/\/spelmarium.com\/es\/politica-de-cookies\/\",\"url\":\"https:\/\/spelmarium.com\/es\/politica-de-cookies\/\",\"name\":\"Pol\u00edtica de cookies - Spelmarium\",\"isPartOf\":{\"@id\":\"https:\/\/spelmarium.com\/es\/#website\"},\"datePublished\":\"2025-07-28T11:47:24+00:00\",\"dateModified\":\"2025-07-28T16:14:57+00:00\",\"breadcrumb\":{\"@id\":\"https:\/\/spelmarium.com\/es\/politica-de-cookies\/#breadcrumb\"},\"inLanguage\":\"es\",\"potentialAction\":[{\"@type\":\"ReadAction\",\"target\":[\"https:\/\/spelmarium.com\/es\/politica-de-cookies\/\"]}]},{\"@type\":\"BreadcrumbList\",\"@id\":\"https:\/\/spelmarium.com\/es\/politica-de-cookies\/#breadcrumb\",\"itemListElement\":[{\"@type\":\"ListItem\",\"position\":1,\"name\":\"Inici\",\"item\":\"https:\/\/spelmarium.com\/\"},{\"@type\":\"ListItem\",\"position\":2,\"name\":\"Pol\u00edtica de cookies\"}]},{\"@type\":\"WebSite\",\"@id\":\"https:\/\/spelmarium.com\/es\/#website\",\"url\":\"https:\/\/spelmarium.com\/es\/\",\"name\":\"Spelmarium\",\"description\":\"\",\"publisher\":{\"@id\":\"https:\/\/spelmarium.com\/es\/#organization\"},\"potentialAction\":[{\"@type\":\"SearchAction\",\"target\":{\"@type\":\"EntryPoint\",\"urlTemplate\":\"https:\/\/spelmarium.com\/es\/?s={search_term_string}\"},\"query-input\":{\"@type\":\"PropertyValueSpecification\",\"valueRequired\":true,\"valueName\":\"search_term_string\"}}],\"inLanguage\":\"es\"},{\"@type\":\"Organization\",\"@id\":\"https:\/\/spelmarium.com\/es\/#organization\",\"name\":\"Bisbal Tech\",\"url\":\"https:\/\/spelmarium.com\/es\/\",\"logo\":{\"@type\":\"ImageObject\",\"inLanguage\":\"es\",\"@id\":\"https:\/\/spelmarium.com\/es\/#\/schema\/logo\/image\/\",\"url\":\"https:\/\/spelmarium.com\/wp-content\/uploads\/2025\/08\/cropped-3.png\",\"contentUrl\":\"https:\/\/spelmarium.com\/wp-content\/uploads\/2025\/08\/cropped-3.png\",\"width\":252,\"height\":100,\"caption\":\"Bisbal Tech\"},\"image\":{\"@id\":\"https:\/\/spelmarium.com\/es\/#\/schema\/logo\/image\/\"},\"sameAs\":[\"https:\/\/instagram.com\/ladywassi\"]}]}<\/script>\n<!-- \/ Yoast SEO plugin. -->","yoast_head_json":{"title":"Pol\u00edtica de cookies - Spelmarium","robots":{"index":"index","follow":"follow","max-snippet":"max-snippet:-1","max-image-preview":"max-image-preview:large","max-video-preview":"max-video-preview:-1"},"canonical":"https:\/\/spelmarium.com\/es\/politica-de-cookies\/","og_locale":"es_ES","og_type":"article","og_title":"Pol\u00edtica de cookies - Spelmarium","og_description":"Pol\u00edtica de cookies 1. Qu\u00e8 s\u00f3n les Cookies? Una cookie \u00e9s un fitxer que es descarrega al seu ordinador en accedir a determinades p\u00e0gines web. Les cookies permeten a una p\u00e0gina web, entre d&#8217;altres coses, emmagatzemar i recuperar informaci\u00f3 sobre els h\u00e0bits de navegaci\u00f3 d&#8217;un usuari o del seu equip i, depenent de la informaci\u00f3 [...]","og_url":"https:\/\/spelmarium.com\/es\/politica-de-cookies\/","og_site_name":"Spelmarium","article_modified_time":"2025-07-28T16:14:57+00:00","twitter_card":"summary_large_image","twitter_misc":{"Tiempo de lectura":"3 minutos"},"schema":{"@context":"https:\/\/schema.org","@graph":[{"@type":"WebPage","@id":"https:\/\/spelmarium.com\/es\/politica-de-cookies\/","url":"https:\/\/spelmarium.com\/es\/politica-de-cookies\/","name":"Pol\u00edtica de cookies - Spelmarium","isPartOf":{"@id":"https:\/\/spelmarium.com\/es\/#website"},"datePublished":"2025-07-28T11:47:24+00:00","dateModified":"2025-07-28T16:14:57+00:00","breadcrumb":{"@id":"https:\/\/spelmarium.com\/es\/politica-de-cookies\/#breadcrumb"},"inLanguage":"es","potentialAction":[{"@type":"ReadAction","target":["https:\/\/spelmarium.com\/es\/politica-de-cookies\/"]}]},{"@type":"BreadcrumbList","@id":"https:\/\/spelmarium.com\/es\/politica-de-cookies\/#breadcrumb","itemListElement":[{"@type":"ListItem","position":1,"name":"Inici","item":"https:\/\/spelmarium.com\/"},{"@type":"ListItem","position":2,"name":"Pol\u00edtica de cookies"}]},{"@type":"WebSite","@id":"https:\/\/spelmarium.com\/es\/#website","url":"https:\/\/spelmarium.com\/es\/","name":"Spelmarium","description":"","publisher":{"@id":"https:\/\/spelmarium.com\/es\/#organization"},"potentialAction":[{"@type":"SearchAction","target":{"@type":"EntryPoint","urlTemplate":"https:\/\/spelmarium.com\/es\/?s={search_term_string}"},"query-input":{"@type":"PropertyValueSpecification","valueRequired":true,"valueName":"search_term_string"}}],"inLanguage":"es"},{"@type":"Organization","@id":"https:\/\/spelmarium.com\/es\/#organization","name":"Bisbal Tech","url":"https:\/\/spelmarium.com\/es\/","logo":{"@type":"ImageObject","inLanguage":"es","@id":"https:\/\/spelmarium.com\/es\/#\/schema\/logo\/image\/","url":"https:\/\/spelmarium.com\/wp-content\/uploads\/2025\/08\/cropped-3.png","contentUrl":"https:\/\/spelmarium.com\/wp-content\/uploads\/2025\/08\/cropped-3.png","width":252,"height":100,"caption":"Bisbal Tech"},"image":{"@id":"https:\/\/spelmarium.com\/es\/#\/schema\/logo\/image\/"},"sameAs":["https:\/\/instagram.com\/ladywassi"]}]}},"_links":{"self":[{"href":"https:\/\/spelmarium.com\/es\/wp-json\/wp\/v2\/pages\/1189","targetHints":{"allow":["GET"]}}],"collection":[{"href":"https:\/\/spelmarium.com\/es\/wp-json\/wp\/v2\/pages"}],"about":[{"href":"https:\/\/spelmarium.com\/es\/wp-json\/wp\/v2\/types\/page"}],"author":[{"embeddable":true,"href":"https:\/\/spelmarium.com\/es\/wp-json\/wp\/v2\/users\/1"}],"replies":[{"embeddable":true,"href":"https:\/\/spelmarium.com\/es\/wp-json\/wp\/v2\/comments?post=1189"}],"version-history":[{"count":7,"href":"https:\/\/spelmarium.com\/es\/wp-json\/wp\/v2\/pages\/1189\/revisions"}],"predecessor-version":[{"id":1239,"href":"https:\/\/spelmarium.com\/es\/wp-json\/wp\/v2\/pages\/1189\/revisions\/1239"}],"wp:attachment":[{"href":"https:\/\/spelmarium.com\/es\/wp-json\/wp\/v2\/media?parent=1189"}],"curies":[{"name":"wp","href":"https:\/\/api.w.org\/{rel}","templated":true}]}}