{"id":2109,"date":"2025-11-23T13:15:05","date_gmt":"2025-11-23T11:15:05","guid":{"rendered":"https:\/\/spelmarium.com\/?post_type=product&#038;p=2109"},"modified":"2025-12-07T14:47:15","modified_gmt":"2025-12-07T12:47:15","slug":"vela-bergamota-sandalo-envase-ecologico-corteza","status":"publish","type":"product","link":"https:\/\/spelmarium.com\/es\/producto\/vela-bergamota-sandalo-envase-ecologico-corteza\/","title":{"rendered":"Vela Bergamota &amp; S\u00e1ndalo \u2013 Envase Corteza Artesanal"},"content":{"rendered":"<p data-start=\"256\" data-end=\"527\">Esta vela de <strong data-start=\"275\" data-end=\"297\">Bergamota y S\u00e1ndalo<\/strong> es una pieza creada con mimo en nuestro taller, utilizando <strong data-start=\"355\" data-end=\"384\">cera de soja 100% vegetal<\/strong> y un <strong data-start=\"390\" data-end=\"415\">envase de estilo corteza<\/strong> elaborado a mano con resina ecol\u00f3gica y at\u00f3xica. El resultado es un producto sostenible, seguro y est\u00e9ticamente \u00fanico.<\/p>\n<p data-start=\"529\" data-end=\"840\">La fragancia combina la luminosidad c\u00edtrica de la bergamota con la calidez envolvente del s\u00e1ndalo, una mezcla que aporta paz, equilibrio y una sensaci\u00f3n de bienestar instant\u00e1nea a cualquier espacio. Es una vela ideal para momentos de calma, para decorar con un toque natural o para regalar artesan\u00eda de alta calidad.<\/p>\n<hr data-start=\"1084\" data-end=\"1087\" \/>\n<h2 data-start=\"1089\" data-end=\"1147\"><strong data-start=\"1092\" data-end=\"1147\">\u2728 Envase de Estilo \u201cCorteza\u201d, hecho con Resina Ecol\u00f3gica<\/strong><\/h2>\n<p data-start=\"1149\" data-end=\"1364\">Cada envase est\u00e1 creado artesanalmente con una resina ecol\u00f3gica, vegana y completamente at\u00f3xica.<br data-start=\"325\" data-end=\"328\" \/>El modelo \u201cCorteza\u201d destaca por su textura inspirada en la naturaleza y por el acabado \u00fanico de cada pieza.<br data-start=\"431\" data-end=\"434\" \/>Adem\u00e1s, es <strong data-start=\"444\" data-end=\"471\">totalmente reutilizable<\/strong>, ideal para darle una segunda vida como peque\u00f1o macetero, portaobjetos, decoraci\u00f3n o cualquier uso creativo que quieras darle.<\/p>\n<p data-start=\"1366\" data-end=\"1400\"><strong data-start=\"1366\" data-end=\"1400\">Caracter\u00edsticas del material:<\/strong><\/p>\n<ul data-start=\"1402\" data-end=\"1936\">\n<li data-start=\"1402\" data-end=\"1469\">\n<p data-start=\"1404\" data-end=\"1469\">\ud83c\udf31 <strong data-start=\"1407\" data-end=\"1422\">100% at\u00f3xico<\/strong>.<\/p>\n<\/li>\n<li data-start=\"1470\" data-end=\"1558\">\n<p data-start=\"1472\" data-end=\"1558\">\ud83c\udf0d <strong data-start=\"1475\" data-end=\"1508\">Respetuoso con el medio ambiente<\/strong>: libre de disolventes y qu\u00edmicos nocivos.<\/p>\n<\/li>\n<li data-start=\"1559\" data-end=\"1625\">\n<p data-start=\"1561\" data-end=\"1625\">\ud83d\udd25 <strong data-start=\"1564\" data-end=\"1600\">Resistente al calor hasta 120 \u00b0C<\/strong>, te permite mover la vela sin miedo a quemarte.<\/p>\n<\/li>\n<li data-start=\"1626\" data-end=\"1673\">\n<p data-start=\"1628\" data-end=\"1673\">\ud83d\udcaa Alta durabilidad y resistencia a los golpes.<\/p>\n<\/li>\n<li data-start=\"1626\" data-end=\"1673\">\ud83d\udd04 <strong data-start=\"865\" data-end=\"910\">Reutilizable y apto para m\u00faltiples usos.<\/strong><\/li>\n<\/ul>\n<hr data-start=\"1938\" data-end=\"1941\" \/>\n<h2 data-start=\"1943\" data-end=\"2012\"><strong data-start=\"1946\" data-end=\"2012\">\ud83d\udd6f\ufe0f Cera de Soja Premium \u2013 Combusti\u00f3n Limpia y Fragancia Duradera<\/strong><\/h2>\n<p data-start=\"2014\" data-end=\"2116\">Utilizamos cera de soja certificada de calidad superior, <strong data-start=\"2090\" data-end=\"2115\">100% de origen vegetal.<\/strong>.<\/p>\n<p data-start=\"2118\" data-end=\"2150\"><strong data-start=\"2118\" data-end=\"2150\">Beneficios de nuestra cera:<\/strong><\/p>\n<ul data-start=\"2151\" data-end=\"2601\">\n<li data-start=\"2151\" data-end=\"2181\">\n<p data-start=\"2153\" data-end=\"2181\">\ud83c\udf3f <em data-start=\"2156\" data-end=\"2179\">Vegana &amp; Cruelty Free.<\/em><\/p>\n<\/li>\n<li data-start=\"2182\" data-end=\"2220\">\n<p data-start=\"2184\" data-end=\"2220\">\ud83d\udcc4 Certificada REACH y <strong data-start=\"2207\" data-end=\"2217\">No GMO<\/strong>.<\/p>\n<\/li>\n<li data-start=\"2221\" data-end=\"2295\">\n<p data-start=\"2223\" data-end=\"2295\">\ud83d\udd25 Punto de fusi\u00f3n ideal para un quemado uniforme y seguro.<\/p>\n<\/li>\n<li data-start=\"2296\" data-end=\"2390\">\n<p data-start=\"2298\" data-end=\"2390\">\ud83c\udf2c\ufe0f <strong data-start=\"2302\" data-end=\"2342\">Gran capacidad de retener fragancias<\/strong>, logrando aromas m\u00e1s intensos y constantes.<\/p>\n<\/li>\n<li data-start=\"2543\" data-end=\"2601\">\n<p data-start=\"2545\" data-end=\"2601\">\u23f3 <strong data-start=\"2547\" data-end=\"2573\">Larga duraci\u00f3n<\/strong>.<\/p>\n<\/li>\n<\/ul>\n<hr data-start=\"2603\" data-end=\"2606\" \/>\n<h2 data-start=\"2608\" data-end=\"2651\"><strong data-start=\"2611\" data-end=\"2651\">\ud83c\udf1f \u00bfPor qu\u00e9 esta vela es especial?<\/strong><\/h2>\n<ul data-start=\"2652\" data-end=\"2927\">\n<li data-start=\"2652\" data-end=\"2689\">\n<p data-start=\"2654\" data-end=\"2689\">Elaborada 100% a mano, pieza a pieza.<\/p>\n<\/li>\n<li data-start=\"2690\" data-end=\"2742\">\n<p data-start=\"2692\" data-end=\"2742\">Materiales ecol\u00f3gicos, veganos y libres de t\u00f3xicos.<\/p>\n<\/li>\n<li data-start=\"2743\" data-end=\"2792\">\n<p data-start=\"2745\" data-end=\"2792\">Combinaci\u00f3n arom\u00e1tica envolvente y equilibrada.<\/p>\n<\/li>\n<li data-start=\"2793\" data-end=\"2866\">\n<p data-start=\"2795\" data-end=\"2866\">Envase decorativo y reutilizable con un dise\u00f1o inspirado en la naturaleza.<\/p>\n<\/li>\n<li data-start=\"2867\" data-end=\"2927\">\n<p data-start=\"2869\" data-end=\"2927\">Ideal para regalar o para disfrutar de momentos de calma en casa.<\/p>\n<\/li>\n<\/ul>","protected":false},"excerpt":{"rendered":"<p>Vela artesanal con aroma de <strong data-start=\"234\" data-end=\"256\">bergamota y s\u00e1ndalo,<\/strong>elaborada con <strong data-start=\"267\" data-end=\"296\">cera de soja 100% vegetal<\/strong> para una combusti\u00f3n limpia y duradera. Presentada en un <strong data-start=\"351\" data-end=\"385\">envase ecol\u00f3gico de estilo corteza<\/strong>, creado a mano con resina at\u00f3xica y sostenible. Un toque natural y elegante para llenar tu hogar de calma.<\/p>","protected":false},"featured_media":2089,"comment_status":"open","ping_status":"closed","template":"","meta":[],"product_brand":[],"product_cat":[46],"product_tag":[],"class_list":{"0":"post-2109","1":"product","2":"type-product","3":"status-publish","4":"has-post-thumbnail","6":"product_cat-envas","8":"first","9":"instock","10":"taxable","11":"shipping-taxable","12":"purchasable","13":"product-type-simple"},"yoast_head":"<!-- This site is optimized with the Yoast SEO plugin v27.2 - https:\/\/yoast.com\/product\/yoast-seo-wordpress\/ -->\n<title>Espelma artesanal Bergamota i S\u00e0ndal | Env\u00e0s ecol\u00f2gic d\u2019escor\u00e7a<\/title>\n<meta name=\"description\" content=\"Espelma artesanal de bergamota i s\u00e0ndal amb env\u00e0s ecol\u00f2gic d\u2019escor\u00e7a fet a m\u00e0. Aroma fresca i c\u00e0lida, cera de soja premium i disseny \u00fanic. Ideal per relaxar qualsevol espai.\" \/>\n<meta name=\"robots\" content=\"index, follow, max-snippet:-1, max-image-preview:large, max-video-preview:-1\" \/>\n<link rel=\"canonical\" href=\"https:\/\/spelmarium.com\/es\/producto\/vela-bergamota-sandalo-envase-ecologico-corteza\/\" \/>\n<meta property=\"og:locale\" content=\"es_ES\" \/>\n<meta property=\"og:type\" content=\"article\" \/>\n<meta property=\"og:title\" content=\"Espelma artesanal Bergamota i S\u00e0ndal | Env\u00e0s ecol\u00f2gic d\u2019escor\u00e7a\" \/>\n<meta property=\"og:description\" content=\"Espelma artesanal de bergamota i s\u00e0ndal amb env\u00e0s ecol\u00f2gic d\u2019escor\u00e7a fet a m\u00e0. Aroma fresca i c\u00e0lida, cera de soja premium i disseny \u00fanic. Ideal per relaxar qualsevol espai.\" \/>\n<meta property=\"og:url\" content=\"https:\/\/spelmarium.com\/es\/producto\/vela-bergamota-sandalo-envase-ecologico-corteza\/\" \/>\n<meta property=\"og:site_name\" content=\"Spelmarium\" \/>\n<meta property=\"article:modified_time\" content=\"2025-12-07T12:47:15+00:00\" \/>\n<meta property=\"og:image\" content=\"https:\/\/spelmarium.com\/wp-content\/uploads\/2025\/11\/Photoroom_20251115_184936.jpg\" \/>\n\t<meta property=\"og:image:width\" content=\"2048\" \/>\n\t<meta property=\"og:image:height\" content=\"2048\" \/>\n\t<meta property=\"og:image:type\" content=\"image\/jpeg\" \/>\n<meta name=\"twitter:card\" content=\"summary_large_image\" \/>\n<meta name=\"twitter:label1\" content=\"Tiempo de lectura\" \/>\n\t<meta name=\"twitter:data1\" content=\"2 minutos\" \/>\n<script type=\"application\/ld+json\" class=\"yoast-schema-graph\">{\"@context\":\"https:\/\/schema.org\",\"@graph\":[{\"@type\":\"WebPage\",\"@id\":\"https:\/\/spelmarium.com\/es\/producto\/vela-bergamota-sandalo-envase-ecologico-corteza\/\",\"url\":\"https:\/\/spelmarium.com\/es\/producto\/vela-bergamota-sandalo-envase-ecologico-corteza\/\",\"name\":\"Espelma artesanal Bergamota i S\u00e0ndal | Env\u00e0s ecol\u00f2gic d\u2019escor\u00e7a\",\"isPartOf\":{\"@id\":\"https:\/\/spelmarium.com\/es\/#website\"},\"primaryImageOfPage\":{\"@id\":\"https:\/\/spelmarium.com\/es\/producto\/vela-bergamota-sandalo-envase-ecologico-corteza\/#primaryimage\"},\"image\":{\"@id\":\"https:\/\/spelmarium.com\/es\/producto\/vela-bergamota-sandalo-envase-ecologico-corteza\/#primaryimage\"},\"thumbnailUrl\":\"https:\/\/spelmarium.com\/wp-content\/uploads\/2025\/11\/Photoroom_20251115_184936.jpg\",\"datePublished\":\"2025-11-23T11:15:05+00:00\",\"dateModified\":\"2025-12-07T12:47:15+00:00\",\"description\":\"Espelma artesanal de bergamota i s\u00e0ndal amb env\u00e0s ecol\u00f2gic d\u2019escor\u00e7a fet a m\u00e0. Aroma fresca i c\u00e0lida, cera de soja premium i disseny \u00fanic. Ideal per relaxar qualsevol espai.\",\"breadcrumb\":{\"@id\":\"https:\/\/spelmarium.com\/es\/producto\/vela-bergamota-sandalo-envase-ecologico-corteza\/#breadcrumb\"},\"inLanguage\":\"es\",\"potentialAction\":[{\"@type\":\"ReadAction\",\"target\":[\"https:\/\/spelmarium.com\/es\/producto\/vela-bergamota-sandalo-envase-ecologico-corteza\/\"]}]},{\"@type\":\"ImageObject\",\"inLanguage\":\"es\",\"@id\":\"https:\/\/spelmarium.com\/es\/producto\/vela-bergamota-sandalo-envase-ecologico-corteza\/#primaryimage\",\"url\":\"https:\/\/spelmarium.com\/wp-content\/uploads\/2025\/11\/Photoroom_20251115_184936.jpg\",\"contentUrl\":\"https:\/\/spelmarium.com\/wp-content\/uploads\/2025\/11\/Photoroom_20251115_184936.jpg\",\"width\":2048,\"height\":2048},{\"@type\":\"BreadcrumbList\",\"@id\":\"https:\/\/spelmarium.com\/es\/producto\/vela-bergamota-sandalo-envase-ecologico-corteza\/#breadcrumb\",\"itemListElement\":[{\"@type\":\"ListItem\",\"position\":1,\"name\":\"Inici\",\"item\":\"https:\/\/spelmarium.com\/\"},{\"@type\":\"ListItem\",\"position\":2,\"name\":\"Shop\",\"item\":\"https:\/\/spelmarium.com\/shop\/\"},{\"@type\":\"ListItem\",\"position\":3,\"name\":\"Espelma Bergamota &#038; S\u00e0ndal \u2013 Env\u00e0s Escor\u00e7a Artesanal\"}]},{\"@type\":\"WebSite\",\"@id\":\"https:\/\/spelmarium.com\/es\/#website\",\"url\":\"https:\/\/spelmarium.com\/es\/\",\"name\":\"Spelmarium\",\"description\":\"\",\"publisher\":{\"@id\":\"https:\/\/spelmarium.com\/es\/#organization\"},\"potentialAction\":[{\"@type\":\"SearchAction\",\"target\":{\"@type\":\"EntryPoint\",\"urlTemplate\":\"https:\/\/spelmarium.com\/es\/?s={search_term_string}\"},\"query-input\":{\"@type\":\"PropertyValueSpecification\",\"valueRequired\":true,\"valueName\":\"search_term_string\"}}],\"inLanguage\":\"es\"},{\"@type\":\"Organization\",\"@id\":\"https:\/\/spelmarium.com\/es\/#organization\",\"name\":\"Bisbal Tech\",\"url\":\"https:\/\/spelmarium.com\/es\/\",\"logo\":{\"@type\":\"ImageObject\",\"inLanguage\":\"es\",\"@id\":\"https:\/\/spelmarium.com\/es\/#\/schema\/logo\/image\/\",\"url\":\"https:\/\/spelmarium.com\/wp-content\/uploads\/2025\/08\/cropped-3.png\",\"contentUrl\":\"https:\/\/spelmarium.com\/wp-content\/uploads\/2025\/08\/cropped-3.png\",\"width\":252,\"height\":100,\"caption\":\"Bisbal Tech\"},\"image\":{\"@id\":\"https:\/\/spelmarium.com\/es\/#\/schema\/logo\/image\/\"},\"sameAs\":[\"https:\/\/instagram.com\/ladywassi\"]}]}<\/script>\n<!-- \/ Yoast SEO plugin. -->","yoast_head_json":{"title":"Espelma artesanal Bergamota i S\u00e0ndal | Env\u00e0s ecol\u00f2gic d\u2019escor\u00e7a","description":"Espelma artesanal de bergamota i s\u00e0ndal amb env\u00e0s ecol\u00f2gic d\u2019escor\u00e7a fet a m\u00e0. Aroma fresca i c\u00e0lida, cera de soja premium i disseny \u00fanic. Ideal per relaxar qualsevol espai.","robots":{"index":"index","follow":"follow","max-snippet":"max-snippet:-1","max-image-preview":"max-image-preview:large","max-video-preview":"max-video-preview:-1"},"canonical":"https:\/\/spelmarium.com\/es\/producto\/vela-bergamota-sandalo-envase-ecologico-corteza\/","og_locale":"es_ES","og_type":"article","og_title":"Espelma artesanal Bergamota i S\u00e0ndal | Env\u00e0s ecol\u00f2gic d\u2019escor\u00e7a","og_description":"Espelma artesanal de bergamota i s\u00e0ndal amb env\u00e0s ecol\u00f2gic d\u2019escor\u00e7a fet a m\u00e0. Aroma fresca i c\u00e0lida, cera de soja premium i disseny \u00fanic. Ideal per relaxar qualsevol espai.","og_url":"https:\/\/spelmarium.com\/es\/producto\/vela-bergamota-sandalo-envase-ecologico-corteza\/","og_site_name":"Spelmarium","article_modified_time":"2025-12-07T12:47:15+00:00","og_image":[{"width":2048,"height":2048,"url":"https:\/\/spelmarium.com\/wp-content\/uploads\/2025\/11\/Photoroom_20251115_184936.jpg","type":"image\/jpeg"}],"twitter_card":"summary_large_image","twitter_misc":{"Tiempo de lectura":"2 minutos"},"schema":{"@context":"https:\/\/schema.org","@graph":[{"@type":"WebPage","@id":"https:\/\/spelmarium.com\/es\/producto\/vela-bergamota-sandalo-envase-ecologico-corteza\/","url":"https:\/\/spelmarium.com\/es\/producto\/vela-bergamota-sandalo-envase-ecologico-corteza\/","name":"Espelma artesanal Bergamota i S\u00e0ndal | Env\u00e0s ecol\u00f2gic d\u2019escor\u00e7a","isPartOf":{"@id":"https:\/\/spelmarium.com\/es\/#website"},"primaryImageOfPage":{"@id":"https:\/\/spelmarium.com\/es\/producto\/vela-bergamota-sandalo-envase-ecologico-corteza\/#primaryimage"},"image":{"@id":"https:\/\/spelmarium.com\/es\/producto\/vela-bergamota-sandalo-envase-ecologico-corteza\/#primaryimage"},"thumbnailUrl":"https:\/\/spelmarium.com\/wp-content\/uploads\/2025\/11\/Photoroom_20251115_184936.jpg","datePublished":"2025-11-23T11:15:05+00:00","dateModified":"2025-12-07T12:47:15+00:00","description":"Espelma artesanal de bergamota i s\u00e0ndal amb env\u00e0s ecol\u00f2gic d\u2019escor\u00e7a fet a m\u00e0. Aroma fresca i c\u00e0lida, cera de soja premium i disseny \u00fanic. Ideal per relaxar qualsevol espai.","breadcrumb":{"@id":"https:\/\/spelmarium.com\/es\/producto\/vela-bergamota-sandalo-envase-ecologico-corteza\/#breadcrumb"},"inLanguage":"es","potentialAction":[{"@type":"ReadAction","target":["https:\/\/spelmarium.com\/es\/producto\/vela-bergamota-sandalo-envase-ecologico-corteza\/"]}]},{"@type":"ImageObject","inLanguage":"es","@id":"https:\/\/spelmarium.com\/es\/producto\/vela-bergamota-sandalo-envase-ecologico-corteza\/#primaryimage","url":"https:\/\/spelmarium.com\/wp-content\/uploads\/2025\/11\/Photoroom_20251115_184936.jpg","contentUrl":"https:\/\/spelmarium.com\/wp-content\/uploads\/2025\/11\/Photoroom_20251115_184936.jpg","width":2048,"height":2048},{"@type":"BreadcrumbList","@id":"https:\/\/spelmarium.com\/es\/producto\/vela-bergamota-sandalo-envase-ecologico-corteza\/#breadcrumb","itemListElement":[{"@type":"ListItem","position":1,"name":"Inici","item":"https:\/\/spelmarium.com\/"},{"@type":"ListItem","position":2,"name":"Shop","item":"https:\/\/spelmarium.com\/shop\/"},{"@type":"ListItem","position":3,"name":"Espelma Bergamota &#038; S\u00e0ndal \u2013 Env\u00e0s Escor\u00e7a Artesanal"}]},{"@type":"WebSite","@id":"https:\/\/spelmarium.com\/es\/#website","url":"https:\/\/spelmarium.com\/es\/","name":"Spelmarium","description":"","publisher":{"@id":"https:\/\/spelmarium.com\/es\/#organization"},"potentialAction":[{"@type":"SearchAction","target":{"@type":"EntryPoint","urlTemplate":"https:\/\/spelmarium.com\/es\/?s={search_term_string}"},"query-input":{"@type":"PropertyValueSpecification","valueRequired":true,"valueName":"search_term_string"}}],"inLanguage":"es"},{"@type":"Organization","@id":"https:\/\/spelmarium.com\/es\/#organization","name":"Bisbal Tech","url":"https:\/\/spelmarium.com\/es\/","logo":{"@type":"ImageObject","inLanguage":"es","@id":"https:\/\/spelmarium.com\/es\/#\/schema\/logo\/image\/","url":"https:\/\/spelmarium.com\/wp-content\/uploads\/2025\/08\/cropped-3.png","contentUrl":"https:\/\/spelmarium.com\/wp-content\/uploads\/2025\/08\/cropped-3.png","width":252,"height":100,"caption":"Bisbal Tech"},"image":{"@id":"https:\/\/spelmarium.com\/es\/#\/schema\/logo\/image\/"},"sameAs":["https:\/\/instagram.com\/ladywassi"]}]}},"_links":{"self":[{"href":"https:\/\/spelmarium.com\/es\/wp-json\/wp\/v2\/product\/2109","targetHints":{"allow":["GET"]}}],"collection":[{"href":"https:\/\/spelmarium.com\/es\/wp-json\/wp\/v2\/product"}],"about":[{"href":"https:\/\/spelmarium.com\/es\/wp-json\/wp\/v2\/types\/product"}],"replies":[{"embeddable":true,"href":"https:\/\/spelmarium.com\/es\/wp-json\/wp\/v2\/comments?post=2109"}],"wp:featuredmedia":[{"embeddable":true,"href":"https:\/\/spelmarium.com\/es\/wp-json\/wp\/v2\/media\/2089"}],"wp:attachment":[{"href":"https:\/\/spelmarium.com\/es\/wp-json\/wp\/v2\/media?parent=2109"}],"wp:term":[{"taxonomy":"product_brand","embeddable":true,"href":"https:\/\/spelmarium.com\/es\/wp-json\/wp\/v2\/product_brand?post=2109"},{"taxonomy":"product_cat","embeddable":true,"href":"https:\/\/spelmarium.com\/es\/wp-json\/wp\/v2\/product_cat?post=2109"},{"taxonomy":"product_tag","embeddable":true,"href":"https:\/\/spelmarium.com\/es\/wp-json\/wp\/v2\/product_tag?post=2109"}],"curies":[{"name":"wp","href":"https:\/\/api.w.org\/{rel}","templated":true}]}}