{"id":2114,"date":"2025-11-23T18:05:14","date_gmt":"2025-11-23T16:05:14","guid":{"rendered":"https:\/\/spelmarium.com\/?post_type=product&#038;p=2114"},"modified":"2025-12-07T14:46:42","modified_gmt":"2025-12-07T12:46:42","slug":"vela-eucalipto-envase-espiral-artesanal","status":"publish","type":"product","link":"https:\/\/spelmarium.com\/es\/producto\/vela-eucalipto-envase-espiral-artesanal\/","title":{"rendered":"Vela Eucalipto \u2013 Envase Espiral Artesanal"},"content":{"rendered":"<p data-start=\"605\" data-end=\"1047\">Esta vela de<strong data-start=\"623\" data-end=\"637\">Eucalipto<\/strong> destaca por su aroma fresco y purificante, perfecta para crear un ambiente limpio, revitalizante y relajante en cualquier rinc\u00f3n del hogar. Elaborada con <strong data-start=\"788\" data-end=\"817\">cera de soja 100% vegetal<\/strong> y presentada en un <strong data-start=\"837\" data-end=\"854\">envase espiral<\/strong> hecho a mano con resina ecol\u00f3gica y at\u00f3xica, es una pieza natural, segura y sostenible que combina aromaterapia y decoraci\u00f3n artesanal. Ideal para quienes buscan calma, claridad y una sensaci\u00f3n de bienestar profundo.<\/p>\n<p data-start=\"1206\" data-end=\"1460\">Esta vela de<strong data-start=\"1224\" data-end=\"1238\">Eucalipto<\/strong> es una pieza creada con mimo en nuestro taller, utilizando cera de soja 100% vegetal y un envase de estilo espiral elaborado a mano con resina ecol\u00f3gica y at\u00f3xica. El resultado es un producto sostenible, seguro y est\u00e9ticamente \u00fanico.<\/p>\n<p data-start=\"1462\" data-end=\"1777\">El aroma de eucalipto aporta una sensaci\u00f3n inmediata de frescor, limpieza y bienestar. Sus notas herbales y ligeramente mentoladas relajan, purifican y generan una atm\u00f3sfera agradable y armoniosa. Es una vela ideal para momentos de calma, para refrescar el ambiente o para regalar artesan\u00eda de alta calidad.<\/p>\n<hr data-start=\"1084\" data-end=\"1087\" \/>\n<h2 data-start=\"1089\" data-end=\"1147\"><strong data-start=\"1092\" data-end=\"1147\">\u2728 Envase de Estilo \u201cEspiral\u201d, hecho con Resina Ecol\u00f3gica<\/strong><\/h2>\n<p data-start=\"1905\" data-end=\"2366\">Cada envase est\u00e1 creado artesanalmente con una resina ecol\u00f3gica, vegana y completamente at\u00f3xica.<br data-start=\"1997\" data-end=\"2000\" \/>El modelo <strong data-start=\"2009\" data-end=\"2022\">\u201cEspiral\u201d<\/strong> destaca por su dise\u00f1o fluido y org\u00e1nico, inspirado en formas naturales y en el movimiento. Cada pieza es \u00fanica y convierte la vela en un objeto decorativo exclusivo.<br data-start=\"2202\" data-end=\"2205\" \/>Adem\u00e1s, es totalmente <strong data-start=\"2225\" data-end=\"2242\">reutilizable<\/strong>, ideal para darle una segunda vida como peque\u00f1o macetero, portaobjetos, decoraci\u00f3n o cualquier uso creativo que quieras darle.<\/p>\n<p data-start=\"1366\" data-end=\"1400\"><strong data-start=\"1366\" data-end=\"1400\">Caracter\u00edsticas del material:<\/strong><\/p>\n<ul data-start=\"1402\" data-end=\"1936\">\n<li data-start=\"1402\" data-end=\"1469\">\n<p data-start=\"1404\" data-end=\"1469\">\ud83c\udf31 <strong data-start=\"1407\" data-end=\"1422\">100% at\u00f3xico<\/strong>.<\/p>\n<\/li>\n<li data-start=\"1470\" data-end=\"1558\">\n<p data-start=\"1472\" data-end=\"1558\">\ud83c\udf0d <strong data-start=\"1475\" data-end=\"1508\">Respetuoso con el medio ambiente<\/strong>: libre de disolventes y qu\u00edmicos nocivos.<\/p>\n<\/li>\n<li data-start=\"1559\" data-end=\"1625\">\n<p data-start=\"1561\" data-end=\"1625\">\ud83d\udd25 <strong data-start=\"1564\" data-end=\"1600\">Resistente al calor hasta 120 \u00b0C<\/strong>, te permite mover la vela sin miedo a quemarte.<\/p>\n<\/li>\n<li data-start=\"1626\" data-end=\"1673\">\n<p data-start=\"1628\" data-end=\"1673\">\ud83d\udcaa Alta durabilidad y resistencia a los golpes.<\/p>\n<\/li>\n<li data-start=\"1626\" data-end=\"1673\">\ud83d\udd04 <strong data-start=\"865\" data-end=\"910\">Reutilizable y apto para m\u00faltiples usos.<\/strong><\/li>\n<\/ul>\n<hr data-start=\"1938\" data-end=\"1941\" \/>\n<h2 data-start=\"1943\" data-end=\"2012\"><strong data-start=\"1946\" data-end=\"2012\">\ud83d\udd6f\ufe0f Cera de Soja Premium \u2013 Combusti\u00f3n Limpia y Fragancia Duradera<\/strong><\/h2>\n<p data-start=\"2014\" data-end=\"2116\">Utilizamos cera de soja certificada de calidad superior, <strong data-start=\"2090\" data-end=\"2115\">100% de origen vegetal.<\/strong>.<\/p>\n<p data-start=\"2118\" data-end=\"2150\"><strong data-start=\"2118\" data-end=\"2150\">Beneficios de nuestra cera:<\/strong><\/p>\n<ul data-start=\"2151\" data-end=\"2601\">\n<li data-start=\"2151\" data-end=\"2181\">\n<p data-start=\"2153\" data-end=\"2181\">\ud83c\udf3f <em data-start=\"2156\" data-end=\"2179\">Vegana &amp; Cruelty Free.<\/em><\/p>\n<\/li>\n<li data-start=\"2182\" data-end=\"2220\">\n<p data-start=\"2184\" data-end=\"2220\">\ud83d\udcc4 Certificada REACH y <strong data-start=\"2207\" data-end=\"2217\">No GMO<\/strong>.<\/p>\n<\/li>\n<li data-start=\"2221\" data-end=\"2295\">\n<p data-start=\"2223\" data-end=\"2295\">\ud83d\udd25 Punto de fusi\u00f3n ideal para un quemado uniforme y seguro.<\/p>\n<\/li>\n<li data-start=\"2296\" data-end=\"2390\">\n<p data-start=\"2298\" data-end=\"2390\">\ud83c\udf2c\ufe0f <strong data-start=\"2302\" data-end=\"2342\">Gran capacidad de retener fragancias<\/strong>, logrando aromas m\u00e1s intensos y constantes.<\/p>\n<\/li>\n<li data-start=\"2543\" data-end=\"2601\">\n<p data-start=\"2545\" data-end=\"2601\">\u23f3 <strong data-start=\"2547\" data-end=\"2573\">Larga duraci\u00f3n<\/strong>.<\/p>\n<\/li>\n<\/ul>\n<hr data-start=\"2603\" data-end=\"2606\" \/>\n<h2 data-start=\"2608\" data-end=\"2651\"><strong data-start=\"2611\" data-end=\"2651\">\ud83c\udf1f \u00bfPor qu\u00e9 esta vela es especial?<\/strong><\/h2>\n<ul data-start=\"2652\" data-end=\"2927\">\n<li data-start=\"2652\" data-end=\"2689\">\n<p data-start=\"2654\" data-end=\"2689\">Elaborada 100% a mano, pieza a pieza.<\/p>\n<\/li>\n<li data-start=\"2690\" data-end=\"2742\">\n<p data-start=\"2692\" data-end=\"2742\">Materiales ecol\u00f3gicos, veganos y libres de t\u00f3xicos.<\/p>\n<\/li>\n<li data-start=\"2743\" data-end=\"2792\">\n<p data-start=\"2745\" data-end=\"2792\">Combinaci\u00f3n arom\u00e1tica envolvente y equilibrada.<\/p>\n<\/li>\n<li data-start=\"2793\" data-end=\"2866\">\n<p data-start=\"2795\" data-end=\"2866\">Envase decorativo y reutilizable con un dise\u00f1o inspirado en la naturaleza.<\/p>\n<\/li>\n<li data-start=\"2867\" data-end=\"2927\">\n<p data-start=\"2869\" data-end=\"2927\">Ideal para regalar o para disfrutar de momentos de calma en casa.<\/p>\n<\/li>\n<\/ul>","protected":false},"excerpt":{"rendered":"<p data-start=\"3961\" data-end=\"4211\">Vela artesanal<strong data-start=\"3981\" data-end=\"3995\">Hoguera de Oto\u00f1o<\/strong>, elaborada con cera de soja 100% vegetal para una combusti\u00f3n limpia y duradera. Envase <strong data-start=\"4075\" data-end=\"4095\">espiral ecol\u00f3gico<\/strong>, hecho a mano con resina at\u00f3xica y reutilizable. Aporta frescor, claridad y un ambiente purificante a tu hogar.<\/p>","protected":false},"featured_media":2091,"comment_status":"open","ping_status":"closed","template":"","meta":[],"product_brand":[],"product_cat":[46],"product_tag":[],"class_list":{"0":"post-2114","1":"product","2":"type-product","3":"status-publish","4":"has-post-thumbnail","6":"product_cat-envas","8":"first","9":"instock","10":"taxable","11":"shipping-taxable","12":"purchasable","13":"product-type-variable"},"yoast_head":"<!-- This site is optimized with the Yoast SEO plugin v27.2 - https:\/\/yoast.com\/product\/yoast-seo-wordpress\/ -->\n<title>Espelma Eucaliptus \u2013 Env\u00e0s Espiral Artesanal<\/title>\n<meta name=\"description\" content=\"Espelma artesanal d\u2019eucaliptus amb cera de soja 100% vegetal i env\u00e0s espiral de resina ecol\u00f2gica. Aroma fresca i purificant en un disseny \u00fanic, sostenible i reutilitzable. Ideal per crear calma i benestar a casa.\" \/>\n<meta name=\"robots\" content=\"index, follow, max-snippet:-1, max-image-preview:large, max-video-preview:-1\" \/>\n<link rel=\"canonical\" href=\"https:\/\/spelmarium.com\/es\/producto\/vela-eucalipto-envase-espiral-artesanal\/\" \/>\n<meta property=\"og:locale\" content=\"es_ES\" \/>\n<meta property=\"og:type\" content=\"article\" \/>\n<meta property=\"og:title\" content=\"Espelma Eucaliptus \u2013 Env\u00e0s Espiral Artesanal\" \/>\n<meta property=\"og:description\" content=\"Espelma artesanal d\u2019eucaliptus amb cera de soja 100% vegetal i env\u00e0s espiral de resina ecol\u00f2gica. Aroma fresca i purificant en un disseny \u00fanic, sostenible i reutilitzable. Ideal per crear calma i benestar a casa.\" \/>\n<meta property=\"og:url\" content=\"https:\/\/spelmarium.com\/es\/producto\/vela-eucalipto-envase-espiral-artesanal\/\" \/>\n<meta property=\"og:site_name\" content=\"Spelmarium\" \/>\n<meta property=\"article:modified_time\" content=\"2025-12-07T12:46:42+00:00\" \/>\n<meta property=\"og:image\" content=\"https:\/\/spelmarium.com\/wp-content\/uploads\/2025\/11\/Photoroom_20251115_185525.jpg\" \/>\n\t<meta property=\"og:image:width\" content=\"2048\" \/>\n\t<meta property=\"og:image:height\" content=\"2048\" \/>\n\t<meta property=\"og:image:type\" content=\"image\/jpeg\" \/>\n<meta name=\"twitter:card\" content=\"summary_large_image\" \/>\n<meta name=\"twitter:label1\" content=\"Tiempo de lectura\" \/>\n\t<meta name=\"twitter:data1\" content=\"3 minutos\" \/>\n<script type=\"application\/ld+json\" class=\"yoast-schema-graph\">{\"@context\":\"https:\/\/schema.org\",\"@graph\":[{\"@type\":\"WebPage\",\"@id\":\"https:\/\/spelmarium.com\/es\/producto\/vela-eucalipto-envase-espiral-artesanal\/\",\"url\":\"https:\/\/spelmarium.com\/es\/producto\/vela-eucalipto-envase-espiral-artesanal\/\",\"name\":\"Espelma Eucaliptus \u2013 Env\u00e0s Espiral Artesanal\",\"isPartOf\":{\"@id\":\"https:\/\/spelmarium.com\/es\/#website\"},\"primaryImageOfPage\":{\"@id\":\"https:\/\/spelmarium.com\/es\/producto\/vela-eucalipto-envase-espiral-artesanal\/#primaryimage\"},\"image\":{\"@id\":\"https:\/\/spelmarium.com\/es\/producto\/vela-eucalipto-envase-espiral-artesanal\/#primaryimage\"},\"thumbnailUrl\":\"https:\/\/spelmarium.com\/wp-content\/uploads\/2025\/11\/Photoroom_20251115_185525.jpg\",\"datePublished\":\"2025-11-23T16:05:14+00:00\",\"dateModified\":\"2025-12-07T12:46:42+00:00\",\"description\":\"Espelma artesanal d\u2019eucaliptus amb cera de soja 100% vegetal i env\u00e0s espiral de resina ecol\u00f2gica. Aroma fresca i purificant en un disseny \u00fanic, sostenible i reutilitzable. Ideal per crear calma i benestar a casa.\",\"breadcrumb\":{\"@id\":\"https:\/\/spelmarium.com\/es\/producto\/vela-eucalipto-envase-espiral-artesanal\/#breadcrumb\"},\"inLanguage\":\"es\",\"potentialAction\":[{\"@type\":\"ReadAction\",\"target\":[\"https:\/\/spelmarium.com\/es\/producto\/vela-eucalipto-envase-espiral-artesanal\/\"]}]},{\"@type\":\"ImageObject\",\"inLanguage\":\"es\",\"@id\":\"https:\/\/spelmarium.com\/es\/producto\/vela-eucalipto-envase-espiral-artesanal\/#primaryimage\",\"url\":\"https:\/\/spelmarium.com\/wp-content\/uploads\/2025\/11\/Photoroom_20251115_185525.jpg\",\"contentUrl\":\"https:\/\/spelmarium.com\/wp-content\/uploads\/2025\/11\/Photoroom_20251115_185525.jpg\",\"width\":2048,\"height\":2048},{\"@type\":\"BreadcrumbList\",\"@id\":\"https:\/\/spelmarium.com\/es\/producto\/vela-eucalipto-envase-espiral-artesanal\/#breadcrumb\",\"itemListElement\":[{\"@type\":\"ListItem\",\"position\":1,\"name\":\"Inici\",\"item\":\"https:\/\/spelmarium.com\/\"},{\"@type\":\"ListItem\",\"position\":2,\"name\":\"Shop\",\"item\":\"https:\/\/spelmarium.com\/shop\/\"},{\"@type\":\"ListItem\",\"position\":3,\"name\":\"Espelma Eucaliptus \u2013 Env\u00e0s Espiral Artesanal\"}]},{\"@type\":\"WebSite\",\"@id\":\"https:\/\/spelmarium.com\/es\/#website\",\"url\":\"https:\/\/spelmarium.com\/es\/\",\"name\":\"Spelmarium\",\"description\":\"\",\"publisher\":{\"@id\":\"https:\/\/spelmarium.com\/es\/#organization\"},\"potentialAction\":[{\"@type\":\"SearchAction\",\"target\":{\"@type\":\"EntryPoint\",\"urlTemplate\":\"https:\/\/spelmarium.com\/es\/?s={search_term_string}\"},\"query-input\":{\"@type\":\"PropertyValueSpecification\",\"valueRequired\":true,\"valueName\":\"search_term_string\"}}],\"inLanguage\":\"es\"},{\"@type\":\"Organization\",\"@id\":\"https:\/\/spelmarium.com\/es\/#organization\",\"name\":\"Bisbal Tech\",\"url\":\"https:\/\/spelmarium.com\/es\/\",\"logo\":{\"@type\":\"ImageObject\",\"inLanguage\":\"es\",\"@id\":\"https:\/\/spelmarium.com\/es\/#\/schema\/logo\/image\/\",\"url\":\"https:\/\/spelmarium.com\/wp-content\/uploads\/2025\/08\/cropped-3.png\",\"contentUrl\":\"https:\/\/spelmarium.com\/wp-content\/uploads\/2025\/08\/cropped-3.png\",\"width\":252,\"height\":100,\"caption\":\"Bisbal Tech\"},\"image\":{\"@id\":\"https:\/\/spelmarium.com\/es\/#\/schema\/logo\/image\/\"},\"sameAs\":[\"https:\/\/instagram.com\/ladywassi\"]}]}<\/script>\n<!-- \/ Yoast SEO plugin. -->","yoast_head_json":{"title":"Vela Eucalipto \u2013 Envase Espiral Artesanal","description":"Espelma artesanal d\u2019eucaliptus amb cera de soja 100% vegetal i env\u00e0s espiral de resina ecol\u00f2gica. Aroma fresca i purificant en un disseny \u00fanic, sostenible i reutilitzable. Ideal per crear calma i benestar a casa.","robots":{"index":"index","follow":"follow","max-snippet":"max-snippet:-1","max-image-preview":"max-image-preview:large","max-video-preview":"max-video-preview:-1"},"canonical":"https:\/\/spelmarium.com\/es\/producto\/vela-eucalipto-envase-espiral-artesanal\/","og_locale":"es_ES","og_type":"article","og_title":"Espelma Eucaliptus \u2013 Env\u00e0s Espiral Artesanal","og_description":"Espelma artesanal d\u2019eucaliptus amb cera de soja 100% vegetal i env\u00e0s espiral de resina ecol\u00f2gica. Aroma fresca i purificant en un disseny \u00fanic, sostenible i reutilitzable. Ideal per crear calma i benestar a casa.","og_url":"https:\/\/spelmarium.com\/es\/producto\/vela-eucalipto-envase-espiral-artesanal\/","og_site_name":"Spelmarium","article_modified_time":"2025-12-07T12:46:42+00:00","og_image":[{"width":2048,"height":2048,"url":"https:\/\/spelmarium.com\/wp-content\/uploads\/2025\/11\/Photoroom_20251115_185525.jpg","type":"image\/jpeg"}],"twitter_card":"summary_large_image","twitter_misc":{"Tiempo de lectura":"3 minutos"},"schema":{"@context":"https:\/\/schema.org","@graph":[{"@type":"WebPage","@id":"https:\/\/spelmarium.com\/es\/producto\/vela-eucalipto-envase-espiral-artesanal\/","url":"https:\/\/spelmarium.com\/es\/producto\/vela-eucalipto-envase-espiral-artesanal\/","name":"Vela Eucalipto \u2013 Envase Espiral Artesanal","isPartOf":{"@id":"https:\/\/spelmarium.com\/es\/#website"},"primaryImageOfPage":{"@id":"https:\/\/spelmarium.com\/es\/producto\/vela-eucalipto-envase-espiral-artesanal\/#primaryimage"},"image":{"@id":"https:\/\/spelmarium.com\/es\/producto\/vela-eucalipto-envase-espiral-artesanal\/#primaryimage"},"thumbnailUrl":"https:\/\/spelmarium.com\/wp-content\/uploads\/2025\/11\/Photoroom_20251115_185525.jpg","datePublished":"2025-11-23T16:05:14+00:00","dateModified":"2025-12-07T12:46:42+00:00","description":"Espelma artesanal d\u2019eucaliptus amb cera de soja 100% vegetal i env\u00e0s espiral de resina ecol\u00f2gica. Aroma fresca i purificant en un disseny \u00fanic, sostenible i reutilitzable. Ideal per crear calma i benestar a casa.","breadcrumb":{"@id":"https:\/\/spelmarium.com\/es\/producto\/vela-eucalipto-envase-espiral-artesanal\/#breadcrumb"},"inLanguage":"es","potentialAction":[{"@type":"ReadAction","target":["https:\/\/spelmarium.com\/es\/producto\/vela-eucalipto-envase-espiral-artesanal\/"]}]},{"@type":"ImageObject","inLanguage":"es","@id":"https:\/\/spelmarium.com\/es\/producto\/vela-eucalipto-envase-espiral-artesanal\/#primaryimage","url":"https:\/\/spelmarium.com\/wp-content\/uploads\/2025\/11\/Photoroom_20251115_185525.jpg","contentUrl":"https:\/\/spelmarium.com\/wp-content\/uploads\/2025\/11\/Photoroom_20251115_185525.jpg","width":2048,"height":2048},{"@type":"BreadcrumbList","@id":"https:\/\/spelmarium.com\/es\/producto\/vela-eucalipto-envase-espiral-artesanal\/#breadcrumb","itemListElement":[{"@type":"ListItem","position":1,"name":"Inici","item":"https:\/\/spelmarium.com\/"},{"@type":"ListItem","position":2,"name":"Shop","item":"https:\/\/spelmarium.com\/shop\/"},{"@type":"ListItem","position":3,"name":"Espelma Eucaliptus \u2013 Env\u00e0s Espiral Artesanal"}]},{"@type":"WebSite","@id":"https:\/\/spelmarium.com\/es\/#website","url":"https:\/\/spelmarium.com\/es\/","name":"Spelmarium","description":"","publisher":{"@id":"https:\/\/spelmarium.com\/es\/#organization"},"potentialAction":[{"@type":"SearchAction","target":{"@type":"EntryPoint","urlTemplate":"https:\/\/spelmarium.com\/es\/?s={search_term_string}"},"query-input":{"@type":"PropertyValueSpecification","valueRequired":true,"valueName":"search_term_string"}}],"inLanguage":"es"},{"@type":"Organization","@id":"https:\/\/spelmarium.com\/es\/#organization","name":"Bisbal Tech","url":"https:\/\/spelmarium.com\/es\/","logo":{"@type":"ImageObject","inLanguage":"es","@id":"https:\/\/spelmarium.com\/es\/#\/schema\/logo\/image\/","url":"https:\/\/spelmarium.com\/wp-content\/uploads\/2025\/08\/cropped-3.png","contentUrl":"https:\/\/spelmarium.com\/wp-content\/uploads\/2025\/08\/cropped-3.png","width":252,"height":100,"caption":"Bisbal Tech"},"image":{"@id":"https:\/\/spelmarium.com\/es\/#\/schema\/logo\/image\/"},"sameAs":["https:\/\/instagram.com\/ladywassi"]}]}},"_links":{"self":[{"href":"https:\/\/spelmarium.com\/es\/wp-json\/wp\/v2\/product\/2114","targetHints":{"allow":["GET"]}}],"collection":[{"href":"https:\/\/spelmarium.com\/es\/wp-json\/wp\/v2\/product"}],"about":[{"href":"https:\/\/spelmarium.com\/es\/wp-json\/wp\/v2\/types\/product"}],"replies":[{"embeddable":true,"href":"https:\/\/spelmarium.com\/es\/wp-json\/wp\/v2\/comments?post=2114"}],"wp:featuredmedia":[{"embeddable":true,"href":"https:\/\/spelmarium.com\/es\/wp-json\/wp\/v2\/media\/2091"}],"wp:attachment":[{"href":"https:\/\/spelmarium.com\/es\/wp-json\/wp\/v2\/media?parent=2114"}],"wp:term":[{"taxonomy":"product_brand","embeddable":true,"href":"https:\/\/spelmarium.com\/es\/wp-json\/wp\/v2\/product_brand?post=2114"},{"taxonomy":"product_cat","embeddable":true,"href":"https:\/\/spelmarium.com\/es\/wp-json\/wp\/v2\/product_cat?post=2114"},{"taxonomy":"product_tag","embeddable":true,"href":"https:\/\/spelmarium.com\/es\/wp-json\/wp\/v2\/product_tag?post=2114"}],"curies":[{"name":"wp","href":"https:\/\/api.w.org\/{rel}","templated":true}]}}