{"id":2134,"date":"2025-11-23T19:44:03","date_gmt":"2025-11-23T17:44:03","guid":{"rendered":"https:\/\/spelmarium.com\/?post_type=product&#038;p=2134"},"modified":"2025-12-07T14:43:51","modified_gmt":"2025-12-07T12:43:51","slug":"vela-tropical-velvet-envase-barril-artesanal","status":"publish","type":"product","link":"https:\/\/spelmarium.com\/es\/producto\/vela-tropical-velvet-envase-barril-artesanal\/","title":{"rendered":"Vela Tropical Velvet \u2013 Envase Barril Artesanal"},"content":{"rendered":"<p data-start=\"335\" data-end=\"899\">La vela <strong data-start=\"670\" data-end=\"689\">Tropical Velvet<\/strong> es una explosi\u00f3n arom\u00e1tica afrutada y seductora que combina frescura tropical con un fondo dulce y aterciopelado. La salida de <strong data-start=\"810\" data-end=\"878\">grosella negra, canela, mandarina, naranja y matices tropicales<\/strong> aporta un inicio vibrante, jugoso y ligeramente especiado; el coraz\u00f3n floral de <strong data-start=\"939\" data-end=\"966\">jazm\u00edn, rosa y violeta<\/strong> a\u00f1ade suavidad y elegancia; y el fondo de <strong data-start=\"1010\" data-end=\"1053\">\u00e1mbar gris, notas almizcladas y vainilla<\/strong> deja una estela c\u00e1lida, cremosa e irresistible. Elaborada con <strong data-start=\"1117\" data-end=\"1146\">cera de soja 100% vegetal<\/strong> y presentada en un <strong data-start=\"1166\" data-end=\"1191\">envase barril artesanal<\/strong> hecho a mano de resina ecol\u00f3gica, es una pieza sostenible, \u00fanica y perfectamente equilibrada entre energ\u00eda y sofisticaci\u00f3n.<\/p>\n<p data-start=\"1056\" data-end=\"1385\"><strong data-start=\"1056\" data-end=\"1093\">Esta vela, Tropical Velvet,<\/strong> est\u00e1 creada con mimo en nuestro taller, utilizando cera de soja 100% vegetal y un envase en forma de barril cortado en diagonal, elaborado a mano con resina ecol\u00f3gica y at\u00f3xica. Su dise\u00f1o es elegante y original, convirti\u00e9ndola en una pieza decorativa que destaca por personalidad y estilo.<\/p>\n<p data-start=\"1387\" data-end=\"1882\">Su fragancia se abre con una combinaci\u00f3n viva y jugosa de <strong data-start=\"1446\" data-end=\"1511\">grosella negra, canela, mandarina, naranja y toques tropicales<\/strong>, que aporta un inicio lleno de energ\u00eda y frescura ex\u00f3tica.<br data-start=\"1565\" data-end=\"1568\" \/>En el coraz\u00f3n, el bouquet floral de <strong data-start=\"1597\" data-end=\"1624\">jazm\u00edn, rosa y violeta<\/strong> a\u00f1ade suavidad, delicadeza y un toque rom\u00e1ntico que equilibra la intensidad de la salida.<br data-start=\"1714\" data-end=\"1717\" \/>Finalmente, el fondo de <strong data-start=\"1739\" data-end=\"1782\">\u00e1mbar gris, notas almizcladas y vainilla<\/strong> deja una estela c\u00e1lida, aterciopelada y sofisticada que perdura y llena el espacio de una dulzura refinada.<\/p>\n<p data-start=\"1884\" data-end=\"2068\">Es una vela ideal para crear ambientes alegres, sensuales y acogedores, perfecta para momentos especiales, sesiones de spa en casa o para aportar un toque ex\u00f3tico y elegante a cualquier rinc\u00f3n.<\/p>\n<hr data-start=\"1084\" data-end=\"1087\" \/>\n<h2 data-start=\"2364\" data-end=\"2422\">\u2728 <strong data-start=\"2369\" data-end=\"2422\">Envase \u201cBarril\u201d, hecho con Resina Ecol\u00f3gica<\/strong><\/h2>\n<p data-start=\"2424\" data-end=\"2835\">Cada envase est\u00e1 creado artesanalmente con una resina ecol\u00f3gica, vegana y completamente at\u00f3xica.<br data-start=\"2516\" data-end=\"2519\" \/>El modelo <strong data-start=\"2528\" data-end=\"2549\">\u201cBarril\u201d<\/strong> destaca por su corte oblicuo y su forma s\u00f3lida y original, que aporta dinamismo y elegancia a la decoraci\u00f3n.<br data-start=\"2660\" data-end=\"2663\" \/>Adem\u00e1s, es totalmente <strong data-start=\"2683\" data-end=\"2700\">reutilizable<\/strong>, ideal para darle una segunda vida como peque\u00f1o contenedor, portaobjetos, macetero decorativo o cualquier uso creativo que desees darle.<\/p>\n<p data-start=\"1366\" data-end=\"1400\"><strong data-start=\"1366\" data-end=\"1400\">Caracter\u00edsticas del material:<\/strong><\/p>\n<ul data-start=\"1402\" data-end=\"1936\">\n<li data-start=\"1402\" data-end=\"1469\">\n<p data-start=\"1404\" data-end=\"1469\">\ud83c\udf31 <strong data-start=\"1407\" data-end=\"1422\">100% at\u00f3xico<\/strong>.<\/p>\n<\/li>\n<li data-start=\"1470\" data-end=\"1558\">\n<p data-start=\"1472\" data-end=\"1558\">\ud83c\udf0d <strong data-start=\"1475\" data-end=\"1508\">Respetuoso con el medio ambiente<\/strong>: libre de disolventes y qu\u00edmicos nocivos.<\/p>\n<\/li>\n<li data-start=\"1559\" data-end=\"1625\">\n<p data-start=\"1561\" data-end=\"1625\">\ud83d\udd25 <strong data-start=\"1564\" data-end=\"1600\">Resistente al calor hasta 120 \u00b0C<\/strong>, te permite mover la vela sin miedo a quemarte.<\/p>\n<\/li>\n<li data-start=\"1626\" data-end=\"1673\">\n<p data-start=\"1628\" data-end=\"1673\">\ud83d\udcaa Alta durabilidad y resistencia a los golpes.<\/p>\n<\/li>\n<li data-start=\"1626\" data-end=\"1673\">\ud83d\udd04 <strong data-start=\"865\" data-end=\"910\">Reutilizable y apto para m\u00faltiples usos.<\/strong><\/li>\n<\/ul>\n<hr data-start=\"1938\" data-end=\"1941\" \/>\n<h2 data-start=\"1943\" data-end=\"2012\"><strong data-start=\"1946\" data-end=\"2012\">\ud83d\udd6f\ufe0f Cera de Soja Premium \u2013 Combusti\u00f3n Limpia y Fragancia Duradera<\/strong><\/h2>\n<p data-start=\"2014\" data-end=\"2116\">Utilizamos cera de soja certificada de calidad superior, <strong data-start=\"2090\" data-end=\"2115\">100% de origen vegetal.<\/strong>.<\/p>\n<p data-start=\"2118\" data-end=\"2150\"><strong data-start=\"2118\" data-end=\"2150\">Beneficios de nuestra cera:<\/strong><\/p>\n<ul data-start=\"2151\" data-end=\"2601\">\n<li data-start=\"2151\" data-end=\"2181\">\n<p data-start=\"2153\" data-end=\"2181\">\ud83c\udf3f <em data-start=\"2156\" data-end=\"2179\">Vegana &amp; Cruelty Free.<\/em><\/p>\n<\/li>\n<li data-start=\"2182\" data-end=\"2220\">\n<p data-start=\"2184\" data-end=\"2220\">\ud83d\udcc4 Certificada REACH y <strong data-start=\"2207\" data-end=\"2217\">No GMO<\/strong>.<\/p>\n<\/li>\n<li data-start=\"2221\" data-end=\"2295\">\n<p data-start=\"2223\" data-end=\"2295\">\ud83d\udd25 Punto de fusi\u00f3n ideal para un quemado uniforme y seguro.<\/p>\n<\/li>\n<li data-start=\"2296\" data-end=\"2390\">\n<p data-start=\"2298\" data-end=\"2390\">\ud83c\udf2c\ufe0f <strong data-start=\"2302\" data-end=\"2342\">Gran capacidad de retener fragancias<\/strong>, logrando aromas m\u00e1s intensos y constantes.<\/p>\n<\/li>\n<li data-start=\"2543\" data-end=\"2601\">\n<p data-start=\"2545\" data-end=\"2601\">\u23f3 <strong data-start=\"2547\" data-end=\"2573\">Larga duraci\u00f3n<\/strong>.<\/p>\n<\/li>\n<\/ul>\n<hr data-start=\"2603\" data-end=\"2606\" \/>\n<h2 data-start=\"2608\" data-end=\"2651\"><strong data-start=\"2611\" data-end=\"2651\">\ud83c\udf1f \u00bfPor qu\u00e9 esta vela es especial?<\/strong><\/h2>\n<ul data-start=\"2652\" data-end=\"2927\">\n<li data-start=\"2652\" data-end=\"2689\">\n<p data-start=\"2654\" data-end=\"2689\">Elaborada 100% a mano, pieza a pieza.<\/p>\n<\/li>\n<li data-start=\"2690\" data-end=\"2742\">\n<p data-start=\"2692\" data-end=\"2742\">Materiales ecol\u00f3gicos, veganos y libres de t\u00f3xicos.<\/p>\n<\/li>\n<li data-start=\"2743\" data-end=\"2792\">\n<p data-start=\"2745\" data-end=\"2792\">Combinaci\u00f3n arom\u00e1tica envolvente y equilibrada.<\/p>\n<\/li>\n<li data-start=\"2793\" data-end=\"2866\">\n<p data-start=\"2795\" data-end=\"2866\">Envase decorativo y reutilizable con un dise\u00f1o inspirado en la naturaleza.<\/p>\n<\/li>\n<li data-start=\"2867\" data-end=\"2927\">\n<p data-start=\"2869\" data-end=\"2927\">Ideal para regalar o para disfrutar de momentos de calma en casa.<\/p>\n<\/li>\n<\/ul>","protected":false},"excerpt":{"rendered":"<p data-start=\"4333\" data-end=\"4584\">Vela artesanal <strong data-start=\"4351\" data-end=\"4370\">Tropical Velvet<\/strong>, elaborada con cera de soja 100% vegetal y presentada en un <strong data-start=\"4431\" data-end=\"4456\">envase barril<\/strong>\u00a0hecho a mano con resina ecol\u00f3gica y at\u00f3xica. Aroma tropical, floral y aterciopelado que aporta frescura y sofisticaci\u00f3n al hogar.<\/p>","protected":false},"featured_media":2099,"comment_status":"open","ping_status":"closed","template":"","meta":[],"product_brand":[],"product_cat":[46],"product_tag":[],"class_list":{"0":"post-2134","1":"product","2":"type-product","3":"status-publish","4":"has-post-thumbnail","6":"product_cat-envas","8":"first","9":"instock","10":"taxable","11":"shipping-taxable","12":"purchasable","13":"product-type-simple"},"yoast_head":"<!-- This site is optimized with the Yoast SEO plugin v27.2 - https:\/\/yoast.com\/product\/yoast-seo-wordpress\/ -->\n<title>Espelma Tropical Velvet \u2013 Env\u00e0s Barril Artesanal<\/title>\n<meta name=\"description\" content=\"Espelma artesanal Tropical Velvet amb cera de soja 100% vegetal i env\u00e0s barril de resina ecol\u00f2gica. Aroma tropical, floral i vellutada en un disseny sostenible i reutilitzable. Ideal per crear ambients ex\u00f2tics i elegants.\" \/>\n<meta name=\"robots\" content=\"index, follow, max-snippet:-1, max-image-preview:large, max-video-preview:-1\" \/>\n<link rel=\"canonical\" href=\"https:\/\/spelmarium.com\/es\/producto\/vela-tropical-velvet-envase-barril-artesanal\/\" \/>\n<meta property=\"og:locale\" content=\"es_ES\" \/>\n<meta property=\"og:type\" content=\"article\" \/>\n<meta property=\"og:title\" content=\"Espelma Tropical Velvet \u2013 Env\u00e0s Barril Artesanal\" \/>\n<meta property=\"og:description\" content=\"Espelma artesanal Tropical Velvet amb cera de soja 100% vegetal i env\u00e0s barril de resina ecol\u00f2gica. Aroma tropical, floral i vellutada en un disseny sostenible i reutilitzable. Ideal per crear ambients ex\u00f2tics i elegants.\" \/>\n<meta property=\"og:url\" content=\"https:\/\/spelmarium.com\/es\/producto\/vela-tropical-velvet-envase-barril-artesanal\/\" \/>\n<meta property=\"og:site_name\" content=\"Spelmarium\" \/>\n<meta property=\"article:modified_time\" content=\"2025-12-07T12:43:51+00:00\" \/>\n<meta property=\"og:image\" content=\"https:\/\/spelmarium.com\/wp-content\/uploads\/2025\/11\/Photoroom_20251115_190552.jpg\" \/>\n\t<meta property=\"og:image:width\" content=\"2048\" \/>\n\t<meta property=\"og:image:height\" content=\"2048\" \/>\n\t<meta property=\"og:image:type\" content=\"image\/jpeg\" \/>\n<meta name=\"twitter:card\" content=\"summary_large_image\" \/>\n<meta name=\"twitter:label1\" content=\"Tiempo de lectura\" \/>\n\t<meta name=\"twitter:data1\" content=\"3 minutos\" \/>\n<script type=\"application\/ld+json\" class=\"yoast-schema-graph\">{\"@context\":\"https:\/\/schema.org\",\"@graph\":[{\"@type\":\"WebPage\",\"@id\":\"https:\/\/spelmarium.com\/es\/producto\/vela-tropical-velvet-envase-barril-artesanal\/\",\"url\":\"https:\/\/spelmarium.com\/es\/producto\/vela-tropical-velvet-envase-barril-artesanal\/\",\"name\":\"Espelma Tropical Velvet \u2013 Env\u00e0s Barril Artesanal\",\"isPartOf\":{\"@id\":\"https:\/\/spelmarium.com\/es\/#website\"},\"primaryImageOfPage\":{\"@id\":\"https:\/\/spelmarium.com\/es\/producto\/vela-tropical-velvet-envase-barril-artesanal\/#primaryimage\"},\"image\":{\"@id\":\"https:\/\/spelmarium.com\/es\/producto\/vela-tropical-velvet-envase-barril-artesanal\/#primaryimage\"},\"thumbnailUrl\":\"https:\/\/spelmarium.com\/wp-content\/uploads\/2025\/11\/Photoroom_20251115_190552.jpg\",\"datePublished\":\"2025-11-23T17:44:03+00:00\",\"dateModified\":\"2025-12-07T12:43:51+00:00\",\"description\":\"Espelma artesanal Tropical Velvet amb cera de soja 100% vegetal i env\u00e0s barril de resina ecol\u00f2gica. Aroma tropical, floral i vellutada en un disseny sostenible i reutilitzable. Ideal per crear ambients ex\u00f2tics i elegants.\",\"breadcrumb\":{\"@id\":\"https:\/\/spelmarium.com\/es\/producto\/vela-tropical-velvet-envase-barril-artesanal\/#breadcrumb\"},\"inLanguage\":\"es\",\"potentialAction\":[{\"@type\":\"ReadAction\",\"target\":[\"https:\/\/spelmarium.com\/es\/producto\/vela-tropical-velvet-envase-barril-artesanal\/\"]}]},{\"@type\":\"ImageObject\",\"inLanguage\":\"es\",\"@id\":\"https:\/\/spelmarium.com\/es\/producto\/vela-tropical-velvet-envase-barril-artesanal\/#primaryimage\",\"url\":\"https:\/\/spelmarium.com\/wp-content\/uploads\/2025\/11\/Photoroom_20251115_190552.jpg\",\"contentUrl\":\"https:\/\/spelmarium.com\/wp-content\/uploads\/2025\/11\/Photoroom_20251115_190552.jpg\",\"width\":2048,\"height\":2048},{\"@type\":\"BreadcrumbList\",\"@id\":\"https:\/\/spelmarium.com\/es\/producto\/vela-tropical-velvet-envase-barril-artesanal\/#breadcrumb\",\"itemListElement\":[{\"@type\":\"ListItem\",\"position\":1,\"name\":\"Inici\",\"item\":\"https:\/\/spelmarium.com\/\"},{\"@type\":\"ListItem\",\"position\":2,\"name\":\"Shop\",\"item\":\"https:\/\/spelmarium.com\/shop\/\"},{\"@type\":\"ListItem\",\"position\":3,\"name\":\"Espelma Tropical Velvet \u2013 Env\u00e0s Barril Artesanal\"}]},{\"@type\":\"WebSite\",\"@id\":\"https:\/\/spelmarium.com\/es\/#website\",\"url\":\"https:\/\/spelmarium.com\/es\/\",\"name\":\"Spelmarium\",\"description\":\"\",\"publisher\":{\"@id\":\"https:\/\/spelmarium.com\/es\/#organization\"},\"potentialAction\":[{\"@type\":\"SearchAction\",\"target\":{\"@type\":\"EntryPoint\",\"urlTemplate\":\"https:\/\/spelmarium.com\/es\/?s={search_term_string}\"},\"query-input\":{\"@type\":\"PropertyValueSpecification\",\"valueRequired\":true,\"valueName\":\"search_term_string\"}}],\"inLanguage\":\"es\"},{\"@type\":\"Organization\",\"@id\":\"https:\/\/spelmarium.com\/es\/#organization\",\"name\":\"Bisbal Tech\",\"url\":\"https:\/\/spelmarium.com\/es\/\",\"logo\":{\"@type\":\"ImageObject\",\"inLanguage\":\"es\",\"@id\":\"https:\/\/spelmarium.com\/es\/#\/schema\/logo\/image\/\",\"url\":\"https:\/\/spelmarium.com\/wp-content\/uploads\/2025\/08\/cropped-3.png\",\"contentUrl\":\"https:\/\/spelmarium.com\/wp-content\/uploads\/2025\/08\/cropped-3.png\",\"width\":252,\"height\":100,\"caption\":\"Bisbal Tech\"},\"image\":{\"@id\":\"https:\/\/spelmarium.com\/es\/#\/schema\/logo\/image\/\"},\"sameAs\":[\"https:\/\/instagram.com\/ladywassi\"]}]}<\/script>\n<!-- \/ Yoast SEO plugin. -->","yoast_head_json":{"title":"Vela Tropical Velvet \u2013 Envase Barril Artesanal","description":"Espelma artesanal Tropical Velvet amb cera de soja 100% vegetal i env\u00e0s barril de resina ecol\u00f2gica. Aroma tropical, floral i vellutada en un disseny sostenible i reutilitzable. Ideal per crear ambients ex\u00f2tics i elegants.","robots":{"index":"index","follow":"follow","max-snippet":"max-snippet:-1","max-image-preview":"max-image-preview:large","max-video-preview":"max-video-preview:-1"},"canonical":"https:\/\/spelmarium.com\/es\/producto\/vela-tropical-velvet-envase-barril-artesanal\/","og_locale":"es_ES","og_type":"article","og_title":"Espelma Tropical Velvet \u2013 Env\u00e0s Barril Artesanal","og_description":"Espelma artesanal Tropical Velvet amb cera de soja 100% vegetal i env\u00e0s barril de resina ecol\u00f2gica. Aroma tropical, floral i vellutada en un disseny sostenible i reutilitzable. Ideal per crear ambients ex\u00f2tics i elegants.","og_url":"https:\/\/spelmarium.com\/es\/producto\/vela-tropical-velvet-envase-barril-artesanal\/","og_site_name":"Spelmarium","article_modified_time":"2025-12-07T12:43:51+00:00","og_image":[{"width":2048,"height":2048,"url":"https:\/\/spelmarium.com\/wp-content\/uploads\/2025\/11\/Photoroom_20251115_190552.jpg","type":"image\/jpeg"}],"twitter_card":"summary_large_image","twitter_misc":{"Tiempo de lectura":"3 minutos"},"schema":{"@context":"https:\/\/schema.org","@graph":[{"@type":"WebPage","@id":"https:\/\/spelmarium.com\/es\/producto\/vela-tropical-velvet-envase-barril-artesanal\/","url":"https:\/\/spelmarium.com\/es\/producto\/vela-tropical-velvet-envase-barril-artesanal\/","name":"Vela Tropical Velvet \u2013 Envase Barril Artesanal","isPartOf":{"@id":"https:\/\/spelmarium.com\/es\/#website"},"primaryImageOfPage":{"@id":"https:\/\/spelmarium.com\/es\/producto\/vela-tropical-velvet-envase-barril-artesanal\/#primaryimage"},"image":{"@id":"https:\/\/spelmarium.com\/es\/producto\/vela-tropical-velvet-envase-barril-artesanal\/#primaryimage"},"thumbnailUrl":"https:\/\/spelmarium.com\/wp-content\/uploads\/2025\/11\/Photoroom_20251115_190552.jpg","datePublished":"2025-11-23T17:44:03+00:00","dateModified":"2025-12-07T12:43:51+00:00","description":"Espelma artesanal Tropical Velvet amb cera de soja 100% vegetal i env\u00e0s barril de resina ecol\u00f2gica. Aroma tropical, floral i vellutada en un disseny sostenible i reutilitzable. Ideal per crear ambients ex\u00f2tics i elegants.","breadcrumb":{"@id":"https:\/\/spelmarium.com\/es\/producto\/vela-tropical-velvet-envase-barril-artesanal\/#breadcrumb"},"inLanguage":"es","potentialAction":[{"@type":"ReadAction","target":["https:\/\/spelmarium.com\/es\/producto\/vela-tropical-velvet-envase-barril-artesanal\/"]}]},{"@type":"ImageObject","inLanguage":"es","@id":"https:\/\/spelmarium.com\/es\/producto\/vela-tropical-velvet-envase-barril-artesanal\/#primaryimage","url":"https:\/\/spelmarium.com\/wp-content\/uploads\/2025\/11\/Photoroom_20251115_190552.jpg","contentUrl":"https:\/\/spelmarium.com\/wp-content\/uploads\/2025\/11\/Photoroom_20251115_190552.jpg","width":2048,"height":2048},{"@type":"BreadcrumbList","@id":"https:\/\/spelmarium.com\/es\/producto\/vela-tropical-velvet-envase-barril-artesanal\/#breadcrumb","itemListElement":[{"@type":"ListItem","position":1,"name":"Inici","item":"https:\/\/spelmarium.com\/"},{"@type":"ListItem","position":2,"name":"Shop","item":"https:\/\/spelmarium.com\/shop\/"},{"@type":"ListItem","position":3,"name":"Espelma Tropical Velvet \u2013 Env\u00e0s Barril Artesanal"}]},{"@type":"WebSite","@id":"https:\/\/spelmarium.com\/es\/#website","url":"https:\/\/spelmarium.com\/es\/","name":"Spelmarium","description":"","publisher":{"@id":"https:\/\/spelmarium.com\/es\/#organization"},"potentialAction":[{"@type":"SearchAction","target":{"@type":"EntryPoint","urlTemplate":"https:\/\/spelmarium.com\/es\/?s={search_term_string}"},"query-input":{"@type":"PropertyValueSpecification","valueRequired":true,"valueName":"search_term_string"}}],"inLanguage":"es"},{"@type":"Organization","@id":"https:\/\/spelmarium.com\/es\/#organization","name":"Bisbal Tech","url":"https:\/\/spelmarium.com\/es\/","logo":{"@type":"ImageObject","inLanguage":"es","@id":"https:\/\/spelmarium.com\/es\/#\/schema\/logo\/image\/","url":"https:\/\/spelmarium.com\/wp-content\/uploads\/2025\/08\/cropped-3.png","contentUrl":"https:\/\/spelmarium.com\/wp-content\/uploads\/2025\/08\/cropped-3.png","width":252,"height":100,"caption":"Bisbal Tech"},"image":{"@id":"https:\/\/spelmarium.com\/es\/#\/schema\/logo\/image\/"},"sameAs":["https:\/\/instagram.com\/ladywassi"]}]}},"_links":{"self":[{"href":"https:\/\/spelmarium.com\/es\/wp-json\/wp\/v2\/product\/2134","targetHints":{"allow":["GET"]}}],"collection":[{"href":"https:\/\/spelmarium.com\/es\/wp-json\/wp\/v2\/product"}],"about":[{"href":"https:\/\/spelmarium.com\/es\/wp-json\/wp\/v2\/types\/product"}],"replies":[{"embeddable":true,"href":"https:\/\/spelmarium.com\/es\/wp-json\/wp\/v2\/comments?post=2134"}],"wp:featuredmedia":[{"embeddable":true,"href":"https:\/\/spelmarium.com\/es\/wp-json\/wp\/v2\/media\/2099"}],"wp:attachment":[{"href":"https:\/\/spelmarium.com\/es\/wp-json\/wp\/v2\/media?parent=2134"}],"wp:term":[{"taxonomy":"product_brand","embeddable":true,"href":"https:\/\/spelmarium.com\/es\/wp-json\/wp\/v2\/product_brand?post=2134"},{"taxonomy":"product_cat","embeddable":true,"href":"https:\/\/spelmarium.com\/es\/wp-json\/wp\/v2\/product_cat?post=2134"},{"taxonomy":"product_tag","embeddable":true,"href":"https:\/\/spelmarium.com\/es\/wp-json\/wp\/v2\/product_tag?post=2134"}],"curies":[{"name":"wp","href":"https:\/\/api.w.org\/{rel}","templated":true}]}}