{"id":2243,"date":"2026-02-14T21:21:31","date_gmt":"2026-02-14T19:21:31","guid":{"rendered":"https:\/\/spelmarium.com\/?post_type=product&#038;p=2243"},"modified":"2026-02-14T21:29:49","modified_gmt":"2026-02-14T19:29:49","slug":"xampu-solid-cabell-sec","status":"publish","type":"product","link":"https:\/\/spelmarium.com\/es\/producto\/xampu-solid-cabell-sec\/","title":{"rendered":"Xamp\u00fa S\u00f2lid &#8211; Cabell Sec"},"content":{"rendered":"<p>El xamp\u00fa s\u00f2lid natural per a cabell sec Jabonalia ha estat formulat amb ingredients naturals com l&#8217;Oli d&#8217;Arg\u00e1n i l&#8217;oli de Romero que proporcionen hidrataci\u00f3, enforteix el cabell i t\u00e9 propietats antibacterianes i antif\u00fangiques.<\/p>\n<p>\u00c9s \u00fatil en problemes de caspa seca persistent. Ajuda a hidratar el cuir cabellut. Els seus ingredients aporten m\u00faltiples beneficis i mantenen el cabell hidratat i saludable.<\/p>\n<p>Ingredients (INCI): Sodium Cocoyl Isethionate, Zea Mays Starch, Aqua, Cocamidopro pyl Betaine, Parfum, Arg\u00e0nia Spinosa Kernel Oil, D-Limonene, Hexyl Cinnamaldehyde, Linalool, Butylphenylmethylpropional, Rosmarinus O cinalis<\/p>\n<p>* Procedent dels olis essencials continguts en el perfum.<\/p>","protected":false},"excerpt":{"rendered":"<p>El xamp\u00fa s\u00f2lid natural per a cabell sec Jabonalia ha estat formulat amb ingredients naturals com l&#8217;Oli d&#8217;Arg\u00e1n i l&#8217;oli de Romero que proporcionen hidrataci\u00f3, enforteix el cabell i t\u00e9 propietats antibacterianes i antif\u00fangiques. \u00c9s \u00fatil en problemes de caspa seca persistent. Ajuda a hidratar el cuir cabellut. Els seus ingredients aporten m\u00faltiples beneficis i [&#8230;]\n","protected":false},"featured_media":2203,"comment_status":"open","ping_status":"closed","template":"","meta":[],"product_brand":[],"product_cat":[73,75],"product_tag":[],"class_list":{"0":"post-2243","1":"product","2":"type-product","3":"status-publish","4":"has-post-thumbnail","6":"product_cat-sabons","7":"product_cat-xampu_solid","9":"first","10":"instock","11":"taxable","12":"shipping-taxable","13":"purchasable","14":"product-type-simple"},"yoast_head":"<!-- This site is optimized with the Yoast SEO plugin v27.2 - https:\/\/yoast.com\/product\/yoast-seo-wordpress\/ -->\n<title>Xamp\u00fa S\u00f2lid - Cabell Sec - Spelmarium<\/title>\n<meta name=\"robots\" content=\"index, follow, max-snippet:-1, max-image-preview:large, max-video-preview:-1\" \/>\n<link rel=\"canonical\" href=\"https:\/\/spelmarium.com\/es\/producto\/xampu-solid-cabell-sec\/\" \/>\n<meta property=\"og:locale\" content=\"es_ES\" \/>\n<meta property=\"og:type\" content=\"article\" \/>\n<meta property=\"og:title\" content=\"Xamp\u00fa S\u00f2lid - Cabell Sec - Spelmarium\" \/>\n<meta property=\"og:description\" content=\"El xamp\u00fa s\u00f2lid natural per a cabell sec Jabonalia ha estat formulat amb ingredients naturals com l&#8217;Oli d&#8217;Arg\u00e1n i l&#8217;oli de Romero que proporcionen hidrataci\u00f3, enforteix el cabell i t\u00e9 propietats antibacterianes i antif\u00fangiques. \u00c9s \u00fatil en problemes de caspa seca persistent. Ajuda a hidratar el cuir cabellut. Els seus ingredients aporten m\u00faltiples beneficis i [...]\" \/>\n<meta property=\"og:url\" content=\"https:\/\/spelmarium.com\/es\/producto\/xampu-solid-cabell-sec\/\" \/>\n<meta property=\"og:site_name\" content=\"Spelmarium\" \/>\n<meta property=\"article:modified_time\" content=\"2026-02-14T19:29:49+00:00\" \/>\n<meta property=\"og:image\" content=\"https:\/\/spelmarium.com\/wp-content\/uploads\/2026\/02\/champu_cabell_sec_2.webp\" \/>\n\t<meta property=\"og:image:width\" content=\"1200\" \/>\n\t<meta property=\"og:image:height\" content=\"1200\" \/>\n\t<meta property=\"og:image:type\" content=\"image\/webp\" \/>\n<meta name=\"twitter:card\" content=\"summary_large_image\" \/>\n<meta name=\"twitter:label1\" content=\"Tiempo de lectura\" \/>\n\t<meta name=\"twitter:data1\" content=\"1 minuto\" \/>\n<script type=\"application\/ld+json\" class=\"yoast-schema-graph\">{\"@context\":\"https:\/\/schema.org\",\"@graph\":[{\"@type\":\"WebPage\",\"@id\":\"https:\/\/spelmarium.com\/es\/producto\/xampu-solid-cabell-sec\/\",\"url\":\"https:\/\/spelmarium.com\/es\/producto\/xampu-solid-cabell-sec\/\",\"name\":\"Xamp\u00fa S\u00f2lid - Cabell Sec - Spelmarium\",\"isPartOf\":{\"@id\":\"https:\/\/spelmarium.com\/es\/#website\"},\"primaryImageOfPage\":{\"@id\":\"https:\/\/spelmarium.com\/es\/producto\/xampu-solid-cabell-sec\/#primaryimage\"},\"image\":{\"@id\":\"https:\/\/spelmarium.com\/es\/producto\/xampu-solid-cabell-sec\/#primaryimage\"},\"thumbnailUrl\":\"https:\/\/spelmarium.com\/wp-content\/uploads\/2026\/02\/champu_cabell_sec_2.webp\",\"datePublished\":\"2026-02-14T19:21:31+00:00\",\"dateModified\":\"2026-02-14T19:29:49+00:00\",\"breadcrumb\":{\"@id\":\"https:\/\/spelmarium.com\/es\/producto\/xampu-solid-cabell-sec\/#breadcrumb\"},\"inLanguage\":\"es\",\"potentialAction\":[{\"@type\":\"ReadAction\",\"target\":[\"https:\/\/spelmarium.com\/es\/producto\/xampu-solid-cabell-sec\/\"]}]},{\"@type\":\"ImageObject\",\"inLanguage\":\"es\",\"@id\":\"https:\/\/spelmarium.com\/es\/producto\/xampu-solid-cabell-sec\/#primaryimage\",\"url\":\"https:\/\/spelmarium.com\/wp-content\/uploads\/2026\/02\/champu_cabell_sec_2.webp\",\"contentUrl\":\"https:\/\/spelmarium.com\/wp-content\/uploads\/2026\/02\/champu_cabell_sec_2.webp\",\"width\":1200,\"height\":1200},{\"@type\":\"BreadcrumbList\",\"@id\":\"https:\/\/spelmarium.com\/es\/producto\/xampu-solid-cabell-sec\/#breadcrumb\",\"itemListElement\":[{\"@type\":\"ListItem\",\"position\":1,\"name\":\"Inici\",\"item\":\"https:\/\/spelmarium.com\/\"},{\"@type\":\"ListItem\",\"position\":2,\"name\":\"Shop\",\"item\":\"https:\/\/spelmarium.com\/shop\/\"},{\"@type\":\"ListItem\",\"position\":3,\"name\":\"Xamp\u00fa S\u00f2lid &#8211; Cabell Sec\"}]},{\"@type\":\"WebSite\",\"@id\":\"https:\/\/spelmarium.com\/es\/#website\",\"url\":\"https:\/\/spelmarium.com\/es\/\",\"name\":\"Spelmarium\",\"description\":\"\",\"publisher\":{\"@id\":\"https:\/\/spelmarium.com\/es\/#organization\"},\"potentialAction\":[{\"@type\":\"SearchAction\",\"target\":{\"@type\":\"EntryPoint\",\"urlTemplate\":\"https:\/\/spelmarium.com\/es\/?s={search_term_string}\"},\"query-input\":{\"@type\":\"PropertyValueSpecification\",\"valueRequired\":true,\"valueName\":\"search_term_string\"}}],\"inLanguage\":\"es\"},{\"@type\":\"Organization\",\"@id\":\"https:\/\/spelmarium.com\/es\/#organization\",\"name\":\"Bisbal Tech\",\"url\":\"https:\/\/spelmarium.com\/es\/\",\"logo\":{\"@type\":\"ImageObject\",\"inLanguage\":\"es\",\"@id\":\"https:\/\/spelmarium.com\/es\/#\/schema\/logo\/image\/\",\"url\":\"https:\/\/spelmarium.com\/wp-content\/uploads\/2025\/08\/cropped-3.png\",\"contentUrl\":\"https:\/\/spelmarium.com\/wp-content\/uploads\/2025\/08\/cropped-3.png\",\"width\":252,\"height\":100,\"caption\":\"Bisbal Tech\"},\"image\":{\"@id\":\"https:\/\/spelmarium.com\/es\/#\/schema\/logo\/image\/\"},\"sameAs\":[\"https:\/\/instagram.com\/ladywassi\"]}]}<\/script>\n<!-- \/ Yoast SEO plugin. -->","yoast_head_json":{"title":"Xamp\u00fa S\u00f2lid - Cabell Sec - Spelmarium","robots":{"index":"index","follow":"follow","max-snippet":"max-snippet:-1","max-image-preview":"max-image-preview:large","max-video-preview":"max-video-preview:-1"},"canonical":"https:\/\/spelmarium.com\/es\/producto\/xampu-solid-cabell-sec\/","og_locale":"es_ES","og_type":"article","og_title":"Xamp\u00fa S\u00f2lid - Cabell Sec - Spelmarium","og_description":"El xamp\u00fa s\u00f2lid natural per a cabell sec Jabonalia ha estat formulat amb ingredients naturals com l&#8217;Oli d&#8217;Arg\u00e1n i l&#8217;oli de Romero que proporcionen hidrataci\u00f3, enforteix el cabell i t\u00e9 propietats antibacterianes i antif\u00fangiques. \u00c9s \u00fatil en problemes de caspa seca persistent. Ajuda a hidratar el cuir cabellut. Els seus ingredients aporten m\u00faltiples beneficis i [...]","og_url":"https:\/\/spelmarium.com\/es\/producto\/xampu-solid-cabell-sec\/","og_site_name":"Spelmarium","article_modified_time":"2026-02-14T19:29:49+00:00","og_image":[{"width":1200,"height":1200,"url":"https:\/\/spelmarium.com\/wp-content\/uploads\/2026\/02\/champu_cabell_sec_2.webp","type":"image\/webp"}],"twitter_card":"summary_large_image","twitter_misc":{"Tiempo de lectura":"1 minuto"},"schema":{"@context":"https:\/\/schema.org","@graph":[{"@type":"WebPage","@id":"https:\/\/spelmarium.com\/es\/producto\/xampu-solid-cabell-sec\/","url":"https:\/\/spelmarium.com\/es\/producto\/xampu-solid-cabell-sec\/","name":"Xamp\u00fa S\u00f2lid - Cabell Sec - Spelmarium","isPartOf":{"@id":"https:\/\/spelmarium.com\/es\/#website"},"primaryImageOfPage":{"@id":"https:\/\/spelmarium.com\/es\/producto\/xampu-solid-cabell-sec\/#primaryimage"},"image":{"@id":"https:\/\/spelmarium.com\/es\/producto\/xampu-solid-cabell-sec\/#primaryimage"},"thumbnailUrl":"https:\/\/spelmarium.com\/wp-content\/uploads\/2026\/02\/champu_cabell_sec_2.webp","datePublished":"2026-02-14T19:21:31+00:00","dateModified":"2026-02-14T19:29:49+00:00","breadcrumb":{"@id":"https:\/\/spelmarium.com\/es\/producto\/xampu-solid-cabell-sec\/#breadcrumb"},"inLanguage":"es","potentialAction":[{"@type":"ReadAction","target":["https:\/\/spelmarium.com\/es\/producto\/xampu-solid-cabell-sec\/"]}]},{"@type":"ImageObject","inLanguage":"es","@id":"https:\/\/spelmarium.com\/es\/producto\/xampu-solid-cabell-sec\/#primaryimage","url":"https:\/\/spelmarium.com\/wp-content\/uploads\/2026\/02\/champu_cabell_sec_2.webp","contentUrl":"https:\/\/spelmarium.com\/wp-content\/uploads\/2026\/02\/champu_cabell_sec_2.webp","width":1200,"height":1200},{"@type":"BreadcrumbList","@id":"https:\/\/spelmarium.com\/es\/producto\/xampu-solid-cabell-sec\/#breadcrumb","itemListElement":[{"@type":"ListItem","position":1,"name":"Inici","item":"https:\/\/spelmarium.com\/"},{"@type":"ListItem","position":2,"name":"Shop","item":"https:\/\/spelmarium.com\/shop\/"},{"@type":"ListItem","position":3,"name":"Xamp\u00fa S\u00f2lid &#8211; Cabell Sec"}]},{"@type":"WebSite","@id":"https:\/\/spelmarium.com\/es\/#website","url":"https:\/\/spelmarium.com\/es\/","name":"Spelmarium","description":"","publisher":{"@id":"https:\/\/spelmarium.com\/es\/#organization"},"potentialAction":[{"@type":"SearchAction","target":{"@type":"EntryPoint","urlTemplate":"https:\/\/spelmarium.com\/es\/?s={search_term_string}"},"query-input":{"@type":"PropertyValueSpecification","valueRequired":true,"valueName":"search_term_string"}}],"inLanguage":"es"},{"@type":"Organization","@id":"https:\/\/spelmarium.com\/es\/#organization","name":"Bisbal Tech","url":"https:\/\/spelmarium.com\/es\/","logo":{"@type":"ImageObject","inLanguage":"es","@id":"https:\/\/spelmarium.com\/es\/#\/schema\/logo\/image\/","url":"https:\/\/spelmarium.com\/wp-content\/uploads\/2025\/08\/cropped-3.png","contentUrl":"https:\/\/spelmarium.com\/wp-content\/uploads\/2025\/08\/cropped-3.png","width":252,"height":100,"caption":"Bisbal Tech"},"image":{"@id":"https:\/\/spelmarium.com\/es\/#\/schema\/logo\/image\/"},"sameAs":["https:\/\/instagram.com\/ladywassi"]}]}},"_links":{"self":[{"href":"https:\/\/spelmarium.com\/es\/wp-json\/wp\/v2\/product\/2243","targetHints":{"allow":["GET"]}}],"collection":[{"href":"https:\/\/spelmarium.com\/es\/wp-json\/wp\/v2\/product"}],"about":[{"href":"https:\/\/spelmarium.com\/es\/wp-json\/wp\/v2\/types\/product"}],"replies":[{"embeddable":true,"href":"https:\/\/spelmarium.com\/es\/wp-json\/wp\/v2\/comments?post=2243"}],"wp:featuredmedia":[{"embeddable":true,"href":"https:\/\/spelmarium.com\/es\/wp-json\/wp\/v2\/media\/2203"}],"wp:attachment":[{"href":"https:\/\/spelmarium.com\/es\/wp-json\/wp\/v2\/media?parent=2243"}],"wp:term":[{"taxonomy":"product_brand","embeddable":true,"href":"https:\/\/spelmarium.com\/es\/wp-json\/wp\/v2\/product_brand?post=2243"},{"taxonomy":"product_cat","embeddable":true,"href":"https:\/\/spelmarium.com\/es\/wp-json\/wp\/v2\/product_cat?post=2243"},{"taxonomy":"product_tag","embeddable":true,"href":"https:\/\/spelmarium.com\/es\/wp-json\/wp\/v2\/product_tag?post=2243"}],"curies":[{"name":"wp","href":"https:\/\/api.w.org\/{rel}","templated":true}]}}