{"id":2246,"date":"2026-02-14T21:40:57","date_gmt":"2026-02-14T19:40:57","guid":{"rendered":"https:\/\/spelmarium.com\/?post_type=product&#038;p=2246"},"modified":"2026-02-14T21:40:57","modified_gmt":"2026-02-14T19:40:57","slug":"sabo-artesa-aloe-vera","status":"publish","type":"product","link":"https:\/\/spelmarium.com\/es\/producto\/sabo-artesa-aloe-vera\/","title":{"rendered":"Sab\u00f3 artes\u00e0 &#8211; Aloe Vera"},"content":{"rendered":"<p>Aquest sab\u00f3, elaborat amb un alt contingut d&#8217;Aloe Vera, \u00e9s un veritable aliat pel teu benestar. La seva f\u00f3rmula ajuda a reestructurar la pell danyada, alleujar les al\u00b7l\u00e8rgies i les descamacions. El seu efecte analg\u00e8sic i antiinflamatori el converteix en el company perfecte per calmar la pell despr\u00e9s de l&#8217;exposici\u00f3 solar.<\/p>\n<p>Sabem que la hidrataci\u00f3 \u00e9s fonamental per a una pell sana i radiant. L&#8217;Aloe Vera \u00e9s conegut per la seva capacitat per retenir la humitat, proporcionant la hidrataci\u00f3 que la teva pell necessita. A m\u00e9s, les seves propietats cicatritzants ajuden a accelerar la regeneraci\u00f3 de la pell, i \u00e9s ideal per tractar ferides, cremades i cremades solars.<\/p>\n<p>Cerques un aftershave natural? Aquest sab\u00f3 tamb\u00e9 \u00e9s perfecte per a tu! Regenera la pell i tanca els porus despr\u00e9s de l&#8217;afaitada o depilaci\u00f3.<\/p>\n<p>Ingredients (INCI): Sodium Olivate, Sodium Cocoate, Aqua, Glycerin, Parfum, CI 77891, Linalool*, Aloe Barbadensis Leaf Powder, Olea Europaea Fruit Oil, Limonene*, Citronellol*, Alfa-Isomethyl Ionone, Geraniol*.<\/p>\n<p>* Procedent de la composici\u00f3 del perfum.<\/p>","protected":false},"excerpt":{"rendered":"<p>Aquest sab\u00f3, elaborat amb un alt contingut d&#8217;Aloe Vera, \u00e9s un veritable aliat pel teu benestar. La seva f\u00f3rmula ajuda a reestructurar la pell danyada, alleujar les al\u00b7l\u00e8rgies i les descamacions. El seu efecte analg\u00e8sic i antiinflamatori el converteix en el company perfecte per calmar la pell despr\u00e9s de l&#8217;exposici\u00f3 solar. Sabem que la hidrataci\u00f3 [&#8230;]\n","protected":false},"featured_media":2208,"comment_status":"open","ping_status":"closed","template":"","meta":[],"product_brand":[],"product_cat":[76,73],"product_tag":[],"class_list":{"0":"post-2246","1":"product","2":"type-product","3":"status-publish","4":"has-post-thumbnail","6":"product_cat-sabo_artesa","7":"product_cat-sabons","9":"first","10":"instock","11":"taxable","12":"shipping-taxable","13":"purchasable","14":"product-type-simple"},"yoast_head":"<!-- This site is optimized with the Yoast SEO plugin v27.2 - https:\/\/yoast.com\/product\/yoast-seo-wordpress\/ -->\n<title>Sab\u00f3 artes\u00e0 - Aloe Vera - Spelmarium<\/title>\n<meta name=\"robots\" content=\"index, follow, max-snippet:-1, max-image-preview:large, max-video-preview:-1\" \/>\n<link rel=\"canonical\" href=\"https:\/\/spelmarium.com\/es\/producto\/sabo-artesa-aloe-vera\/\" \/>\n<meta property=\"og:locale\" content=\"es_ES\" \/>\n<meta property=\"og:type\" content=\"article\" \/>\n<meta property=\"og:title\" content=\"Sab\u00f3 artes\u00e0 - Aloe Vera - Spelmarium\" \/>\n<meta property=\"og:description\" content=\"Aquest sab\u00f3, elaborat amb un alt contingut d&#8217;Aloe Vera, \u00e9s un veritable aliat pel teu benestar. La seva f\u00f3rmula ajuda a reestructurar la pell danyada, alleujar les al\u00b7l\u00e8rgies i les descamacions. El seu efecte analg\u00e8sic i antiinflamatori el converteix en el company perfecte per calmar la pell despr\u00e9s de l&#8217;exposici\u00f3 solar. Sabem que la hidrataci\u00f3 [...]\" \/>\n<meta property=\"og:url\" content=\"https:\/\/spelmarium.com\/es\/producto\/sabo-artesa-aloe-vera\/\" \/>\n<meta property=\"og:site_name\" content=\"Spelmarium\" \/>\n<meta property=\"og:image\" content=\"https:\/\/spelmarium.com\/wp-content\/uploads\/2026\/02\/jabon_artesano_aloe_vera.webp\" \/>\n\t<meta property=\"og:image:width\" content=\"1080\" \/>\n\t<meta property=\"og:image:height\" content=\"1080\" \/>\n\t<meta property=\"og:image:type\" content=\"image\/webp\" \/>\n<meta name=\"twitter:card\" content=\"summary_large_image\" \/>\n<meta name=\"twitter:label1\" content=\"Tiempo de lectura\" \/>\n\t<meta name=\"twitter:data1\" content=\"2 minutos\" \/>\n<script type=\"application\/ld+json\" class=\"yoast-schema-graph\">{\"@context\":\"https:\/\/schema.org\",\"@graph\":[{\"@type\":\"WebPage\",\"@id\":\"https:\/\/spelmarium.com\/es\/producto\/sabo-artesa-aloe-vera\/\",\"url\":\"https:\/\/spelmarium.com\/es\/producto\/sabo-artesa-aloe-vera\/\",\"name\":\"Sab\u00f3 artes\u00e0 - Aloe Vera - Spelmarium\",\"isPartOf\":{\"@id\":\"https:\/\/spelmarium.com\/es\/#website\"},\"primaryImageOfPage\":{\"@id\":\"https:\/\/spelmarium.com\/es\/producto\/sabo-artesa-aloe-vera\/#primaryimage\"},\"image\":{\"@id\":\"https:\/\/spelmarium.com\/es\/producto\/sabo-artesa-aloe-vera\/#primaryimage\"},\"thumbnailUrl\":\"https:\/\/spelmarium.com\/wp-content\/uploads\/2026\/02\/jabon_artesano_aloe_vera.webp\",\"datePublished\":\"2026-02-14T19:40:57+00:00\",\"breadcrumb\":{\"@id\":\"https:\/\/spelmarium.com\/es\/producto\/sabo-artesa-aloe-vera\/#breadcrumb\"},\"inLanguage\":\"es\",\"potentialAction\":[{\"@type\":\"ReadAction\",\"target\":[\"https:\/\/spelmarium.com\/es\/producto\/sabo-artesa-aloe-vera\/\"]}]},{\"@type\":\"ImageObject\",\"inLanguage\":\"es\",\"@id\":\"https:\/\/spelmarium.com\/es\/producto\/sabo-artesa-aloe-vera\/#primaryimage\",\"url\":\"https:\/\/spelmarium.com\/wp-content\/uploads\/2026\/02\/jabon_artesano_aloe_vera.webp\",\"contentUrl\":\"https:\/\/spelmarium.com\/wp-content\/uploads\/2026\/02\/jabon_artesano_aloe_vera.webp\",\"width\":1080,\"height\":1080},{\"@type\":\"BreadcrumbList\",\"@id\":\"https:\/\/spelmarium.com\/es\/producto\/sabo-artesa-aloe-vera\/#breadcrumb\",\"itemListElement\":[{\"@type\":\"ListItem\",\"position\":1,\"name\":\"Inici\",\"item\":\"https:\/\/spelmarium.com\/\"},{\"@type\":\"ListItem\",\"position\":2,\"name\":\"Shop\",\"item\":\"https:\/\/spelmarium.com\/shop\/\"},{\"@type\":\"ListItem\",\"position\":3,\"name\":\"Sab\u00f3 artes\u00e0 &#8211; Aloe Vera\"}]},{\"@type\":\"WebSite\",\"@id\":\"https:\/\/spelmarium.com\/es\/#website\",\"url\":\"https:\/\/spelmarium.com\/es\/\",\"name\":\"Spelmarium\",\"description\":\"\",\"publisher\":{\"@id\":\"https:\/\/spelmarium.com\/es\/#organization\"},\"potentialAction\":[{\"@type\":\"SearchAction\",\"target\":{\"@type\":\"EntryPoint\",\"urlTemplate\":\"https:\/\/spelmarium.com\/es\/?s={search_term_string}\"},\"query-input\":{\"@type\":\"PropertyValueSpecification\",\"valueRequired\":true,\"valueName\":\"search_term_string\"}}],\"inLanguage\":\"es\"},{\"@type\":\"Organization\",\"@id\":\"https:\/\/spelmarium.com\/es\/#organization\",\"name\":\"Bisbal Tech\",\"url\":\"https:\/\/spelmarium.com\/es\/\",\"logo\":{\"@type\":\"ImageObject\",\"inLanguage\":\"es\",\"@id\":\"https:\/\/spelmarium.com\/es\/#\/schema\/logo\/image\/\",\"url\":\"https:\/\/spelmarium.com\/wp-content\/uploads\/2025\/08\/cropped-3.png\",\"contentUrl\":\"https:\/\/spelmarium.com\/wp-content\/uploads\/2025\/08\/cropped-3.png\",\"width\":252,\"height\":100,\"caption\":\"Bisbal Tech\"},\"image\":{\"@id\":\"https:\/\/spelmarium.com\/es\/#\/schema\/logo\/image\/\"},\"sameAs\":[\"https:\/\/instagram.com\/ladywassi\"]}]}<\/script>\n<!-- \/ Yoast SEO plugin. -->","yoast_head_json":{"title":"Sab\u00f3 artes\u00e0 - Aloe Vera - Spelmarium","robots":{"index":"index","follow":"follow","max-snippet":"max-snippet:-1","max-image-preview":"max-image-preview:large","max-video-preview":"max-video-preview:-1"},"canonical":"https:\/\/spelmarium.com\/es\/producto\/sabo-artesa-aloe-vera\/","og_locale":"es_ES","og_type":"article","og_title":"Sab\u00f3 artes\u00e0 - Aloe Vera - Spelmarium","og_description":"Aquest sab\u00f3, elaborat amb un alt contingut d&#8217;Aloe Vera, \u00e9s un veritable aliat pel teu benestar. La seva f\u00f3rmula ajuda a reestructurar la pell danyada, alleujar les al\u00b7l\u00e8rgies i les descamacions. El seu efecte analg\u00e8sic i antiinflamatori el converteix en el company perfecte per calmar la pell despr\u00e9s de l&#8217;exposici\u00f3 solar. Sabem que la hidrataci\u00f3 [...]","og_url":"https:\/\/spelmarium.com\/es\/producto\/sabo-artesa-aloe-vera\/","og_site_name":"Spelmarium","og_image":[{"width":1080,"height":1080,"url":"https:\/\/spelmarium.com\/wp-content\/uploads\/2026\/02\/jabon_artesano_aloe_vera.webp","type":"image\/webp"}],"twitter_card":"summary_large_image","twitter_misc":{"Tiempo de lectura":"2 minutos"},"schema":{"@context":"https:\/\/schema.org","@graph":[{"@type":"WebPage","@id":"https:\/\/spelmarium.com\/es\/producto\/sabo-artesa-aloe-vera\/","url":"https:\/\/spelmarium.com\/es\/producto\/sabo-artesa-aloe-vera\/","name":"Sab\u00f3 artes\u00e0 - Aloe Vera - Spelmarium","isPartOf":{"@id":"https:\/\/spelmarium.com\/es\/#website"},"primaryImageOfPage":{"@id":"https:\/\/spelmarium.com\/es\/producto\/sabo-artesa-aloe-vera\/#primaryimage"},"image":{"@id":"https:\/\/spelmarium.com\/es\/producto\/sabo-artesa-aloe-vera\/#primaryimage"},"thumbnailUrl":"https:\/\/spelmarium.com\/wp-content\/uploads\/2026\/02\/jabon_artesano_aloe_vera.webp","datePublished":"2026-02-14T19:40:57+00:00","breadcrumb":{"@id":"https:\/\/spelmarium.com\/es\/producto\/sabo-artesa-aloe-vera\/#breadcrumb"},"inLanguage":"es","potentialAction":[{"@type":"ReadAction","target":["https:\/\/spelmarium.com\/es\/producto\/sabo-artesa-aloe-vera\/"]}]},{"@type":"ImageObject","inLanguage":"es","@id":"https:\/\/spelmarium.com\/es\/producto\/sabo-artesa-aloe-vera\/#primaryimage","url":"https:\/\/spelmarium.com\/wp-content\/uploads\/2026\/02\/jabon_artesano_aloe_vera.webp","contentUrl":"https:\/\/spelmarium.com\/wp-content\/uploads\/2026\/02\/jabon_artesano_aloe_vera.webp","width":1080,"height":1080},{"@type":"BreadcrumbList","@id":"https:\/\/spelmarium.com\/es\/producto\/sabo-artesa-aloe-vera\/#breadcrumb","itemListElement":[{"@type":"ListItem","position":1,"name":"Inici","item":"https:\/\/spelmarium.com\/"},{"@type":"ListItem","position":2,"name":"Shop","item":"https:\/\/spelmarium.com\/shop\/"},{"@type":"ListItem","position":3,"name":"Sab\u00f3 artes\u00e0 &#8211; Aloe Vera"}]},{"@type":"WebSite","@id":"https:\/\/spelmarium.com\/es\/#website","url":"https:\/\/spelmarium.com\/es\/","name":"Spelmarium","description":"","publisher":{"@id":"https:\/\/spelmarium.com\/es\/#organization"},"potentialAction":[{"@type":"SearchAction","target":{"@type":"EntryPoint","urlTemplate":"https:\/\/spelmarium.com\/es\/?s={search_term_string}"},"query-input":{"@type":"PropertyValueSpecification","valueRequired":true,"valueName":"search_term_string"}}],"inLanguage":"es"},{"@type":"Organization","@id":"https:\/\/spelmarium.com\/es\/#organization","name":"Bisbal Tech","url":"https:\/\/spelmarium.com\/es\/","logo":{"@type":"ImageObject","inLanguage":"es","@id":"https:\/\/spelmarium.com\/es\/#\/schema\/logo\/image\/","url":"https:\/\/spelmarium.com\/wp-content\/uploads\/2025\/08\/cropped-3.png","contentUrl":"https:\/\/spelmarium.com\/wp-content\/uploads\/2025\/08\/cropped-3.png","width":252,"height":100,"caption":"Bisbal Tech"},"image":{"@id":"https:\/\/spelmarium.com\/es\/#\/schema\/logo\/image\/"},"sameAs":["https:\/\/instagram.com\/ladywassi"]}]}},"_links":{"self":[{"href":"https:\/\/spelmarium.com\/es\/wp-json\/wp\/v2\/product\/2246","targetHints":{"allow":["GET"]}}],"collection":[{"href":"https:\/\/spelmarium.com\/es\/wp-json\/wp\/v2\/product"}],"about":[{"href":"https:\/\/spelmarium.com\/es\/wp-json\/wp\/v2\/types\/product"}],"replies":[{"embeddable":true,"href":"https:\/\/spelmarium.com\/es\/wp-json\/wp\/v2\/comments?post=2246"}],"wp:featuredmedia":[{"embeddable":true,"href":"https:\/\/spelmarium.com\/es\/wp-json\/wp\/v2\/media\/2208"}],"wp:attachment":[{"href":"https:\/\/spelmarium.com\/es\/wp-json\/wp\/v2\/media?parent=2246"}],"wp:term":[{"taxonomy":"product_brand","embeddable":true,"href":"https:\/\/spelmarium.com\/es\/wp-json\/wp\/v2\/product_brand?post=2246"},{"taxonomy":"product_cat","embeddable":true,"href":"https:\/\/spelmarium.com\/es\/wp-json\/wp\/v2\/product_cat?post=2246"},{"taxonomy":"product_tag","embeddable":true,"href":"https:\/\/spelmarium.com\/es\/wp-json\/wp\/v2\/product_tag?post=2246"}],"curies":[{"name":"wp","href":"https:\/\/api.w.org\/{rel}","templated":true}]}}