{"id":2248,"date":"2026-02-14T21:50:43","date_gmt":"2026-02-14T19:50:43","guid":{"rendered":"https:\/\/spelmarium.com\/?post_type=product&#038;p=2248"},"modified":"2026-02-14T21:50:43","modified_gmt":"2026-02-14T19:50:43","slug":"sabo-artesa-manteca-de-karite","status":"publish","type":"product","link":"https:\/\/spelmarium.com\/es\/producto\/sabo-artesa-manteca-de-karite\/","title":{"rendered":"Sab\u00f3 artes\u00e0 &#8211; Manteca de karit\u00e9"},"content":{"rendered":"<div>La Manteca de karit\u00e9 se extrae de las nueces del arb\u00f3l africano de karit\u00e9. Es una manteca rica en vitaminas.<\/p>\n<\/div>\n<div>Esta manteca act\u00faa recubriendo la piel con una pel\u00edcula invisible que evita la deshidrataci\u00f3n y la protege de las agresiones externas.<\/div>\n<div><\/div>\n<div>Es un excelente regenerador celular natural, que previene el envejecimiento de la piel y la formaci\u00f3n de estr\u00edas y arrugas. Otorga elasticidad y firmeza a la piel.<\/div>\n<div><\/div>\n<div>Es antiirritante, apto para pieles enrojecidas, hiper-reactivas o con tendencia al\u00e9rgica.<\/div>\n<p>Ingredients (INCI): Sodium Olivate, Sodium Cocoate, Aqua, Glycerin, Parfum, Butyrospermum Parkii Butter, Olea Europaea Fruit Oil, Eugenol*, Linalool*, Citronellol*, Coumarin*, Geraniol*, Tocopheryl Acetate, CI 14720 Butylphenylmethylpropional*, CE 17200, CE 50420<\/p>\n<p>*Procedent dels olis essencials continguts en el perfum.<\/p>","protected":false},"excerpt":{"rendered":"<p>La Manteca de karit\u00e9 se extrae de las nueces del arb\u00f3l africano de karit\u00e9. Es una manteca rica en vitaminas. Esta manteca act\u00faa recubriendo la piel con una pel\u00edcula invisible que evita la deshidrataci\u00f3n y la protege de las agresiones externas. Es un excelente regenerador celular natural, que previene el envejecimiento de la piel y [&#8230;]\n","protected":false},"featured_media":2212,"comment_status":"open","ping_status":"closed","template":"","meta":[],"product_brand":[],"product_cat":[76,73],"product_tag":[],"class_list":{"0":"post-2248","1":"product","2":"type-product","3":"status-publish","4":"has-post-thumbnail","6":"product_cat-sabo_artesa","7":"product_cat-sabons","9":"first","10":"instock","11":"taxable","12":"shipping-taxable","13":"purchasable","14":"product-type-simple"},"yoast_head":"<!-- This site is optimized with the Yoast SEO plugin v27.2 - https:\/\/yoast.com\/product\/yoast-seo-wordpress\/ -->\n<title>Sab\u00f3 artes\u00e0 - Manteca de karit\u00e9 - Spelmarium<\/title>\n<meta name=\"robots\" content=\"index, follow, max-snippet:-1, max-image-preview:large, max-video-preview:-1\" \/>\n<link rel=\"canonical\" href=\"https:\/\/spelmarium.com\/es\/producto\/sabo-artesa-manteca-de-karite\/\" \/>\n<meta property=\"og:locale\" content=\"es_ES\" \/>\n<meta property=\"og:type\" content=\"article\" \/>\n<meta property=\"og:title\" content=\"Sab\u00f3 artes\u00e0 - Manteca de karit\u00e9 - Spelmarium\" \/>\n<meta property=\"og:description\" content=\"La Manteca de karit\u00e9 se extrae de las nueces del arb\u00f3l africano de karit\u00e9. Es una manteca rica en vitaminas. Esta manteca act\u00faa recubriendo la piel con una pel\u00edcula invisible que evita la deshidrataci\u00f3n y la protege de las agresiones externas. Es un excelente regenerador celular natural, que previene el envejecimiento de la piel y [...]\" \/>\n<meta property=\"og:url\" content=\"https:\/\/spelmarium.com\/es\/producto\/sabo-artesa-manteca-de-karite\/\" \/>\n<meta property=\"og:site_name\" content=\"Spelmarium\" \/>\n<meta property=\"og:image\" content=\"https:\/\/spelmarium.com\/wp-content\/uploads\/2026\/02\/jabon_artesano_manteca_de_karite.webp\" \/>\n\t<meta property=\"og:image:width\" content=\"1080\" \/>\n\t<meta property=\"og:image:height\" content=\"1081\" \/>\n\t<meta property=\"og:image:type\" content=\"image\/webp\" \/>\n<meta name=\"twitter:card\" content=\"summary_large_image\" \/>\n<meta name=\"twitter:label1\" content=\"Tiempo de lectura\" \/>\n\t<meta name=\"twitter:data1\" content=\"1 minuto\" \/>\n<script type=\"application\/ld+json\" class=\"yoast-schema-graph\">{\"@context\":\"https:\/\/schema.org\",\"@graph\":[{\"@type\":\"WebPage\",\"@id\":\"https:\/\/spelmarium.com\/es\/producto\/sabo-artesa-manteca-de-karite\/\",\"url\":\"https:\/\/spelmarium.com\/es\/producto\/sabo-artesa-manteca-de-karite\/\",\"name\":\"Sab\u00f3 artes\u00e0 - Manteca de karit\u00e9 - Spelmarium\",\"isPartOf\":{\"@id\":\"https:\/\/spelmarium.com\/es\/#website\"},\"primaryImageOfPage\":{\"@id\":\"https:\/\/spelmarium.com\/es\/producto\/sabo-artesa-manteca-de-karite\/#primaryimage\"},\"image\":{\"@id\":\"https:\/\/spelmarium.com\/es\/producto\/sabo-artesa-manteca-de-karite\/#primaryimage\"},\"thumbnailUrl\":\"https:\/\/spelmarium.com\/wp-content\/uploads\/2026\/02\/jabon_artesano_manteca_de_karite.webp\",\"datePublished\":\"2026-02-14T19:50:43+00:00\",\"breadcrumb\":{\"@id\":\"https:\/\/spelmarium.com\/es\/producto\/sabo-artesa-manteca-de-karite\/#breadcrumb\"},\"inLanguage\":\"es\",\"potentialAction\":[{\"@type\":\"ReadAction\",\"target\":[\"https:\/\/spelmarium.com\/es\/producto\/sabo-artesa-manteca-de-karite\/\"]}]},{\"@type\":\"ImageObject\",\"inLanguage\":\"es\",\"@id\":\"https:\/\/spelmarium.com\/es\/producto\/sabo-artesa-manteca-de-karite\/#primaryimage\",\"url\":\"https:\/\/spelmarium.com\/wp-content\/uploads\/2026\/02\/jabon_artesano_manteca_de_karite.webp\",\"contentUrl\":\"https:\/\/spelmarium.com\/wp-content\/uploads\/2026\/02\/jabon_artesano_manteca_de_karite.webp\",\"width\":1080,\"height\":1081},{\"@type\":\"BreadcrumbList\",\"@id\":\"https:\/\/spelmarium.com\/es\/producto\/sabo-artesa-manteca-de-karite\/#breadcrumb\",\"itemListElement\":[{\"@type\":\"ListItem\",\"position\":1,\"name\":\"Inici\",\"item\":\"https:\/\/spelmarium.com\/\"},{\"@type\":\"ListItem\",\"position\":2,\"name\":\"Shop\",\"item\":\"https:\/\/spelmarium.com\/shop\/\"},{\"@type\":\"ListItem\",\"position\":3,\"name\":\"Sab\u00f3 artes\u00e0 &#8211; Manteca de karit\u00e9\"}]},{\"@type\":\"WebSite\",\"@id\":\"https:\/\/spelmarium.com\/es\/#website\",\"url\":\"https:\/\/spelmarium.com\/es\/\",\"name\":\"Spelmarium\",\"description\":\"\",\"publisher\":{\"@id\":\"https:\/\/spelmarium.com\/es\/#organization\"},\"potentialAction\":[{\"@type\":\"SearchAction\",\"target\":{\"@type\":\"EntryPoint\",\"urlTemplate\":\"https:\/\/spelmarium.com\/es\/?s={search_term_string}\"},\"query-input\":{\"@type\":\"PropertyValueSpecification\",\"valueRequired\":true,\"valueName\":\"search_term_string\"}}],\"inLanguage\":\"es\"},{\"@type\":\"Organization\",\"@id\":\"https:\/\/spelmarium.com\/es\/#organization\",\"name\":\"Bisbal Tech\",\"url\":\"https:\/\/spelmarium.com\/es\/\",\"logo\":{\"@type\":\"ImageObject\",\"inLanguage\":\"es\",\"@id\":\"https:\/\/spelmarium.com\/es\/#\/schema\/logo\/image\/\",\"url\":\"https:\/\/spelmarium.com\/wp-content\/uploads\/2025\/08\/cropped-3.png\",\"contentUrl\":\"https:\/\/spelmarium.com\/wp-content\/uploads\/2025\/08\/cropped-3.png\",\"width\":252,\"height\":100,\"caption\":\"Bisbal Tech\"},\"image\":{\"@id\":\"https:\/\/spelmarium.com\/es\/#\/schema\/logo\/image\/\"},\"sameAs\":[\"https:\/\/instagram.com\/ladywassi\"]}]}<\/script>\n<!-- \/ Yoast SEO plugin. -->","yoast_head_json":{"title":"Sab\u00f3 artes\u00e0 - Manteca de karit\u00e9 - Spelmarium","robots":{"index":"index","follow":"follow","max-snippet":"max-snippet:-1","max-image-preview":"max-image-preview:large","max-video-preview":"max-video-preview:-1"},"canonical":"https:\/\/spelmarium.com\/es\/producto\/sabo-artesa-manteca-de-karite\/","og_locale":"es_ES","og_type":"article","og_title":"Sab\u00f3 artes\u00e0 - Manteca de karit\u00e9 - Spelmarium","og_description":"La Manteca de karit\u00e9 se extrae de las nueces del arb\u00f3l africano de karit\u00e9. Es una manteca rica en vitaminas. Esta manteca act\u00faa recubriendo la piel con una pel\u00edcula invisible que evita la deshidrataci\u00f3n y la protege de las agresiones externas. Es un excelente regenerador celular natural, que previene el envejecimiento de la piel y [...]","og_url":"https:\/\/spelmarium.com\/es\/producto\/sabo-artesa-manteca-de-karite\/","og_site_name":"Spelmarium","og_image":[{"width":1080,"height":1081,"url":"https:\/\/spelmarium.com\/wp-content\/uploads\/2026\/02\/jabon_artesano_manteca_de_karite.webp","type":"image\/webp"}],"twitter_card":"summary_large_image","twitter_misc":{"Tiempo de lectura":"1 minuto"},"schema":{"@context":"https:\/\/schema.org","@graph":[{"@type":"WebPage","@id":"https:\/\/spelmarium.com\/es\/producto\/sabo-artesa-manteca-de-karite\/","url":"https:\/\/spelmarium.com\/es\/producto\/sabo-artesa-manteca-de-karite\/","name":"Sab\u00f3 artes\u00e0 - Manteca de karit\u00e9 - Spelmarium","isPartOf":{"@id":"https:\/\/spelmarium.com\/es\/#website"},"primaryImageOfPage":{"@id":"https:\/\/spelmarium.com\/es\/producto\/sabo-artesa-manteca-de-karite\/#primaryimage"},"image":{"@id":"https:\/\/spelmarium.com\/es\/producto\/sabo-artesa-manteca-de-karite\/#primaryimage"},"thumbnailUrl":"https:\/\/spelmarium.com\/wp-content\/uploads\/2026\/02\/jabon_artesano_manteca_de_karite.webp","datePublished":"2026-02-14T19:50:43+00:00","breadcrumb":{"@id":"https:\/\/spelmarium.com\/es\/producto\/sabo-artesa-manteca-de-karite\/#breadcrumb"},"inLanguage":"es","potentialAction":[{"@type":"ReadAction","target":["https:\/\/spelmarium.com\/es\/producto\/sabo-artesa-manteca-de-karite\/"]}]},{"@type":"ImageObject","inLanguage":"es","@id":"https:\/\/spelmarium.com\/es\/producto\/sabo-artesa-manteca-de-karite\/#primaryimage","url":"https:\/\/spelmarium.com\/wp-content\/uploads\/2026\/02\/jabon_artesano_manteca_de_karite.webp","contentUrl":"https:\/\/spelmarium.com\/wp-content\/uploads\/2026\/02\/jabon_artesano_manteca_de_karite.webp","width":1080,"height":1081},{"@type":"BreadcrumbList","@id":"https:\/\/spelmarium.com\/es\/producto\/sabo-artesa-manteca-de-karite\/#breadcrumb","itemListElement":[{"@type":"ListItem","position":1,"name":"Inici","item":"https:\/\/spelmarium.com\/"},{"@type":"ListItem","position":2,"name":"Shop","item":"https:\/\/spelmarium.com\/shop\/"},{"@type":"ListItem","position":3,"name":"Sab\u00f3 artes\u00e0 &#8211; Manteca de karit\u00e9"}]},{"@type":"WebSite","@id":"https:\/\/spelmarium.com\/es\/#website","url":"https:\/\/spelmarium.com\/es\/","name":"Spelmarium","description":"","publisher":{"@id":"https:\/\/spelmarium.com\/es\/#organization"},"potentialAction":[{"@type":"SearchAction","target":{"@type":"EntryPoint","urlTemplate":"https:\/\/spelmarium.com\/es\/?s={search_term_string}"},"query-input":{"@type":"PropertyValueSpecification","valueRequired":true,"valueName":"search_term_string"}}],"inLanguage":"es"},{"@type":"Organization","@id":"https:\/\/spelmarium.com\/es\/#organization","name":"Bisbal Tech","url":"https:\/\/spelmarium.com\/es\/","logo":{"@type":"ImageObject","inLanguage":"es","@id":"https:\/\/spelmarium.com\/es\/#\/schema\/logo\/image\/","url":"https:\/\/spelmarium.com\/wp-content\/uploads\/2025\/08\/cropped-3.png","contentUrl":"https:\/\/spelmarium.com\/wp-content\/uploads\/2025\/08\/cropped-3.png","width":252,"height":100,"caption":"Bisbal Tech"},"image":{"@id":"https:\/\/spelmarium.com\/es\/#\/schema\/logo\/image\/"},"sameAs":["https:\/\/instagram.com\/ladywassi"]}]}},"_links":{"self":[{"href":"https:\/\/spelmarium.com\/es\/wp-json\/wp\/v2\/product\/2248","targetHints":{"allow":["GET"]}}],"collection":[{"href":"https:\/\/spelmarium.com\/es\/wp-json\/wp\/v2\/product"}],"about":[{"href":"https:\/\/spelmarium.com\/es\/wp-json\/wp\/v2\/types\/product"}],"replies":[{"embeddable":true,"href":"https:\/\/spelmarium.com\/es\/wp-json\/wp\/v2\/comments?post=2248"}],"wp:featuredmedia":[{"embeddable":true,"href":"https:\/\/spelmarium.com\/es\/wp-json\/wp\/v2\/media\/2212"}],"wp:attachment":[{"href":"https:\/\/spelmarium.com\/es\/wp-json\/wp\/v2\/media?parent=2248"}],"wp:term":[{"taxonomy":"product_brand","embeddable":true,"href":"https:\/\/spelmarium.com\/es\/wp-json\/wp\/v2\/product_brand?post=2248"},{"taxonomy":"product_cat","embeddable":true,"href":"https:\/\/spelmarium.com\/es\/wp-json\/wp\/v2\/product_cat?post=2248"},{"taxonomy":"product_tag","embeddable":true,"href":"https:\/\/spelmarium.com\/es\/wp-json\/wp\/v2\/product_tag?post=2248"}],"curies":[{"name":"wp","href":"https:\/\/api.w.org\/{rel}","templated":true}]}}