{"id":2249,"date":"2026-02-14T21:53:28","date_gmt":"2026-02-14T19:53:28","guid":{"rendered":"https:\/\/spelmarium.com\/?post_type=product&#038;p=2249"},"modified":"2026-02-14T21:53:28","modified_gmt":"2026-02-14T19:53:28","slug":"sabo-artesa-rosa-mosqueta","status":"publish","type":"product","link":"https:\/\/spelmarium.com\/es\/producto\/sabo-artesa-rosa-mosqueta\/","title":{"rendered":"Sab\u00f3 artes\u00e0 &#8211; Rosa Mosqueta"},"content":{"rendered":"<p>L\u2019oli de rosa mosqueta \u00e9s un poder\u00f3s aliat per mantenir la pell suau, uniforme i saludable. Gr\u00e0cies al seu alt contingut en \u00e0cids grassos essencials i vitamina E, prev\u00e9 la sequedat, la descamaci\u00f3 i les esquerdes, ajudant a restaurar l\u2019elasticitat i la fermesa de la pell.<\/p>\n<p>La seva acci\u00f3 regeneradora redueix visiblement les estries i les cicatrius, per la qual cosa \u00e9s ideal durant l\u2019embar\u00e0s i el postpart. A m\u00e9s, aclareix les taques fosques i la hiperpigmentaci\u00f3 causades pel sol o l\u2019envelliment, aportant un to m\u00e9s llumin\u00f3s i homogeni.<\/p>\n<p>El seu \u00fas regular retarda els signes de l\u2019envelliment prematur, suavitzant les l\u00ednies d\u2019expressi\u00f3 i revitalitzant la pell. \u00c9s perfecte per aplicar despr\u00e9s de l\u2019exposici\u00f3 solar, p\u00edlings, cremades o depilaci\u00f3, ja que calma i accelera la regeneraci\u00f3 cut\u00e0nia.<\/p>\n<p>Ingredients (INCI): Sodium Olivate, Sodium Cocoate, Aqua, Glycerin, Parfum, Geraniol*, Citronellol*, Rosa Canina Fruit Oil, Rosa Canina Flower, Alpha-Isomethyl Ionone*, Olea Europaea Fruit Oil, Tocopheryl Acetate, Benzyl Alcohol*, CI 45100, CI 17200.<br \/>\n* Procedent dels olis essencials naturals continguts en el perfum.<\/p>","protected":false},"excerpt":{"rendered":"<p>L\u2019oli de rosa mosqueta \u00e9s un poder\u00f3s aliat per mantenir la pell suau, uniforme i saludable. Gr\u00e0cies al seu alt contingut en \u00e0cids grassos essencials i vitamina E, prev\u00e9 la sequedat, la descamaci\u00f3 i les esquerdes, ajudant a restaurar l\u2019elasticitat i la fermesa de la pell. La seva acci\u00f3 regeneradora redueix visiblement les estries i [&#8230;]\n","protected":false},"featured_media":2214,"comment_status":"open","ping_status":"closed","template":"","meta":[],"product_brand":[],"product_cat":[76,73],"product_tag":[],"class_list":{"0":"post-2249","1":"product","2":"type-product","3":"status-publish","4":"has-post-thumbnail","6":"product_cat-sabo_artesa","7":"product_cat-sabons","9":"first","10":"instock","11":"taxable","12":"shipping-taxable","13":"purchasable","14":"product-type-simple"},"yoast_head":"<!-- This site is optimized with the Yoast SEO plugin v27.2 - https:\/\/yoast.com\/product\/yoast-seo-wordpress\/ -->\n<title>Sab\u00f3 artes\u00e0 - Rosa Mosqueta - Spelmarium<\/title>\n<meta name=\"robots\" content=\"index, follow, max-snippet:-1, max-image-preview:large, max-video-preview:-1\" \/>\n<link rel=\"canonical\" href=\"https:\/\/spelmarium.com\/es\/producto\/sabo-artesa-rosa-mosqueta\/\" \/>\n<meta property=\"og:locale\" content=\"es_ES\" \/>\n<meta property=\"og:type\" content=\"article\" \/>\n<meta property=\"og:title\" content=\"Sab\u00f3 artes\u00e0 - Rosa Mosqueta - Spelmarium\" \/>\n<meta property=\"og:description\" content=\"L\u2019oli de rosa mosqueta \u00e9s un poder\u00f3s aliat per mantenir la pell suau, uniforme i saludable. Gr\u00e0cies al seu alt contingut en \u00e0cids grassos essencials i vitamina E, prev\u00e9 la sequedat, la descamaci\u00f3 i les esquerdes, ajudant a restaurar l\u2019elasticitat i la fermesa de la pell. La seva acci\u00f3 regeneradora redueix visiblement les estries i [...]\" \/>\n<meta property=\"og:url\" content=\"https:\/\/spelmarium.com\/es\/producto\/sabo-artesa-rosa-mosqueta\/\" \/>\n<meta property=\"og:site_name\" content=\"Spelmarium\" \/>\n<meta property=\"og:image\" content=\"https:\/\/spelmarium.com\/wp-content\/uploads\/2026\/02\/jabon_artesano_rosa_mosqueta.webp\" \/>\n\t<meta property=\"og:image:width\" content=\"1080\" \/>\n\t<meta property=\"og:image:height\" content=\"1080\" \/>\n\t<meta property=\"og:image:type\" content=\"image\/webp\" \/>\n<meta name=\"twitter:card\" content=\"summary_large_image\" \/>\n<meta name=\"twitter:label1\" content=\"Tiempo de lectura\" \/>\n\t<meta name=\"twitter:data1\" content=\"2 minutos\" \/>\n<script type=\"application\/ld+json\" class=\"yoast-schema-graph\">{\"@context\":\"https:\/\/schema.org\",\"@graph\":[{\"@type\":\"WebPage\",\"@id\":\"https:\/\/spelmarium.com\/es\/producto\/sabo-artesa-rosa-mosqueta\/\",\"url\":\"https:\/\/spelmarium.com\/es\/producto\/sabo-artesa-rosa-mosqueta\/\",\"name\":\"Sab\u00f3 artes\u00e0 - Rosa Mosqueta - Spelmarium\",\"isPartOf\":{\"@id\":\"https:\/\/spelmarium.com\/es\/#website\"},\"primaryImageOfPage\":{\"@id\":\"https:\/\/spelmarium.com\/es\/producto\/sabo-artesa-rosa-mosqueta\/#primaryimage\"},\"image\":{\"@id\":\"https:\/\/spelmarium.com\/es\/producto\/sabo-artesa-rosa-mosqueta\/#primaryimage\"},\"thumbnailUrl\":\"https:\/\/spelmarium.com\/wp-content\/uploads\/2026\/02\/jabon_artesano_rosa_mosqueta.webp\",\"datePublished\":\"2026-02-14T19:53:28+00:00\",\"breadcrumb\":{\"@id\":\"https:\/\/spelmarium.com\/es\/producto\/sabo-artesa-rosa-mosqueta\/#breadcrumb\"},\"inLanguage\":\"es\",\"potentialAction\":[{\"@type\":\"ReadAction\",\"target\":[\"https:\/\/spelmarium.com\/es\/producto\/sabo-artesa-rosa-mosqueta\/\"]}]},{\"@type\":\"ImageObject\",\"inLanguage\":\"es\",\"@id\":\"https:\/\/spelmarium.com\/es\/producto\/sabo-artesa-rosa-mosqueta\/#primaryimage\",\"url\":\"https:\/\/spelmarium.com\/wp-content\/uploads\/2026\/02\/jabon_artesano_rosa_mosqueta.webp\",\"contentUrl\":\"https:\/\/spelmarium.com\/wp-content\/uploads\/2026\/02\/jabon_artesano_rosa_mosqueta.webp\",\"width\":1080,\"height\":1080},{\"@type\":\"BreadcrumbList\",\"@id\":\"https:\/\/spelmarium.com\/es\/producto\/sabo-artesa-rosa-mosqueta\/#breadcrumb\",\"itemListElement\":[{\"@type\":\"ListItem\",\"position\":1,\"name\":\"Inici\",\"item\":\"https:\/\/spelmarium.com\/\"},{\"@type\":\"ListItem\",\"position\":2,\"name\":\"Shop\",\"item\":\"https:\/\/spelmarium.com\/shop\/\"},{\"@type\":\"ListItem\",\"position\":3,\"name\":\"Sab\u00f3 artes\u00e0 &#8211; Rosa Mosqueta\"}]},{\"@type\":\"WebSite\",\"@id\":\"https:\/\/spelmarium.com\/es\/#website\",\"url\":\"https:\/\/spelmarium.com\/es\/\",\"name\":\"Spelmarium\",\"description\":\"\",\"publisher\":{\"@id\":\"https:\/\/spelmarium.com\/es\/#organization\"},\"potentialAction\":[{\"@type\":\"SearchAction\",\"target\":{\"@type\":\"EntryPoint\",\"urlTemplate\":\"https:\/\/spelmarium.com\/es\/?s={search_term_string}\"},\"query-input\":{\"@type\":\"PropertyValueSpecification\",\"valueRequired\":true,\"valueName\":\"search_term_string\"}}],\"inLanguage\":\"es\"},{\"@type\":\"Organization\",\"@id\":\"https:\/\/spelmarium.com\/es\/#organization\",\"name\":\"Bisbal Tech\",\"url\":\"https:\/\/spelmarium.com\/es\/\",\"logo\":{\"@type\":\"ImageObject\",\"inLanguage\":\"es\",\"@id\":\"https:\/\/spelmarium.com\/es\/#\/schema\/logo\/image\/\",\"url\":\"https:\/\/spelmarium.com\/wp-content\/uploads\/2025\/08\/cropped-3.png\",\"contentUrl\":\"https:\/\/spelmarium.com\/wp-content\/uploads\/2025\/08\/cropped-3.png\",\"width\":252,\"height\":100,\"caption\":\"Bisbal Tech\"},\"image\":{\"@id\":\"https:\/\/spelmarium.com\/es\/#\/schema\/logo\/image\/\"},\"sameAs\":[\"https:\/\/instagram.com\/ladywassi\"]}]}<\/script>\n<!-- \/ Yoast SEO plugin. -->","yoast_head_json":{"title":"Sab\u00f3 artes\u00e0 - Rosa Mosqueta - Spelmarium","robots":{"index":"index","follow":"follow","max-snippet":"max-snippet:-1","max-image-preview":"max-image-preview:large","max-video-preview":"max-video-preview:-1"},"canonical":"https:\/\/spelmarium.com\/es\/producto\/sabo-artesa-rosa-mosqueta\/","og_locale":"es_ES","og_type":"article","og_title":"Sab\u00f3 artes\u00e0 - Rosa Mosqueta - Spelmarium","og_description":"L\u2019oli de rosa mosqueta \u00e9s un poder\u00f3s aliat per mantenir la pell suau, uniforme i saludable. Gr\u00e0cies al seu alt contingut en \u00e0cids grassos essencials i vitamina E, prev\u00e9 la sequedat, la descamaci\u00f3 i les esquerdes, ajudant a restaurar l\u2019elasticitat i la fermesa de la pell. La seva acci\u00f3 regeneradora redueix visiblement les estries i [...]","og_url":"https:\/\/spelmarium.com\/es\/producto\/sabo-artesa-rosa-mosqueta\/","og_site_name":"Spelmarium","og_image":[{"width":1080,"height":1080,"url":"https:\/\/spelmarium.com\/wp-content\/uploads\/2026\/02\/jabon_artesano_rosa_mosqueta.webp","type":"image\/webp"}],"twitter_card":"summary_large_image","twitter_misc":{"Tiempo de lectura":"2 minutos"},"schema":{"@context":"https:\/\/schema.org","@graph":[{"@type":"WebPage","@id":"https:\/\/spelmarium.com\/es\/producto\/sabo-artesa-rosa-mosqueta\/","url":"https:\/\/spelmarium.com\/es\/producto\/sabo-artesa-rosa-mosqueta\/","name":"Sab\u00f3 artes\u00e0 - Rosa Mosqueta - Spelmarium","isPartOf":{"@id":"https:\/\/spelmarium.com\/es\/#website"},"primaryImageOfPage":{"@id":"https:\/\/spelmarium.com\/es\/producto\/sabo-artesa-rosa-mosqueta\/#primaryimage"},"image":{"@id":"https:\/\/spelmarium.com\/es\/producto\/sabo-artesa-rosa-mosqueta\/#primaryimage"},"thumbnailUrl":"https:\/\/spelmarium.com\/wp-content\/uploads\/2026\/02\/jabon_artesano_rosa_mosqueta.webp","datePublished":"2026-02-14T19:53:28+00:00","breadcrumb":{"@id":"https:\/\/spelmarium.com\/es\/producto\/sabo-artesa-rosa-mosqueta\/#breadcrumb"},"inLanguage":"es","potentialAction":[{"@type":"ReadAction","target":["https:\/\/spelmarium.com\/es\/producto\/sabo-artesa-rosa-mosqueta\/"]}]},{"@type":"ImageObject","inLanguage":"es","@id":"https:\/\/spelmarium.com\/es\/producto\/sabo-artesa-rosa-mosqueta\/#primaryimage","url":"https:\/\/spelmarium.com\/wp-content\/uploads\/2026\/02\/jabon_artesano_rosa_mosqueta.webp","contentUrl":"https:\/\/spelmarium.com\/wp-content\/uploads\/2026\/02\/jabon_artesano_rosa_mosqueta.webp","width":1080,"height":1080},{"@type":"BreadcrumbList","@id":"https:\/\/spelmarium.com\/es\/producto\/sabo-artesa-rosa-mosqueta\/#breadcrumb","itemListElement":[{"@type":"ListItem","position":1,"name":"Inici","item":"https:\/\/spelmarium.com\/"},{"@type":"ListItem","position":2,"name":"Shop","item":"https:\/\/spelmarium.com\/shop\/"},{"@type":"ListItem","position":3,"name":"Sab\u00f3 artes\u00e0 &#8211; Rosa Mosqueta"}]},{"@type":"WebSite","@id":"https:\/\/spelmarium.com\/es\/#website","url":"https:\/\/spelmarium.com\/es\/","name":"Spelmarium","description":"","publisher":{"@id":"https:\/\/spelmarium.com\/es\/#organization"},"potentialAction":[{"@type":"SearchAction","target":{"@type":"EntryPoint","urlTemplate":"https:\/\/spelmarium.com\/es\/?s={search_term_string}"},"query-input":{"@type":"PropertyValueSpecification","valueRequired":true,"valueName":"search_term_string"}}],"inLanguage":"es"},{"@type":"Organization","@id":"https:\/\/spelmarium.com\/es\/#organization","name":"Bisbal Tech","url":"https:\/\/spelmarium.com\/es\/","logo":{"@type":"ImageObject","inLanguage":"es","@id":"https:\/\/spelmarium.com\/es\/#\/schema\/logo\/image\/","url":"https:\/\/spelmarium.com\/wp-content\/uploads\/2025\/08\/cropped-3.png","contentUrl":"https:\/\/spelmarium.com\/wp-content\/uploads\/2025\/08\/cropped-3.png","width":252,"height":100,"caption":"Bisbal Tech"},"image":{"@id":"https:\/\/spelmarium.com\/es\/#\/schema\/logo\/image\/"},"sameAs":["https:\/\/instagram.com\/ladywassi"]}]}},"_links":{"self":[{"href":"https:\/\/spelmarium.com\/es\/wp-json\/wp\/v2\/product\/2249","targetHints":{"allow":["GET"]}}],"collection":[{"href":"https:\/\/spelmarium.com\/es\/wp-json\/wp\/v2\/product"}],"about":[{"href":"https:\/\/spelmarium.com\/es\/wp-json\/wp\/v2\/types\/product"}],"replies":[{"embeddable":true,"href":"https:\/\/spelmarium.com\/es\/wp-json\/wp\/v2\/comments?post=2249"}],"wp:featuredmedia":[{"embeddable":true,"href":"https:\/\/spelmarium.com\/es\/wp-json\/wp\/v2\/media\/2214"}],"wp:attachment":[{"href":"https:\/\/spelmarium.com\/es\/wp-json\/wp\/v2\/media?parent=2249"}],"wp:term":[{"taxonomy":"product_brand","embeddable":true,"href":"https:\/\/spelmarium.com\/es\/wp-json\/wp\/v2\/product_brand?post=2249"},{"taxonomy":"product_cat","embeddable":true,"href":"https:\/\/spelmarium.com\/es\/wp-json\/wp\/v2\/product_cat?post=2249"},{"taxonomy":"product_tag","embeddable":true,"href":"https:\/\/spelmarium.com\/es\/wp-json\/wp\/v2\/product_tag?post=2249"}],"curies":[{"name":"wp","href":"https:\/\/api.w.org\/{rel}","templated":true}]}}