{"id":2250,"date":"2026-02-14T21:57:25","date_gmt":"2026-02-14T19:57:25","guid":{"rendered":"https:\/\/spelmarium.com\/?post_type=product&#038;p=2250"},"modified":"2026-02-14T21:57:25","modified_gmt":"2026-02-14T19:57:25","slug":"sabo-artesa-alepo","status":"publish","type":"product","link":"https:\/\/spelmarium.com\/es\/producto\/sabo-artesa-alepo\/","title":{"rendered":"Sab\u00f3 artes\u00e0 &#8211; Alepo"},"content":{"rendered":"<p>El nostre sab\u00f3 d\u2019Alep cont\u00e9 una concentraci\u00f3 del 20% d\u2019oli de Baies de Llorer. Les seves principals propietats s\u00f3n antis\u00e8ptiques i bactericides.<\/p>\n<p>Especialment indicat per tractar afeccions de la pell, com ara l\u2019acne o la psoriasi. No cont\u00e9 ingredients qu\u00edmics ni colorants afegits, fet que el fa hipoal\u00b7lerg\u00e8nic i apte per a qualsevol tipus de pell. La seva composici\u00f3 consta \u00fanicament de quatre ingredients.<\/p>\n<p>Ingredients (INCI): Sodium Olivate, Aqua, Laurus Nobilis Fruit Oil Saponified, Glycerin.<\/p>","protected":false},"excerpt":{"rendered":"<p>El nostre sab\u00f3 d\u2019Alep cont\u00e9 una concentraci\u00f3 del 20% d\u2019oli de Baies de Llorer. Les seves principals propietats s\u00f3n antis\u00e8ptiques i bactericides. Especialment indicat per tractar afeccions de la pell, com ara l\u2019acne o la psoriasi. No cont\u00e9 ingredients qu\u00edmics ni colorants afegits, fet que el fa hipoal\u00b7lerg\u00e8nic i apte per a qualsevol tipus de [&#8230;]\n","protected":false},"featured_media":2204,"comment_status":"open","ping_status":"closed","template":"","meta":[],"product_brand":[],"product_cat":[76],"product_tag":[],"class_list":{"0":"post-2250","1":"product","2":"type-product","3":"status-publish","4":"has-post-thumbnail","6":"product_cat-sabo_artesa","8":"first","9":"instock","10":"taxable","11":"shipping-taxable","12":"purchasable","13":"product-type-simple"},"yoast_head":"<!-- This site is optimized with the Yoast SEO plugin v27.2 - https:\/\/yoast.com\/product\/yoast-seo-wordpress\/ -->\n<title>Sab\u00f3 artes\u00e0 - Alepo - Spelmarium<\/title>\n<meta name=\"robots\" content=\"index, follow, max-snippet:-1, max-image-preview:large, max-video-preview:-1\" \/>\n<link rel=\"canonical\" href=\"https:\/\/spelmarium.com\/es\/producto\/sabo-artesa-alepo\/\" \/>\n<meta property=\"og:locale\" content=\"es_ES\" \/>\n<meta property=\"og:type\" content=\"article\" \/>\n<meta property=\"og:title\" content=\"Sab\u00f3 artes\u00e0 - Alepo - Spelmarium\" \/>\n<meta property=\"og:description\" content=\"El nostre sab\u00f3 d\u2019Alep cont\u00e9 una concentraci\u00f3 del 20% d\u2019oli de Baies de Llorer. Les seves principals propietats s\u00f3n antis\u00e8ptiques i bactericides. Especialment indicat per tractar afeccions de la pell, com ara l\u2019acne o la psoriasi. No cont\u00e9 ingredients qu\u00edmics ni colorants afegits, fet que el fa hipoal\u00b7lerg\u00e8nic i apte per a qualsevol tipus de [...]\" \/>\n<meta property=\"og:url\" content=\"https:\/\/spelmarium.com\/es\/producto\/sabo-artesa-alepo\/\" \/>\n<meta property=\"og:site_name\" content=\"Spelmarium\" \/>\n<meta property=\"og:image\" content=\"https:\/\/spelmarium.com\/wp-content\/uploads\/2026\/02\/jabon_artesano_alepo.webp\" \/>\n\t<meta property=\"og:image:width\" content=\"1080\" \/>\n\t<meta property=\"og:image:height\" content=\"1079\" \/>\n\t<meta property=\"og:image:type\" content=\"image\/webp\" \/>\n<meta name=\"twitter:card\" content=\"summary_large_image\" \/>\n<meta name=\"twitter:label1\" content=\"Tiempo de lectura\" \/>\n\t<meta name=\"twitter:data1\" content=\"1 minuto\" \/>\n<script type=\"application\/ld+json\" class=\"yoast-schema-graph\">{\"@context\":\"https:\/\/schema.org\",\"@graph\":[{\"@type\":\"WebPage\",\"@id\":\"https:\/\/spelmarium.com\/es\/producto\/sabo-artesa-alepo\/\",\"url\":\"https:\/\/spelmarium.com\/es\/producto\/sabo-artesa-alepo\/\",\"name\":\"Sab\u00f3 artes\u00e0 - Alepo - Spelmarium\",\"isPartOf\":{\"@id\":\"https:\/\/spelmarium.com\/es\/#website\"},\"primaryImageOfPage\":{\"@id\":\"https:\/\/spelmarium.com\/es\/producto\/sabo-artesa-alepo\/#primaryimage\"},\"image\":{\"@id\":\"https:\/\/spelmarium.com\/es\/producto\/sabo-artesa-alepo\/#primaryimage\"},\"thumbnailUrl\":\"https:\/\/spelmarium.com\/wp-content\/uploads\/2026\/02\/jabon_artesano_alepo.webp\",\"datePublished\":\"2026-02-14T19:57:25+00:00\",\"breadcrumb\":{\"@id\":\"https:\/\/spelmarium.com\/es\/producto\/sabo-artesa-alepo\/#breadcrumb\"},\"inLanguage\":\"es\",\"potentialAction\":[{\"@type\":\"ReadAction\",\"target\":[\"https:\/\/spelmarium.com\/es\/producto\/sabo-artesa-alepo\/\"]}]},{\"@type\":\"ImageObject\",\"inLanguage\":\"es\",\"@id\":\"https:\/\/spelmarium.com\/es\/producto\/sabo-artesa-alepo\/#primaryimage\",\"url\":\"https:\/\/spelmarium.com\/wp-content\/uploads\/2026\/02\/jabon_artesano_alepo.webp\",\"contentUrl\":\"https:\/\/spelmarium.com\/wp-content\/uploads\/2026\/02\/jabon_artesano_alepo.webp\",\"width\":1080,\"height\":1079},{\"@type\":\"BreadcrumbList\",\"@id\":\"https:\/\/spelmarium.com\/es\/producto\/sabo-artesa-alepo\/#breadcrumb\",\"itemListElement\":[{\"@type\":\"ListItem\",\"position\":1,\"name\":\"Inici\",\"item\":\"https:\/\/spelmarium.com\/\"},{\"@type\":\"ListItem\",\"position\":2,\"name\":\"Shop\",\"item\":\"https:\/\/spelmarium.com\/shop\/\"},{\"@type\":\"ListItem\",\"position\":3,\"name\":\"Sab\u00f3 artes\u00e0 &#8211; Alepo\"}]},{\"@type\":\"WebSite\",\"@id\":\"https:\/\/spelmarium.com\/es\/#website\",\"url\":\"https:\/\/spelmarium.com\/es\/\",\"name\":\"Spelmarium\",\"description\":\"\",\"publisher\":{\"@id\":\"https:\/\/spelmarium.com\/es\/#organization\"},\"potentialAction\":[{\"@type\":\"SearchAction\",\"target\":{\"@type\":\"EntryPoint\",\"urlTemplate\":\"https:\/\/spelmarium.com\/es\/?s={search_term_string}\"},\"query-input\":{\"@type\":\"PropertyValueSpecification\",\"valueRequired\":true,\"valueName\":\"search_term_string\"}}],\"inLanguage\":\"es\"},{\"@type\":\"Organization\",\"@id\":\"https:\/\/spelmarium.com\/es\/#organization\",\"name\":\"Bisbal Tech\",\"url\":\"https:\/\/spelmarium.com\/es\/\",\"logo\":{\"@type\":\"ImageObject\",\"inLanguage\":\"es\",\"@id\":\"https:\/\/spelmarium.com\/es\/#\/schema\/logo\/image\/\",\"url\":\"https:\/\/spelmarium.com\/wp-content\/uploads\/2025\/08\/cropped-3.png\",\"contentUrl\":\"https:\/\/spelmarium.com\/wp-content\/uploads\/2025\/08\/cropped-3.png\",\"width\":252,\"height\":100,\"caption\":\"Bisbal Tech\"},\"image\":{\"@id\":\"https:\/\/spelmarium.com\/es\/#\/schema\/logo\/image\/\"},\"sameAs\":[\"https:\/\/instagram.com\/ladywassi\"]}]}<\/script>\n<!-- \/ Yoast SEO plugin. -->","yoast_head_json":{"title":"Sab\u00f3 artes\u00e0 - Alepo - Spelmarium","robots":{"index":"index","follow":"follow","max-snippet":"max-snippet:-1","max-image-preview":"max-image-preview:large","max-video-preview":"max-video-preview:-1"},"canonical":"https:\/\/spelmarium.com\/es\/producto\/sabo-artesa-alepo\/","og_locale":"es_ES","og_type":"article","og_title":"Sab\u00f3 artes\u00e0 - Alepo - Spelmarium","og_description":"El nostre sab\u00f3 d\u2019Alep cont\u00e9 una concentraci\u00f3 del 20% d\u2019oli de Baies de Llorer. Les seves principals propietats s\u00f3n antis\u00e8ptiques i bactericides. Especialment indicat per tractar afeccions de la pell, com ara l\u2019acne o la psoriasi. No cont\u00e9 ingredients qu\u00edmics ni colorants afegits, fet que el fa hipoal\u00b7lerg\u00e8nic i apte per a qualsevol tipus de [...]","og_url":"https:\/\/spelmarium.com\/es\/producto\/sabo-artesa-alepo\/","og_site_name":"Spelmarium","og_image":[{"width":1080,"height":1079,"url":"https:\/\/spelmarium.com\/wp-content\/uploads\/2026\/02\/jabon_artesano_alepo.webp","type":"image\/webp"}],"twitter_card":"summary_large_image","twitter_misc":{"Tiempo de lectura":"1 minuto"},"schema":{"@context":"https:\/\/schema.org","@graph":[{"@type":"WebPage","@id":"https:\/\/spelmarium.com\/es\/producto\/sabo-artesa-alepo\/","url":"https:\/\/spelmarium.com\/es\/producto\/sabo-artesa-alepo\/","name":"Sab\u00f3 artes\u00e0 - Alepo - Spelmarium","isPartOf":{"@id":"https:\/\/spelmarium.com\/es\/#website"},"primaryImageOfPage":{"@id":"https:\/\/spelmarium.com\/es\/producto\/sabo-artesa-alepo\/#primaryimage"},"image":{"@id":"https:\/\/spelmarium.com\/es\/producto\/sabo-artesa-alepo\/#primaryimage"},"thumbnailUrl":"https:\/\/spelmarium.com\/wp-content\/uploads\/2026\/02\/jabon_artesano_alepo.webp","datePublished":"2026-02-14T19:57:25+00:00","breadcrumb":{"@id":"https:\/\/spelmarium.com\/es\/producto\/sabo-artesa-alepo\/#breadcrumb"},"inLanguage":"es","potentialAction":[{"@type":"ReadAction","target":["https:\/\/spelmarium.com\/es\/producto\/sabo-artesa-alepo\/"]}]},{"@type":"ImageObject","inLanguage":"es","@id":"https:\/\/spelmarium.com\/es\/producto\/sabo-artesa-alepo\/#primaryimage","url":"https:\/\/spelmarium.com\/wp-content\/uploads\/2026\/02\/jabon_artesano_alepo.webp","contentUrl":"https:\/\/spelmarium.com\/wp-content\/uploads\/2026\/02\/jabon_artesano_alepo.webp","width":1080,"height":1079},{"@type":"BreadcrumbList","@id":"https:\/\/spelmarium.com\/es\/producto\/sabo-artesa-alepo\/#breadcrumb","itemListElement":[{"@type":"ListItem","position":1,"name":"Inici","item":"https:\/\/spelmarium.com\/"},{"@type":"ListItem","position":2,"name":"Shop","item":"https:\/\/spelmarium.com\/shop\/"},{"@type":"ListItem","position":3,"name":"Sab\u00f3 artes\u00e0 &#8211; Alepo"}]},{"@type":"WebSite","@id":"https:\/\/spelmarium.com\/es\/#website","url":"https:\/\/spelmarium.com\/es\/","name":"Spelmarium","description":"","publisher":{"@id":"https:\/\/spelmarium.com\/es\/#organization"},"potentialAction":[{"@type":"SearchAction","target":{"@type":"EntryPoint","urlTemplate":"https:\/\/spelmarium.com\/es\/?s={search_term_string}"},"query-input":{"@type":"PropertyValueSpecification","valueRequired":true,"valueName":"search_term_string"}}],"inLanguage":"es"},{"@type":"Organization","@id":"https:\/\/spelmarium.com\/es\/#organization","name":"Bisbal Tech","url":"https:\/\/spelmarium.com\/es\/","logo":{"@type":"ImageObject","inLanguage":"es","@id":"https:\/\/spelmarium.com\/es\/#\/schema\/logo\/image\/","url":"https:\/\/spelmarium.com\/wp-content\/uploads\/2025\/08\/cropped-3.png","contentUrl":"https:\/\/spelmarium.com\/wp-content\/uploads\/2025\/08\/cropped-3.png","width":252,"height":100,"caption":"Bisbal Tech"},"image":{"@id":"https:\/\/spelmarium.com\/es\/#\/schema\/logo\/image\/"},"sameAs":["https:\/\/instagram.com\/ladywassi"]}]}},"_links":{"self":[{"href":"https:\/\/spelmarium.com\/es\/wp-json\/wp\/v2\/product\/2250","targetHints":{"allow":["GET"]}}],"collection":[{"href":"https:\/\/spelmarium.com\/es\/wp-json\/wp\/v2\/product"}],"about":[{"href":"https:\/\/spelmarium.com\/es\/wp-json\/wp\/v2\/types\/product"}],"replies":[{"embeddable":true,"href":"https:\/\/spelmarium.com\/es\/wp-json\/wp\/v2\/comments?post=2250"}],"wp:featuredmedia":[{"embeddable":true,"href":"https:\/\/spelmarium.com\/es\/wp-json\/wp\/v2\/media\/2204"}],"wp:attachment":[{"href":"https:\/\/spelmarium.com\/es\/wp-json\/wp\/v2\/media?parent=2250"}],"wp:term":[{"taxonomy":"product_brand","embeddable":true,"href":"https:\/\/spelmarium.com\/es\/wp-json\/wp\/v2\/product_brand?post=2250"},{"taxonomy":"product_cat","embeddable":true,"href":"https:\/\/spelmarium.com\/es\/wp-json\/wp\/v2\/product_cat?post=2250"},{"taxonomy":"product_tag","embeddable":true,"href":"https:\/\/spelmarium.com\/es\/wp-json\/wp\/v2\/product_tag?post=2250"}],"curies":[{"name":"wp","href":"https:\/\/api.w.org\/{rel}","templated":true}]}}