{"id":2269,"date":"2026-02-20T13:26:45","date_gmt":"2026-02-20T11:26:45","guid":{"rendered":"https:\/\/spelmarium.com\/"},"modified":"2026-02-20T20:57:02","modified_gmt":"2026-02-20T18:57:02","slug":"ylang-ylang","status":"publish","type":"product","link":"https:\/\/spelmarium.com\/es\/producto\/ylang-ylang\/","title":{"rendered":"Encens"},"content":{"rendered":"<p>Encens fets a m\u00e0 de Comer\u00e7 Just que tenen cura de la natura i busquen un m\u00f3n m\u00e9s \u00e8tic omplint la teva llar d&#8217;exquisides frag\u00e0ncies.<\/p>\n<p>FET A M\u00c0 100% NATURAL<br \/>\nCERTIFICAT ECOL\u00d2GIC ICEA<br \/>\n100% COMER\u00c7 JUST<br \/>\n100% SOSTENIBLE &#8211; ZERO WASTE<br \/>\nBIO &#8211; VEGUEN &#8211; SENSE PL\u00c0STIC<\/p>\n<p>Paquet: 12 varetes<\/p>\n<p>Temps de combusti\u00f3: 30-40 minuts<\/p>\n<p>eco-friendly, plastic free, social, vegan, organic, FairTrade, handmade<\/p>","protected":false},"excerpt":{"rendered":"<p>Encens fets a m\u00e0 de Comer\u00e7 Just que tenen cura de la natura i busquen un m\u00f3n m\u00e9s \u00e8tic omplint la teva llar d&#8217;exquisides frag\u00e0ncies. FET A M\u00c0 100% NATURAL CERTIFICAT ECOL\u00d2GIC ICEA 100% COMER\u00c7 JUST 100% SOSTENIBLE &#8211; ZERO WASTE BIO &#8211; VEGUEN &#8211; SENSE PL\u00c0STIC Paquet: 12 varetes Temps de combusti\u00f3: 30-40 minuts [&#8230;]\n","protected":false},"featured_media":2254,"comment_status":"open","ping_status":"closed","template":"","meta":[],"product_brand":[],"product_cat":[77],"product_tag":[],"class_list":{"0":"post-2269","1":"product","2":"type-product","3":"status-publish","4":"has-post-thumbnail","6":"product_cat-encens","8":"first","9":"instock","10":"taxable","11":"shipping-taxable","12":"purchasable","13":"product-type-variable"},"yoast_head":"<!-- This site is optimized with the Yoast SEO plugin v27.2 - https:\/\/yoast.com\/product\/yoast-seo-wordpress\/ -->\n<title>Encens - Spelmarium<\/title>\n<meta name=\"robots\" content=\"index, follow, max-snippet:-1, max-image-preview:large, max-video-preview:-1\" \/>\n<link rel=\"canonical\" href=\"https:\/\/spelmarium.com\/es\/producto\/ylang-ylang\/\" \/>\n<meta property=\"og:locale\" content=\"es_ES\" \/>\n<meta property=\"og:type\" content=\"article\" \/>\n<meta property=\"og:title\" content=\"Encens - Spelmarium\" \/>\n<meta property=\"og:description\" content=\"Encens fets a m\u00e0 de Comer\u00e7 Just que tenen cura de la natura i busquen un m\u00f3n m\u00e9s \u00e8tic omplint la teva llar d&#8217;exquisides frag\u00e0ncies. FET A M\u00c0 100% NATURAL CERTIFICAT ECOL\u00d2GIC ICEA 100% COMER\u00c7 JUST 100% SOSTENIBLE &#8211; ZERO WASTE BIO &#8211; VEGUEN &#8211; SENSE PL\u00c0STIC Paquet: 12 varetes Temps de combusti\u00f3: 30-40 minuts [...]\" \/>\n<meta property=\"og:url\" content=\"https:\/\/spelmarium.com\/es\/producto\/ylang-ylang\/\" \/>\n<meta property=\"og:site_name\" content=\"Spelmarium\" \/>\n<meta property=\"article:modified_time\" content=\"2026-02-20T18:57:02+00:00\" \/>\n<meta property=\"og:image\" content=\"https:\/\/spelmarium.com\/wp-content\/uploads\/2026\/02\/encens.webp\" \/>\n\t<meta property=\"og:image:width\" content=\"800\" \/>\n\t<meta property=\"og:image:height\" content=\"940\" \/>\n\t<meta property=\"og:image:type\" content=\"image\/webp\" \/>\n<meta name=\"twitter:card\" content=\"summary_large_image\" \/>\n<meta name=\"twitter:label1\" content=\"Tiempo de lectura\" \/>\n\t<meta name=\"twitter:data1\" content=\"1 minuto\" \/>\n<script type=\"application\/ld+json\" class=\"yoast-schema-graph\">{\"@context\":\"https:\/\/schema.org\",\"@graph\":[{\"@type\":\"WebPage\",\"@id\":\"https:\/\/spelmarium.com\/es\/producto\/ylang-ylang\/\",\"url\":\"https:\/\/spelmarium.com\/es\/producto\/ylang-ylang\/\",\"name\":\"Encens - Spelmarium\",\"isPartOf\":{\"@id\":\"https:\/\/spelmarium.com\/es\/#website\"},\"primaryImageOfPage\":{\"@id\":\"https:\/\/spelmarium.com\/es\/producto\/ylang-ylang\/#primaryimage\"},\"image\":{\"@id\":\"https:\/\/spelmarium.com\/es\/producto\/ylang-ylang\/#primaryimage\"},\"thumbnailUrl\":\"https:\/\/spelmarium.com\/wp-content\/uploads\/2026\/02\/encens.webp\",\"datePublished\":\"2026-02-20T11:26:45+00:00\",\"dateModified\":\"2026-02-20T18:57:02+00:00\",\"breadcrumb\":{\"@id\":\"https:\/\/spelmarium.com\/es\/producto\/ylang-ylang\/#breadcrumb\"},\"inLanguage\":\"es\",\"potentialAction\":[{\"@type\":\"ReadAction\",\"target\":[\"https:\/\/spelmarium.com\/es\/producto\/ylang-ylang\/\"]}]},{\"@type\":\"ImageObject\",\"inLanguage\":\"es\",\"@id\":\"https:\/\/spelmarium.com\/es\/producto\/ylang-ylang\/#primaryimage\",\"url\":\"https:\/\/spelmarium.com\/wp-content\/uploads\/2026\/02\/encens.webp\",\"contentUrl\":\"https:\/\/spelmarium.com\/wp-content\/uploads\/2026\/02\/encens.webp\",\"width\":800,\"height\":940,\"caption\":\"expositor_encens\"},{\"@type\":\"BreadcrumbList\",\"@id\":\"https:\/\/spelmarium.com\/es\/producto\/ylang-ylang\/#breadcrumb\",\"itemListElement\":[{\"@type\":\"ListItem\",\"position\":1,\"name\":\"Inici\",\"item\":\"https:\/\/spelmarium.com\/\"},{\"@type\":\"ListItem\",\"position\":2,\"name\":\"Shop\",\"item\":\"https:\/\/spelmarium.com\/shop\/\"},{\"@type\":\"ListItem\",\"position\":3,\"name\":\"Encens\"}]},{\"@type\":\"WebSite\",\"@id\":\"https:\/\/spelmarium.com\/es\/#website\",\"url\":\"https:\/\/spelmarium.com\/es\/\",\"name\":\"Spelmarium\",\"description\":\"\",\"publisher\":{\"@id\":\"https:\/\/spelmarium.com\/es\/#organization\"},\"potentialAction\":[{\"@type\":\"SearchAction\",\"target\":{\"@type\":\"EntryPoint\",\"urlTemplate\":\"https:\/\/spelmarium.com\/es\/?s={search_term_string}\"},\"query-input\":{\"@type\":\"PropertyValueSpecification\",\"valueRequired\":true,\"valueName\":\"search_term_string\"}}],\"inLanguage\":\"es\"},{\"@type\":\"Organization\",\"@id\":\"https:\/\/spelmarium.com\/es\/#organization\",\"name\":\"Bisbal Tech\",\"url\":\"https:\/\/spelmarium.com\/es\/\",\"logo\":{\"@type\":\"ImageObject\",\"inLanguage\":\"es\",\"@id\":\"https:\/\/spelmarium.com\/es\/#\/schema\/logo\/image\/\",\"url\":\"https:\/\/spelmarium.com\/wp-content\/uploads\/2025\/08\/cropped-3.png\",\"contentUrl\":\"https:\/\/spelmarium.com\/wp-content\/uploads\/2025\/08\/cropped-3.png\",\"width\":252,\"height\":100,\"caption\":\"Bisbal Tech\"},\"image\":{\"@id\":\"https:\/\/spelmarium.com\/es\/#\/schema\/logo\/image\/\"},\"sameAs\":[\"https:\/\/instagram.com\/ladywassi\"]}]}<\/script>\n<!-- \/ Yoast SEO plugin. -->","yoast_head_json":{"title":"Encens - Spelmarium","robots":{"index":"index","follow":"follow","max-snippet":"max-snippet:-1","max-image-preview":"max-image-preview:large","max-video-preview":"max-video-preview:-1"},"canonical":"https:\/\/spelmarium.com\/es\/producto\/ylang-ylang\/","og_locale":"es_ES","og_type":"article","og_title":"Encens - Spelmarium","og_description":"Encens fets a m\u00e0 de Comer\u00e7 Just que tenen cura de la natura i busquen un m\u00f3n m\u00e9s \u00e8tic omplint la teva llar d&#8217;exquisides frag\u00e0ncies. FET A M\u00c0 100% NATURAL CERTIFICAT ECOL\u00d2GIC ICEA 100% COMER\u00c7 JUST 100% SOSTENIBLE &#8211; ZERO WASTE BIO &#8211; VEGUEN &#8211; SENSE PL\u00c0STIC Paquet: 12 varetes Temps de combusti\u00f3: 30-40 minuts [...]","og_url":"https:\/\/spelmarium.com\/es\/producto\/ylang-ylang\/","og_site_name":"Spelmarium","article_modified_time":"2026-02-20T18:57:02+00:00","og_image":[{"width":800,"height":940,"url":"https:\/\/spelmarium.com\/wp-content\/uploads\/2026\/02\/encens.webp","type":"image\/webp"}],"twitter_card":"summary_large_image","twitter_misc":{"Tiempo de lectura":"1 minuto"},"schema":{"@context":"https:\/\/schema.org","@graph":[{"@type":"WebPage","@id":"https:\/\/spelmarium.com\/es\/producto\/ylang-ylang\/","url":"https:\/\/spelmarium.com\/es\/producto\/ylang-ylang\/","name":"Encens - Spelmarium","isPartOf":{"@id":"https:\/\/spelmarium.com\/es\/#website"},"primaryImageOfPage":{"@id":"https:\/\/spelmarium.com\/es\/producto\/ylang-ylang\/#primaryimage"},"image":{"@id":"https:\/\/spelmarium.com\/es\/producto\/ylang-ylang\/#primaryimage"},"thumbnailUrl":"https:\/\/spelmarium.com\/wp-content\/uploads\/2026\/02\/encens.webp","datePublished":"2026-02-20T11:26:45+00:00","dateModified":"2026-02-20T18:57:02+00:00","breadcrumb":{"@id":"https:\/\/spelmarium.com\/es\/producto\/ylang-ylang\/#breadcrumb"},"inLanguage":"es","potentialAction":[{"@type":"ReadAction","target":["https:\/\/spelmarium.com\/es\/producto\/ylang-ylang\/"]}]},{"@type":"ImageObject","inLanguage":"es","@id":"https:\/\/spelmarium.com\/es\/producto\/ylang-ylang\/#primaryimage","url":"https:\/\/spelmarium.com\/wp-content\/uploads\/2026\/02\/encens.webp","contentUrl":"https:\/\/spelmarium.com\/wp-content\/uploads\/2026\/02\/encens.webp","width":800,"height":940,"caption":"expositor_encens"},{"@type":"BreadcrumbList","@id":"https:\/\/spelmarium.com\/es\/producto\/ylang-ylang\/#breadcrumb","itemListElement":[{"@type":"ListItem","position":1,"name":"Inici","item":"https:\/\/spelmarium.com\/"},{"@type":"ListItem","position":2,"name":"Shop","item":"https:\/\/spelmarium.com\/shop\/"},{"@type":"ListItem","position":3,"name":"Encens"}]},{"@type":"WebSite","@id":"https:\/\/spelmarium.com\/es\/#website","url":"https:\/\/spelmarium.com\/es\/","name":"Spelmarium","description":"","publisher":{"@id":"https:\/\/spelmarium.com\/es\/#organization"},"potentialAction":[{"@type":"SearchAction","target":{"@type":"EntryPoint","urlTemplate":"https:\/\/spelmarium.com\/es\/?s={search_term_string}"},"query-input":{"@type":"PropertyValueSpecification","valueRequired":true,"valueName":"search_term_string"}}],"inLanguage":"es"},{"@type":"Organization","@id":"https:\/\/spelmarium.com\/es\/#organization","name":"Bisbal Tech","url":"https:\/\/spelmarium.com\/es\/","logo":{"@type":"ImageObject","inLanguage":"es","@id":"https:\/\/spelmarium.com\/es\/#\/schema\/logo\/image\/","url":"https:\/\/spelmarium.com\/wp-content\/uploads\/2025\/08\/cropped-3.png","contentUrl":"https:\/\/spelmarium.com\/wp-content\/uploads\/2025\/08\/cropped-3.png","width":252,"height":100,"caption":"Bisbal Tech"},"image":{"@id":"https:\/\/spelmarium.com\/es\/#\/schema\/logo\/image\/"},"sameAs":["https:\/\/instagram.com\/ladywassi"]}]}},"_links":{"self":[{"href":"https:\/\/spelmarium.com\/es\/wp-json\/wp\/v2\/product\/2269","targetHints":{"allow":["GET"]}}],"collection":[{"href":"https:\/\/spelmarium.com\/es\/wp-json\/wp\/v2\/product"}],"about":[{"href":"https:\/\/spelmarium.com\/es\/wp-json\/wp\/v2\/types\/product"}],"replies":[{"embeddable":true,"href":"https:\/\/spelmarium.com\/es\/wp-json\/wp\/v2\/comments?post=2269"}],"wp:featuredmedia":[{"embeddable":true,"href":"https:\/\/spelmarium.com\/es\/wp-json\/wp\/v2\/media\/2254"}],"wp:attachment":[{"href":"https:\/\/spelmarium.com\/es\/wp-json\/wp\/v2\/media?parent=2269"}],"wp:term":[{"taxonomy":"product_brand","embeddable":true,"href":"https:\/\/spelmarium.com\/es\/wp-json\/wp\/v2\/product_brand?post=2269"},{"taxonomy":"product_cat","embeddable":true,"href":"https:\/\/spelmarium.com\/es\/wp-json\/wp\/v2\/product_cat?post=2269"},{"taxonomy":"product_tag","embeddable":true,"href":"https:\/\/spelmarium.com\/es\/wp-json\/wp\/v2\/product_tag?post=2269"}],"curies":[{"name":"wp","href":"https:\/\/api.w.org\/{rel}","templated":true}]}}