{"id":407,"date":"2025-04-13T14:06:48","date_gmt":"2025-04-13T12:06:48","guid":{"rendered":"https:\/\/spelmarium.com\/?post_type=product&#038;p=407"},"modified":"2025-08-23T19:56:42","modified_gmt":"2025-08-23T17:56:42","slug":"espelmes-decoratives-espirals","status":"publish","type":"product","link":"https:\/\/spelmarium.com\/es\/producto\/espelmes-decoratives-espirals\/","title":{"rendered":"Decorativas: Espirales"},"content":{"rendered":"<p>Velas decorativas de cera de soja de gran calidad, hechas a mano con la fragancia que t\u00fa elijas.<\/p>\n<p>EXPLOSI\u00d3N FLORAL: Una explosi\u00f3n de flores y frescura. Natural, decorativa y creada para llenar el ambiente de vida.<\/p>\n<p>LAVANDA: Una espiral de calma con aroma a lavanda. Elegante, natural y creada para decorar con esencia.<\/p>\n<p>ROPA LIMPIA: Frescor sofisticado con un coraz\u00f3n floral y un final cremoso y envolvente.<\/p>\n<p>La vela peque\u00f1a tiene un peso de 90 g y la grande un peso de 170 g.<\/p>\n<p>&nbsp;<\/p>\n<p>El color del producto puede variar ligeramente seg\u00fan la configuraci\u00f3n y la calidad de la pantalla de cada dispositivo.<\/p>","protected":false},"excerpt":{"rendered":"<p>Espelmes decoratives de cera de soja de gran qualitat, fetes a m\u00e0 amb la frag\u00e0ncia que tu vulguis. EXPLOSI\u00d3 FLORAL: Una explosi\u00f3 de flors i frescor. Natural, decorativa i creada per omplir l\u2019ambient de vida. LAVANDA: Una espiral de calma amb aroma de lavanda. Elegant, natural i creada per decorar amb ess\u00e8ncia. ROBA NETA: Frescor [&#8230;]\n","protected":false},"featured_media":1398,"comment_status":"open","ping_status":"closed","template":"","meta":[],"product_brand":[],"product_cat":[18,41],"product_tag":[],"class_list":{"0":"post-407","1":"product","2":"type-product","3":"status-publish","4":"has-post-thumbnail","6":"product_cat-espelmes-decoratives","7":"product_cat-espirals","9":"first","10":"instock","11":"taxable","12":"shipping-taxable","13":"purchasable","14":"product-type-variable"},"yoast_head":"<!-- This site is optimized with the Yoast SEO plugin v27.2 - https:\/\/yoast.com\/product\/yoast-seo-wordpress\/ -->\n<title>Decoratives: Espirals - Spelmarium<\/title>\n<meta name=\"description\" content=\"Vela artesanal de cera de soja con forma espiral.\" \/>\n<meta name=\"robots\" content=\"index, follow, max-snippet:-1, max-image-preview:large, max-video-preview:-1\" \/>\n<link rel=\"canonical\" href=\"https:\/\/spelmarium.com\/es\/producto\/espelmes-decoratives-espirals\/\" \/>\n<meta property=\"og:locale\" content=\"es_ES\" \/>\n<meta property=\"og:type\" content=\"article\" \/>\n<meta property=\"og:title\" content=\"Decoratives: Espirals - Spelmarium\" \/>\n<meta property=\"og:description\" content=\"Vela artesanal de cera de soja con forma espiral.\" \/>\n<meta property=\"og:url\" content=\"https:\/\/spelmarium.com\/es\/producto\/espelmes-decoratives-espirals\/\" \/>\n<meta property=\"og:site_name\" content=\"Spelmarium\" \/>\n<meta property=\"article:modified_time\" content=\"2025-08-23T17:56:42+00:00\" \/>\n<meta property=\"og:image\" content=\"https:\/\/spelmarium.com\/wp-content\/uploads\/2025\/08\/velas_soja_espirales_verdes.jpg\" \/>\n\t<meta property=\"og:image:width\" content=\"2000\" \/>\n\t<meta property=\"og:image:height\" content=\"2000\" \/>\n\t<meta property=\"og:image:type\" content=\"image\/jpeg\" \/>\n<meta name=\"twitter:card\" content=\"summary_large_image\" \/>\n<meta name=\"twitter:label1\" content=\"Tiempo de lectura\" \/>\n\t<meta name=\"twitter:data1\" content=\"1 minuto\" \/>\n<script type=\"application\/ld+json\" class=\"yoast-schema-graph\">{\"@context\":\"https:\/\/schema.org\",\"@graph\":[{\"@type\":\"WebPage\",\"@id\":\"https:\/\/spelmarium.com\/es\/producto\/espelmes-decoratives-espirals\/\",\"url\":\"https:\/\/spelmarium.com\/es\/producto\/espelmes-decoratives-espirals\/\",\"name\":\"Decoratives: Espirals - Spelmarium\",\"isPartOf\":{\"@id\":\"https:\/\/spelmarium.com\/es\/#website\"},\"primaryImageOfPage\":{\"@id\":\"https:\/\/spelmarium.com\/es\/producto\/espelmes-decoratives-espirals\/#primaryimage\"},\"image\":{\"@id\":\"https:\/\/spelmarium.com\/es\/producto\/espelmes-decoratives-espirals\/#primaryimage\"},\"thumbnailUrl\":\"https:\/\/spelmarium.com\/wp-content\/uploads\/2025\/08\/velas_soja_espirales_verdes.jpg\",\"datePublished\":\"2025-04-13T12:06:48+00:00\",\"dateModified\":\"2025-08-23T17:56:42+00:00\",\"description\":\"Vela artesanal de cera de soja con forma espiral.\",\"breadcrumb\":{\"@id\":\"https:\/\/spelmarium.com\/es\/producto\/espelmes-decoratives-espirals\/#breadcrumb\"},\"inLanguage\":\"es\",\"potentialAction\":[{\"@type\":\"ReadAction\",\"target\":[\"https:\/\/spelmarium.com\/es\/producto\/espelmes-decoratives-espirals\/\"]}]},{\"@type\":\"ImageObject\",\"inLanguage\":\"es\",\"@id\":\"https:\/\/spelmarium.com\/es\/producto\/espelmes-decoratives-espirals\/#primaryimage\",\"url\":\"https:\/\/spelmarium.com\/wp-content\/uploads\/2025\/08\/velas_soja_espirales_verdes.jpg\",\"contentUrl\":\"https:\/\/spelmarium.com\/wp-content\/uploads\/2025\/08\/velas_soja_espirales_verdes.jpg\",\"width\":2000,\"height\":2000,\"caption\":\"Vela Espiral grande m\u00e1s peque\u00f1a verde\"},{\"@type\":\"BreadcrumbList\",\"@id\":\"https:\/\/spelmarium.com\/es\/producto\/espelmes-decoratives-espirals\/#breadcrumb\",\"itemListElement\":[{\"@type\":\"ListItem\",\"position\":1,\"name\":\"Inici\",\"item\":\"https:\/\/spelmarium.com\/\"},{\"@type\":\"ListItem\",\"position\":2,\"name\":\"Shop\",\"item\":\"https:\/\/spelmarium.com\/shop\/\"},{\"@type\":\"ListItem\",\"position\":3,\"name\":\"Decoratives: Espirals\"}]},{\"@type\":\"WebSite\",\"@id\":\"https:\/\/spelmarium.com\/es\/#website\",\"url\":\"https:\/\/spelmarium.com\/es\/\",\"name\":\"Spelmarium\",\"description\":\"\",\"publisher\":{\"@id\":\"https:\/\/spelmarium.com\/es\/#organization\"},\"potentialAction\":[{\"@type\":\"SearchAction\",\"target\":{\"@type\":\"EntryPoint\",\"urlTemplate\":\"https:\/\/spelmarium.com\/es\/?s={search_term_string}\"},\"query-input\":{\"@type\":\"PropertyValueSpecification\",\"valueRequired\":true,\"valueName\":\"search_term_string\"}}],\"inLanguage\":\"es\"},{\"@type\":\"Organization\",\"@id\":\"https:\/\/spelmarium.com\/es\/#organization\",\"name\":\"Bisbal Tech\",\"url\":\"https:\/\/spelmarium.com\/es\/\",\"logo\":{\"@type\":\"ImageObject\",\"inLanguage\":\"es\",\"@id\":\"https:\/\/spelmarium.com\/es\/#\/schema\/logo\/image\/\",\"url\":\"https:\/\/spelmarium.com\/wp-content\/uploads\/2025\/08\/cropped-3.png\",\"contentUrl\":\"https:\/\/spelmarium.com\/wp-content\/uploads\/2025\/08\/cropped-3.png\",\"width\":252,\"height\":100,\"caption\":\"Bisbal Tech\"},\"image\":{\"@id\":\"https:\/\/spelmarium.com\/es\/#\/schema\/logo\/image\/\"},\"sameAs\":[\"https:\/\/instagram.com\/ladywassi\"]}]}<\/script>\n<!-- \/ Yoast SEO plugin. -->","yoast_head_json":{"title":"Decoratives: Espirals - Spelmarium","description":"Vela artesanal de cera de soja con forma espiral.","robots":{"index":"index","follow":"follow","max-snippet":"max-snippet:-1","max-image-preview":"max-image-preview:large","max-video-preview":"max-video-preview:-1"},"canonical":"https:\/\/spelmarium.com\/es\/producto\/espelmes-decoratives-espirals\/","og_locale":"es_ES","og_type":"article","og_title":"Decoratives: Espirals - Spelmarium","og_description":"Vela artesanal de cera de soja con forma espiral.","og_url":"https:\/\/spelmarium.com\/es\/producto\/espelmes-decoratives-espirals\/","og_site_name":"Spelmarium","article_modified_time":"2025-08-23T17:56:42+00:00","og_image":[{"width":2000,"height":2000,"url":"https:\/\/spelmarium.com\/wp-content\/uploads\/2025\/08\/velas_soja_espirales_verdes.jpg","type":"image\/jpeg"}],"twitter_card":"summary_large_image","twitter_misc":{"Tiempo de lectura":"1 minuto"},"schema":{"@context":"https:\/\/schema.org","@graph":[{"@type":"WebPage","@id":"https:\/\/spelmarium.com\/es\/producto\/espelmes-decoratives-espirals\/","url":"https:\/\/spelmarium.com\/es\/producto\/espelmes-decoratives-espirals\/","name":"Decoratives: Espirals - Spelmarium","isPartOf":{"@id":"https:\/\/spelmarium.com\/es\/#website"},"primaryImageOfPage":{"@id":"https:\/\/spelmarium.com\/es\/producto\/espelmes-decoratives-espirals\/#primaryimage"},"image":{"@id":"https:\/\/spelmarium.com\/es\/producto\/espelmes-decoratives-espirals\/#primaryimage"},"thumbnailUrl":"https:\/\/spelmarium.com\/wp-content\/uploads\/2025\/08\/velas_soja_espirales_verdes.jpg","datePublished":"2025-04-13T12:06:48+00:00","dateModified":"2025-08-23T17:56:42+00:00","description":"Vela artesanal de cera de soja con forma espiral.","breadcrumb":{"@id":"https:\/\/spelmarium.com\/es\/producto\/espelmes-decoratives-espirals\/#breadcrumb"},"inLanguage":"es","potentialAction":[{"@type":"ReadAction","target":["https:\/\/spelmarium.com\/es\/producto\/espelmes-decoratives-espirals\/"]}]},{"@type":"ImageObject","inLanguage":"es","@id":"https:\/\/spelmarium.com\/es\/producto\/espelmes-decoratives-espirals\/#primaryimage","url":"https:\/\/spelmarium.com\/wp-content\/uploads\/2025\/08\/velas_soja_espirales_verdes.jpg","contentUrl":"https:\/\/spelmarium.com\/wp-content\/uploads\/2025\/08\/velas_soja_espirales_verdes.jpg","width":2000,"height":2000,"caption":"Vela Espiral grande m\u00e1s peque\u00f1a verde"},{"@type":"BreadcrumbList","@id":"https:\/\/spelmarium.com\/es\/producto\/espelmes-decoratives-espirals\/#breadcrumb","itemListElement":[{"@type":"ListItem","position":1,"name":"Inici","item":"https:\/\/spelmarium.com\/"},{"@type":"ListItem","position":2,"name":"Shop","item":"https:\/\/spelmarium.com\/shop\/"},{"@type":"ListItem","position":3,"name":"Decoratives: Espirals"}]},{"@type":"WebSite","@id":"https:\/\/spelmarium.com\/es\/#website","url":"https:\/\/spelmarium.com\/es\/","name":"Spelmarium","description":"","publisher":{"@id":"https:\/\/spelmarium.com\/es\/#organization"},"potentialAction":[{"@type":"SearchAction","target":{"@type":"EntryPoint","urlTemplate":"https:\/\/spelmarium.com\/es\/?s={search_term_string}"},"query-input":{"@type":"PropertyValueSpecification","valueRequired":true,"valueName":"search_term_string"}}],"inLanguage":"es"},{"@type":"Organization","@id":"https:\/\/spelmarium.com\/es\/#organization","name":"Bisbal Tech","url":"https:\/\/spelmarium.com\/es\/","logo":{"@type":"ImageObject","inLanguage":"es","@id":"https:\/\/spelmarium.com\/es\/#\/schema\/logo\/image\/","url":"https:\/\/spelmarium.com\/wp-content\/uploads\/2025\/08\/cropped-3.png","contentUrl":"https:\/\/spelmarium.com\/wp-content\/uploads\/2025\/08\/cropped-3.png","width":252,"height":100,"caption":"Bisbal Tech"},"image":{"@id":"https:\/\/spelmarium.com\/es\/#\/schema\/logo\/image\/"},"sameAs":["https:\/\/instagram.com\/ladywassi"]}]}},"_links":{"self":[{"href":"https:\/\/spelmarium.com\/es\/wp-json\/wp\/v2\/product\/407","targetHints":{"allow":["GET"]}}],"collection":[{"href":"https:\/\/spelmarium.com\/es\/wp-json\/wp\/v2\/product"}],"about":[{"href":"https:\/\/spelmarium.com\/es\/wp-json\/wp\/v2\/types\/product"}],"replies":[{"embeddable":true,"href":"https:\/\/spelmarium.com\/es\/wp-json\/wp\/v2\/comments?post=407"}],"wp:featuredmedia":[{"embeddable":true,"href":"https:\/\/spelmarium.com\/es\/wp-json\/wp\/v2\/media\/1398"}],"wp:attachment":[{"href":"https:\/\/spelmarium.com\/es\/wp-json\/wp\/v2\/media?parent=407"}],"wp:term":[{"taxonomy":"product_brand","embeddable":true,"href":"https:\/\/spelmarium.com\/es\/wp-json\/wp\/v2\/product_brand?post=407"},{"taxonomy":"product_cat","embeddable":true,"href":"https:\/\/spelmarium.com\/es\/wp-json\/wp\/v2\/product_cat?post=407"},{"taxonomy":"product_tag","embeddable":true,"href":"https:\/\/spelmarium.com\/es\/wp-json\/wp\/v2\/product_tag?post=407"}],"curies":[{"name":"wp","href":"https:\/\/api.w.org\/{rel}","templated":true}]}}