{"id":900,"date":"2025-07-13T13:03:47","date_gmt":"2025-07-13T11:03:47","guid":{"rendered":"https:\/\/spelmarium.com\/?post_type=product&#038;p=900"},"modified":"2026-02-11T20:41:17","modified_gmt":"2026-02-11T18:41:17","slug":"cremadors","status":"publish","type":"product","link":"https:\/\/spelmarium.com\/es\/producto\/cremadors\/","title":{"rendered":"Quemadores de Esencias"},"content":{"rendered":"","protected":false},"excerpt":{"rendered":"<p>Quemadores de esencias hechos por nosotros a mano, podr\u00e1s utilizar tus <a href=\"https:\/\/spelmarium.com\/es\/categoria-producto\/ambientadors\/waxmelts\/\">waxmelts<\/a> de manera segura y eficiente\u2026<\/p>\n<p>Lo mejor de nuestros quemadores es que est\u00e1n hechos con un material que no deja pasar el calor, por lo tanto podr\u00e1s coger tu quemador mientras est\u00e1 encendido sin miedo a quemarte.<\/p>\n<p><a href=\"https:\/\/spelmarium.com\/es\/producto\/espelmes-tipus-te-sense-aroma\/\">Aqu\u00ed<\/a> podr\u00e1s encontrar velas tipo t\u00e9 para utilizar tus quemadores.<\/p>","protected":false},"featured_media":1536,"comment_status":"open","ping_status":"closed","template":"","meta":[],"product_brand":[],"product_cat":[51],"product_tag":[],"class_list":{"0":"post-900","1":"product","2":"type-product","3":"status-publish","4":"has-post-thumbnail","6":"product_cat-cremadors","8":"first","9":"instock","10":"taxable","11":"shipping-taxable","12":"purchasable","13":"product-type-variable"},"yoast_head":"<!-- This site is optimized with the Yoast SEO plugin v27.2 - https:\/\/yoast.com\/product\/yoast-seo-wordpress\/ -->\n<title>Cremadors d&#039;Ess\u00e8ncies - Spelmarium<\/title>\n<meta name=\"robots\" content=\"index, follow, max-snippet:-1, max-image-preview:large, max-video-preview:-1\" \/>\n<link rel=\"canonical\" href=\"https:\/\/spelmarium.com\/es\/producto\/cremadors\/\" \/>\n<meta property=\"og:locale\" content=\"es_ES\" \/>\n<meta property=\"og:type\" content=\"article\" \/>\n<meta property=\"og:title\" content=\"Cremadors d&#039;Ess\u00e8ncies - Spelmarium\" \/>\n<meta property=\"og:description\" content=\"Cremadors d&#039;ess\u00e8ncies fets per nosaltres a m\u00e0, podr\u00e0s utilitzar els teus waxmelts de manera segura i eficient...  El millor dels nostres cremadors \u00e9s que estan fets amb un material que no deixa passar la calor, per tant podr\u00e0s agafar el teu cremador mentre est\u00e0 enc\u00e8s sense por a cremar-te.  Aqu\u00ed podr\u00e0s trobar espelmes tipus t\u00e9 per utilitzar els teus cremadors.\" \/>\n<meta property=\"og:url\" content=\"https:\/\/spelmarium.com\/es\/producto\/cremadors\/\" \/>\n<meta property=\"og:site_name\" content=\"Spelmarium\" \/>\n<meta property=\"article:modified_time\" content=\"2026-02-11T18:41:17+00:00\" \/>\n<meta property=\"og:image\" content=\"https:\/\/spelmarium.com\/wp-content\/uploads\/2025\/07\/cremadors-1.jpg\" \/>\n\t<meta property=\"og:image:width\" content=\"2000\" \/>\n\t<meta property=\"og:image:height\" content=\"2000\" \/>\n\t<meta property=\"og:image:type\" content=\"image\/jpeg\" \/>\n<meta name=\"twitter:card\" content=\"summary_large_image\" \/>\n<meta name=\"twitter:label1\" content=\"Tiempo de lectura\" \/>\n\t<meta name=\"twitter:data1\" content=\"1 minuto\" \/>\n<script type=\"application\/ld+json\" class=\"yoast-schema-graph\">{\"@context\":\"https:\/\/schema.org\",\"@graph\":[{\"@type\":\"WebPage\",\"@id\":\"https:\/\/spelmarium.com\/es\/producto\/cremadors\/\",\"url\":\"https:\/\/spelmarium.com\/es\/producto\/cremadors\/\",\"name\":\"Cremadors d'Ess\u00e8ncies - Spelmarium\",\"isPartOf\":{\"@id\":\"https:\/\/spelmarium.com\/es\/#website\"},\"primaryImageOfPage\":{\"@id\":\"https:\/\/spelmarium.com\/es\/producto\/cremadors\/#primaryimage\"},\"image\":{\"@id\":\"https:\/\/spelmarium.com\/es\/producto\/cremadors\/#primaryimage\"},\"thumbnailUrl\":\"https:\/\/spelmarium.com\/wp-content\/uploads\/2025\/07\/cremadors-1.jpg\",\"datePublished\":\"2025-07-13T11:03:47+00:00\",\"dateModified\":\"2026-02-11T18:41:17+00:00\",\"breadcrumb\":{\"@id\":\"https:\/\/spelmarium.com\/es\/producto\/cremadors\/#breadcrumb\"},\"inLanguage\":\"es\",\"potentialAction\":[{\"@type\":\"ReadAction\",\"target\":[\"https:\/\/spelmarium.com\/es\/producto\/cremadors\/\"]}]},{\"@type\":\"ImageObject\",\"inLanguage\":\"es\",\"@id\":\"https:\/\/spelmarium.com\/es\/producto\/cremadors\/#primaryimage\",\"url\":\"https:\/\/spelmarium.com\/wp-content\/uploads\/2025\/07\/cremadors-1.jpg\",\"contentUrl\":\"https:\/\/spelmarium.com\/wp-content\/uploads\/2025\/07\/cremadors-1.jpg\",\"width\":2000,\"height\":2000,\"caption\":\"Quemador de esencias\"},{\"@type\":\"BreadcrumbList\",\"@id\":\"https:\/\/spelmarium.com\/es\/producto\/cremadors\/#breadcrumb\",\"itemListElement\":[{\"@type\":\"ListItem\",\"position\":1,\"name\":\"Inici\",\"item\":\"https:\/\/spelmarium.com\/\"},{\"@type\":\"ListItem\",\"position\":2,\"name\":\"Shop\",\"item\":\"https:\/\/spelmarium.com\/shop\/\"},{\"@type\":\"ListItem\",\"position\":3,\"name\":\"Cremadors d&#8217;Ess\u00e8ncies\"}]},{\"@type\":\"WebSite\",\"@id\":\"https:\/\/spelmarium.com\/es\/#website\",\"url\":\"https:\/\/spelmarium.com\/es\/\",\"name\":\"Spelmarium\",\"description\":\"\",\"publisher\":{\"@id\":\"https:\/\/spelmarium.com\/es\/#organization\"},\"potentialAction\":[{\"@type\":\"SearchAction\",\"target\":{\"@type\":\"EntryPoint\",\"urlTemplate\":\"https:\/\/spelmarium.com\/es\/?s={search_term_string}\"},\"query-input\":{\"@type\":\"PropertyValueSpecification\",\"valueRequired\":true,\"valueName\":\"search_term_string\"}}],\"inLanguage\":\"es\"},{\"@type\":\"Organization\",\"@id\":\"https:\/\/spelmarium.com\/es\/#organization\",\"name\":\"Bisbal Tech\",\"url\":\"https:\/\/spelmarium.com\/es\/\",\"logo\":{\"@type\":\"ImageObject\",\"inLanguage\":\"es\",\"@id\":\"https:\/\/spelmarium.com\/es\/#\/schema\/logo\/image\/\",\"url\":\"https:\/\/spelmarium.com\/wp-content\/uploads\/2025\/08\/cropped-3.png\",\"contentUrl\":\"https:\/\/spelmarium.com\/wp-content\/uploads\/2025\/08\/cropped-3.png\",\"width\":252,\"height\":100,\"caption\":\"Bisbal Tech\"},\"image\":{\"@id\":\"https:\/\/spelmarium.com\/es\/#\/schema\/logo\/image\/\"},\"sameAs\":[\"https:\/\/instagram.com\/ladywassi\"]}]}<\/script>\n<!-- \/ Yoast SEO plugin. -->","yoast_head_json":{"title":"Cremadors d'Ess\u00e8ncies - Spelmarium","robots":{"index":"index","follow":"follow","max-snippet":"max-snippet:-1","max-image-preview":"max-image-preview:large","max-video-preview":"max-video-preview:-1"},"canonical":"https:\/\/spelmarium.com\/es\/producto\/cremadors\/","og_locale":"es_ES","og_type":"article","og_title":"Cremadors d'Ess\u00e8ncies - Spelmarium","og_description":"Cremadors d'ess\u00e8ncies fets per nosaltres a m\u00e0, podr\u00e0s utilitzar els teus waxmelts de manera segura i eficient...  El millor dels nostres cremadors \u00e9s que estan fets amb un material que no deixa passar la calor, per tant podr\u00e0s agafar el teu cremador mentre est\u00e0 enc\u00e8s sense por a cremar-te.  Aqu\u00ed podr\u00e0s trobar espelmes tipus t\u00e9 per utilitzar els teus cremadors.","og_url":"https:\/\/spelmarium.com\/es\/producto\/cremadors\/","og_site_name":"Spelmarium","article_modified_time":"2026-02-11T18:41:17+00:00","og_image":[{"width":2000,"height":2000,"url":"https:\/\/spelmarium.com\/wp-content\/uploads\/2025\/07\/cremadors-1.jpg","type":"image\/jpeg"}],"twitter_card":"summary_large_image","twitter_misc":{"Tiempo de lectura":"1 minuto"},"schema":{"@context":"https:\/\/schema.org","@graph":[{"@type":"WebPage","@id":"https:\/\/spelmarium.com\/es\/producto\/cremadors\/","url":"https:\/\/spelmarium.com\/es\/producto\/cremadors\/","name":"Cremadors d'Ess\u00e8ncies - Spelmarium","isPartOf":{"@id":"https:\/\/spelmarium.com\/es\/#website"},"primaryImageOfPage":{"@id":"https:\/\/spelmarium.com\/es\/producto\/cremadors\/#primaryimage"},"image":{"@id":"https:\/\/spelmarium.com\/es\/producto\/cremadors\/#primaryimage"},"thumbnailUrl":"https:\/\/spelmarium.com\/wp-content\/uploads\/2025\/07\/cremadors-1.jpg","datePublished":"2025-07-13T11:03:47+00:00","dateModified":"2026-02-11T18:41:17+00:00","breadcrumb":{"@id":"https:\/\/spelmarium.com\/es\/producto\/cremadors\/#breadcrumb"},"inLanguage":"es","potentialAction":[{"@type":"ReadAction","target":["https:\/\/spelmarium.com\/es\/producto\/cremadors\/"]}]},{"@type":"ImageObject","inLanguage":"es","@id":"https:\/\/spelmarium.com\/es\/producto\/cremadors\/#primaryimage","url":"https:\/\/spelmarium.com\/wp-content\/uploads\/2025\/07\/cremadors-1.jpg","contentUrl":"https:\/\/spelmarium.com\/wp-content\/uploads\/2025\/07\/cremadors-1.jpg","width":2000,"height":2000,"caption":"Quemador de esencias"},{"@type":"BreadcrumbList","@id":"https:\/\/spelmarium.com\/es\/producto\/cremadors\/#breadcrumb","itemListElement":[{"@type":"ListItem","position":1,"name":"Inici","item":"https:\/\/spelmarium.com\/"},{"@type":"ListItem","position":2,"name":"Shop","item":"https:\/\/spelmarium.com\/shop\/"},{"@type":"ListItem","position":3,"name":"Cremadors d&#8217;Ess\u00e8ncies"}]},{"@type":"WebSite","@id":"https:\/\/spelmarium.com\/es\/#website","url":"https:\/\/spelmarium.com\/es\/","name":"Spelmarium","description":"","publisher":{"@id":"https:\/\/spelmarium.com\/es\/#organization"},"potentialAction":[{"@type":"SearchAction","target":{"@type":"EntryPoint","urlTemplate":"https:\/\/spelmarium.com\/es\/?s={search_term_string}"},"query-input":{"@type":"PropertyValueSpecification","valueRequired":true,"valueName":"search_term_string"}}],"inLanguage":"es"},{"@type":"Organization","@id":"https:\/\/spelmarium.com\/es\/#organization","name":"Bisbal Tech","url":"https:\/\/spelmarium.com\/es\/","logo":{"@type":"ImageObject","inLanguage":"es","@id":"https:\/\/spelmarium.com\/es\/#\/schema\/logo\/image\/","url":"https:\/\/spelmarium.com\/wp-content\/uploads\/2025\/08\/cropped-3.png","contentUrl":"https:\/\/spelmarium.com\/wp-content\/uploads\/2025\/08\/cropped-3.png","width":252,"height":100,"caption":"Bisbal Tech"},"image":{"@id":"https:\/\/spelmarium.com\/es\/#\/schema\/logo\/image\/"},"sameAs":["https:\/\/instagram.com\/ladywassi"]}]}},"_links":{"self":[{"href":"https:\/\/spelmarium.com\/es\/wp-json\/wp\/v2\/product\/900","targetHints":{"allow":["GET"]}}],"collection":[{"href":"https:\/\/spelmarium.com\/es\/wp-json\/wp\/v2\/product"}],"about":[{"href":"https:\/\/spelmarium.com\/es\/wp-json\/wp\/v2\/types\/product"}],"replies":[{"embeddable":true,"href":"https:\/\/spelmarium.com\/es\/wp-json\/wp\/v2\/comments?post=900"}],"wp:featuredmedia":[{"embeddable":true,"href":"https:\/\/spelmarium.com\/es\/wp-json\/wp\/v2\/media\/1536"}],"wp:attachment":[{"href":"https:\/\/spelmarium.com\/es\/wp-json\/wp\/v2\/media?parent=900"}],"wp:term":[{"taxonomy":"product_brand","embeddable":true,"href":"https:\/\/spelmarium.com\/es\/wp-json\/wp\/v2\/product_brand?post=900"},{"taxonomy":"product_cat","embeddable":true,"href":"https:\/\/spelmarium.com\/es\/wp-json\/wp\/v2\/product_cat?post=900"},{"taxonomy":"product_tag","embeddable":true,"href":"https:\/\/spelmarium.com\/es\/wp-json\/wp\/v2\/product_tag?post=900"}],"curies":[{"name":"wp","href":"https:\/\/api.w.org\/{rel}","templated":true}]}}